{"id":3767,"date":"2023-06-19T19:04:55","date_gmt":"2023-06-19T19:04:55","guid":{"rendered":"https:\/\/cleceseguridad.com\/politica-de-cookies\/"},"modified":"2024-03-18T14:23:22","modified_gmt":"2024-03-18T14:23:22","slug":"politica-de-cookies","status":"publish","type":"page","link":"https:\/\/cleceseguridad.com\/pt\/politica-de-cookies\/","title":{"rendered":"Pol\u00edtica de Cookies"},"content":{"rendered":"\n<div style=\"height:25px\" aria-hidden=\"true\" class=\"wp-block-spacer\"><\/div>\n\n\n\n<h1 class=\"wp-block-heading\">Pol\u00edtica de Cookies<\/h1>\n\n\n\n<div style=\"height:25px\" aria-hidden=\"true\" class=\"wp-block-spacer\"><\/div>\n\n\n\n<h2 class=\"wp-block-heading\">Introdu\u00e7\u00e3o<\/h2>\n\n\n\n<p>O propriet\u00e1rio do s\u00edtio Web http:\/\/www.cleceseguridad.com\/ \u00e9 a Clece Seguridad, S.A.<\/p>\n\n\n\n<p>A CLECE SEGURIDAD, S.A., em cumprimento do disposto no artigo 22 da Lei 34\/2002, de 11 de julho, relativamente a servi\u00e7os da sociedade da informa\u00e7\u00e3o e do com\u00e9rcio eletr\u00f3nico, coloca \u00e0 disposi\u00e7\u00e3o dos Utilizadores informa\u00e7\u00e3o sobre cookies, o que s\u00e3o cookies, que tipos de cookies s\u00e3o instalados no computador do Utilizador (doravante &#8220;equipamento&#8221;) quando visita o nosso site, e qual \u00e9 a finalidade da utiliza\u00e7\u00e3o de cookies.<\/p>\n\n\n\n<div style=\"height:25px\" aria-hidden=\"true\" class=\"wp-block-spacer\"><\/div>\n\n\n\n<h2 class=\"wp-block-heading\">O que s\u00e3o cookies?<\/h2>\n\n\n\n<p>Um &#8220;cookie&#8221; \u00e9 um elemento de dados que um s\u00edtio Web pode enviar para o seu navegador e que pode ser armazenado no seu sistema.<\/p>\n\n\n\n<p>Um cookie \u00e9 um pequeno ficheiro de texto que um fornecedor de servi\u00e7os online (como www.cleceseguridad.com\/) instala no equipamento dos visitantes do seu s\u00edtio Web. Os cookies podem recolher informa\u00e7\u00f5es sobre os h\u00e1bitos dos visitantes em rela\u00e7\u00e3o \u00e0 sua utiliza\u00e7\u00e3o desse s\u00edtio Web, registando as atividades do seu equipamento em rela\u00e7\u00e3o a esse s\u00edtio Web, por exemplo, quando faz compras.<\/p>\n\n\n\n<p>Os cookies utilizados t\u00eam como principal objetivo otimizar o funcionamento do s\u00edtio Web. Os cookies gerados quando um Utilizador visita isoladamente o nosso site n\u00e3o nos permitem identificar o Utilizador pessoalmente.<\/p>\n\n\n\n<div style=\"height:25px\" aria-hidden=\"true\" class=\"wp-block-spacer\"><\/div>\n\n\n\n<h2 class=\"wp-block-heading\">Tipos de cookies<\/h2>\n\n\n\n<p>As informa\u00e7\u00f5es fornecidas abaixo ir\u00e3o permitir-lhe compreender os diferentes tipos de cookies:<\/p>\n\n\n\n<p>Dependendo do tempo que permanecem ativados:<\/p>\n\n\n\n<p>Cookies de sess\u00e3o: trata-se de cookies tempor\u00e1rios que permanecem no ficheiro de cookies do seu navegador at\u00e9 sair da p\u00e1gina Web, pelo que nenhum deles fica registado no equipamento do Utilizador. As informa\u00e7\u00f5es obtidas atrav\u00e9s destes cookies s\u00e3o utilizadas para analisar os padr\u00f5es de tr\u00e1fego na Web. Por exemplo, permitem-nos monitorizar a utiliza\u00e7\u00e3o dos nossos s\u00edtios durante uma \u00fanica sess\u00e3o de navega\u00e7\u00e3o e ajudam-nos a utilizar o nosso s\u00edtio de forma mais eficiente.<\/p>\n\n\n\n<p>Cookies permanentes: s\u00e3o armazenados no equipamento do Utilizador durante uma sess\u00e3o de navega\u00e7\u00e3o e permanecem no equipamento no final da sess\u00e3o de navega\u00e7\u00e3o. Os cookies permanentes permanecem ativos durante per\u00edodos de tempo definidos, que podem ser de alguns minutos ou at\u00e9 durar anos.<\/p>\n\n\n\n<p>Dependendo da entidade que os gere<\/p>\n\n\n\n<div style=\"height:25px\" aria-hidden=\"true\" class=\"wp-block-spacer\"><\/div>\n\n\n\n<h2 class=\"wp-block-heading\">Cookies pr\u00f3prios<\/h2>\n\n\n\n<p>S\u00e3o aqueles que s\u00e3o enviados para o equipamento do utilizador a partir de um equipamento ou dom\u00ednio gerido pelo pr\u00f3prio propriet\u00e1rio e a partir do qual \u00e9 prestado o servi\u00e7o solicitado pelo utilizador.<\/p>\n\n\n\n<p>Podem incluir cookies, tais como cookies de sess\u00e3o e cookies permanentes. Utilizamos cookies prim\u00e1rios para seguir os movimentos efetuados a partir do computador ou de outro dispositivo do Utilizador quando este consulta o nosso s\u00edtio, por exemplo, para fins de marketing e de an\u00e1lise.<\/p>\n\n\n\n<div style=\"height:25px\" aria-hidden=\"true\" class=\"wp-block-spacer\"><\/div>\n\n\n\n<h2 class=\"wp-block-heading\">Cookies de terceiros<\/h2>\n\n\n\n<p>Os cookies s\u00e3o enviados para o equipamento do utilizador a partir de um equipamento ou dom\u00ednio que n\u00e3o \u00e9 gerido pelo propriet\u00e1rio, mas por outra entidade que processa os dados obtidos atrav\u00e9s dos cookies, como, por exemplo, os que s\u00e3o utilizados nas redes sociais, ou por complementos de conte\u00fados externos como no caso do Google Maps.<\/p>\n\n\n\n<p><strong>Em constru\u00e7\u00e3o: a p\u00e1gina Web est\u00e1 atualmente a ser analisada pela primeira vez em termos de cookies<\/strong>. Alguma pergunta?<\/p>\n\n\n\n<p>Se o Utilizador tiver alguma d\u00favida, n\u00e3o deve hesitar em contactar-nos.<\/p>\n","protected":false},"excerpt":{"rendered":"<p>Pol\u00edtica de Cookies Introdu\u00e7\u00e3o O propriet\u00e1rio do s\u00edtio Web http:\/\/www.cleceseguridad.com\/ \u00e9 a Clece Seguridad, S.A. A CLECE SEGURIDAD, S.A., em cumprimento do disposto no artigo 22 da Lei 34\/2002, de 11 de julho, relativamente a servi\u00e7os da sociedade da informa\u00e7\u00e3o e do com\u00e9rcio eletr\u00f3nico, coloca \u00e0 disposi\u00e7\u00e3o dos Utilizadores informa\u00e7\u00e3o sobre cookies, o que s\u00e3o [&hellip;]<\/p>\n","protected":false},"author":2,"featured_media":0,"parent":0,"menu_order":0,"comment_status":"closed","ping_status":"closed","template":"template-pages\/politica-privacidad.php","meta":{"_acf_changed":false,"footnotes":""},"class_list":["post-3767","page","type-page","status-publish","hentry"],"acf":[],"yoast_head":"<!-- This site is optimized with the Yoast SEO plugin v27.3 - https:\/\/yoast.com\/product\/yoast-seo-wordpress\/ -->\n<title>Pol\u00edtica de cookies | Clece Seguridad<\/title>\n<meta name=\"description\" content=\"A nossa pol\u00edtica de cookies explica como e porque utilizamos cookies, assim como as suas op\u00e7\u00f5es de consentimento e controlo para a Clece Seguridad.\" \/>\n<meta name=\"robots\" content=\"index, follow, max-snippet:-1, max-image-preview:large, max-video-preview:-1\" \/>\n<link rel=\"canonical\" href=\"https:\/\/cleceseguridad.com\/pt\/politica-de-cookies\/\" \/>\n<meta property=\"og:locale\" content=\"pt_PT\" \/>\n<meta property=\"og:type\" content=\"article\" \/>\n<meta property=\"og:title\" content=\"Pol\u00edtica de cookies | Clece Seguridad\" \/>\n<meta property=\"og:description\" content=\"A nossa pol\u00edtica de cookies explica como e porque utilizamos cookies, assim como as suas op\u00e7\u00f5es de consentimento e controlo para a Clece Seguridad.\" \/>\n<meta property=\"og:url\" content=\"https:\/\/cleceseguridad.com\/pt\/politica-de-cookies\/\" \/>\n<meta property=\"og:site_name\" content=\"Clece\" \/>\n<meta property=\"article:modified_time\" content=\"2024-03-18T14:23:22+00:00\" \/>\n<meta name=\"twitter:card\" content=\"summary_large_image\" \/>\n<meta name=\"twitter:label1\" content=\"Tempo estimado de leitura\" \/>\n\t<meta name=\"twitter:data1\" content=\"3 minutos\" \/>\n<script type=\"application\/ld+json\" class=\"yoast-schema-graph\">{\"@context\":\"https:\\\/\\\/schema.org\",\"@graph\":[{\"@type\":\"WebPage\",\"@id\":\"https:\\\/\\\/cleceseguridad.com\\\/pt\\\/politica-de-cookies\\\/\",\"url\":\"https:\\\/\\\/cleceseguridad.com\\\/pt\\\/politica-de-cookies\\\/\",\"name\":\"Pol\u00edtica de cookies | Clece Seguridad\",\"isPartOf\":{\"@id\":\"https:\\\/\\\/cleceseguridad.com\\\/#website\"},\"datePublished\":\"2023-06-19T19:04:55+00:00\",\"dateModified\":\"2024-03-18T14:23:22+00:00\",\"description\":\"A nossa pol\u00edtica de cookies explica como e porque utilizamos cookies, assim como as suas op\u00e7\u00f5es de consentimento e controlo para a Clece Seguridad.\",\"breadcrumb\":{\"@id\":\"https:\\\/\\\/cleceseguridad.com\\\/pt\\\/politica-de-cookies\\\/#breadcrumb\"},\"inLanguage\":\"pt-PT\",\"potentialAction\":[{\"@type\":\"ReadAction\",\"target\":[\"https:\\\/\\\/cleceseguridad.com\\\/pt\\\/politica-de-cookies\\\/\"]}]},{\"@type\":\"BreadcrumbList\",\"@id\":\"https:\\\/\\\/cleceseguridad.com\\\/pt\\\/politica-de-cookies\\\/#breadcrumb\",\"itemListElement\":[{\"@type\":\"ListItem\",\"position\":1,\"name\":\"Inicio\",\"item\":\"https:\\\/\\\/cleceseguridad.com\\\/pt\\\/\"},{\"@type\":\"ListItem\",\"position\":2,\"name\":\"Pol\u00edtica de Cookies\"}]},{\"@type\":\"WebSite\",\"@id\":\"https:\\\/\\\/cleceseguridad.com\\\/#website\",\"url\":\"https:\\\/\\\/cleceseguridad.com\\\/\",\"name\":\"Clece\",\"description\":\"\",\"potentialAction\":[{\"@type\":\"SearchAction\",\"target\":{\"@type\":\"EntryPoint\",\"urlTemplate\":\"https:\\\/\\\/cleceseguridad.com\\\/?s={search_term_string}\"},\"query-input\":{\"@type\":\"PropertyValueSpecification\",\"valueRequired\":true,\"valueName\":\"search_term_string\"}}],\"inLanguage\":\"pt-PT\"}]}<\/script>\n<!-- \/ Yoast SEO plugin. -->","yoast_head_json":{"title":"Pol\u00edtica de cookies | Clece Seguridad","description":"A nossa pol\u00edtica de cookies explica como e porque utilizamos cookies, assim como as suas op\u00e7\u00f5es de consentimento e controlo para a Clece Seguridad.","robots":{"index":"index","follow":"follow","max-snippet":"max-snippet:-1","max-image-preview":"max-image-preview:large","max-video-preview":"max-video-preview:-1"},"canonical":"https:\/\/cleceseguridad.com\/pt\/politica-de-cookies\/","og_locale":"pt_PT","og_type":"article","og_title":"Pol\u00edtica de cookies | Clece Seguridad","og_description":"A nossa pol\u00edtica de cookies explica como e porque utilizamos cookies, assim como as suas op\u00e7\u00f5es de consentimento e controlo para a Clece Seguridad.","og_url":"https:\/\/cleceseguridad.com\/pt\/politica-de-cookies\/","og_site_name":"Clece","article_modified_time":"2024-03-18T14:23:22+00:00","twitter_card":"summary_large_image","twitter_misc":{"Tempo estimado de leitura":"3 minutos"},"schema":{"@context":"https:\/\/schema.org","@graph":[{"@type":"WebPage","@id":"https:\/\/cleceseguridad.com\/pt\/politica-de-cookies\/","url":"https:\/\/cleceseguridad.com\/pt\/politica-de-cookies\/","name":"Pol\u00edtica de cookies | Clece Seguridad","isPartOf":{"@id":"https:\/\/cleceseguridad.com\/#website"},"datePublished":"2023-06-19T19:04:55+00:00","dateModified":"2024-03-18T14:23:22+00:00","description":"A nossa pol\u00edtica de cookies explica como e porque utilizamos cookies, assim como as suas op\u00e7\u00f5es de consentimento e controlo para a Clece Seguridad.","breadcrumb":{"@id":"https:\/\/cleceseguridad.com\/pt\/politica-de-cookies\/#breadcrumb"},"inLanguage":"pt-PT","potentialAction":[{"@type":"ReadAction","target":["https:\/\/cleceseguridad.com\/pt\/politica-de-cookies\/"]}]},{"@type":"BreadcrumbList","@id":"https:\/\/cleceseguridad.com\/pt\/politica-de-cookies\/#breadcrumb","itemListElement":[{"@type":"ListItem","position":1,"name":"Inicio","item":"https:\/\/cleceseguridad.com\/pt\/"},{"@type":"ListItem","position":2,"name":"Pol\u00edtica de Cookies"}]},{"@type":"WebSite","@id":"https:\/\/cleceseguridad.com\/#website","url":"https:\/\/cleceseguridad.com\/","name":"Clece","description":"","potentialAction":[{"@type":"SearchAction","target":{"@type":"EntryPoint","urlTemplate":"https:\/\/cleceseguridad.com\/?s={search_term_string}"},"query-input":{"@type":"PropertyValueSpecification","valueRequired":true,"valueName":"search_term_string"}}],"inLanguage":"pt-PT"}]}},"_links":{"self":[{"href":"https:\/\/cleceseguridad.com\/pt\/wp-json\/wp\/v2\/pages\/3767","targetHints":{"allow":["GET"]}}],"collection":[{"href":"https:\/\/cleceseguridad.com\/pt\/wp-json\/wp\/v2\/pages"}],"about":[{"href":"https:\/\/cleceseguridad.com\/pt\/wp-json\/wp\/v2\/types\/page"}],"author":[{"embeddable":true,"href":"https:\/\/cleceseguridad.com\/pt\/wp-json\/wp\/v2\/users\/2"}],"replies":[{"embeddable":true,"href":"https:\/\/cleceseguridad.com\/pt\/wp-json\/wp\/v2\/comments?post=3767"}],"version-history":[{"count":7,"href":"https:\/\/cleceseguridad.com\/pt\/wp-json\/wp\/v2\/pages\/3767\/revisions"}],"predecessor-version":[{"id":5174,"href":"https:\/\/cleceseguridad.com\/pt\/wp-json\/wp\/v2\/pages\/3767\/revisions\/5174"}],"wp:attachment":[{"href":"https:\/\/cleceseguridad.com\/pt\/wp-json\/wp\/v2\/media?parent=3767"}],"curies":[{"name":"wp","href":"https:\/\/api.w.org\/{rel}","templated":true}]}}