{"id":3762,"date":"2023-05-23T13:54:37","date_gmt":"2023-05-23T13:54:37","guid":{"rendered":"https:\/\/cleceseguridad.com\/servicios\/sistemas-centralizados-de-seguridad\/central-receptora-de-alarmas\/"},"modified":"2023-12-12T10:12:44","modified_gmt":"2023-12-12T10:12:44","slug":"central-recetora-de-alarmes","status":"publish","type":"page","link":"https:\/\/cleceseguridad.com\/pt\/servicos\/sistemas-centralizados-de-seguranca\/central-recetora-de-alarmes\/","title":{"rendered":"Central Recetora de Alarmes"},"content":{"rendered":"","protected":false},"excerpt":{"rendered":"","protected":false},"author":2,"featured_media":0,"parent":3761,"menu_order":0,"comment_status":"closed","ping_status":"closed","template":"template-pages\/servicios-detalle.php","meta":{"_acf_changed":false,"footnotes":""},"class_list":["post-3762","page","type-page","status-publish","hentry"],"acf":[],"yoast_head":"<!-- This site is optimized with the Yoast SEO plugin v27.3 - https:\/\/yoast.com\/product\/yoast-seo-wordpress\/ -->\n<title>Central de Rece\u00e7\u00e3o de Alarmes | Clece Seguridad<\/title>\n<meta name=\"description\" content=\"A nossa Central de Rece\u00e7\u00e3o de Alarmes oferece um servi\u00e7o completo, real e fi\u00e1vel, 24 horas por dia, em todos os tipos de servi\u00e7os de seguran\u00e7a telem\u00e1tica\" \/>\n<meta name=\"robots\" content=\"index, follow, max-snippet:-1, max-image-preview:large, max-video-preview:-1\" \/>\n<link rel=\"canonical\" href=\"https:\/\/cleceseguridad.com\/pt\/servicos\/sistemas-centralizados-de-seguranca\/central-recetora-de-alarmes\/\" \/>\n<meta property=\"og:locale\" content=\"pt_PT\" \/>\n<meta property=\"og:type\" content=\"article\" \/>\n<meta property=\"og:title\" content=\"Central de Rece\u00e7\u00e3o de Alarmes | Clece Seguridad\" \/>\n<meta property=\"og:description\" content=\"A nossa Central de Rece\u00e7\u00e3o de Alarmes oferece um servi\u00e7o completo, real e fi\u00e1vel, 24 horas por dia, em todos os tipos de servi\u00e7os de seguran\u00e7a telem\u00e1tica\" \/>\n<meta property=\"og:url\" content=\"https:\/\/cleceseguridad.com\/pt\/servicos\/sistemas-centralizados-de-seguranca\/central-recetora-de-alarmes\/\" \/>\n<meta property=\"og:site_name\" content=\"Clece\" \/>\n<meta property=\"article:modified_time\" content=\"2023-12-12T10:12:44+00:00\" \/>\n<meta name=\"twitter:card\" content=\"summary_large_image\" \/>\n<script type=\"application\/ld+json\" class=\"yoast-schema-graph\">{\"@context\":\"https:\\\/\\\/schema.org\",\"@graph\":[{\"@type\":\"WebPage\",\"@id\":\"https:\\\/\\\/cleceseguridad.com\\\/pt\\\/servicos\\\/sistemas-centralizados-de-seguranca\\\/central-recetora-de-alarmes\\\/\",\"url\":\"https:\\\/\\\/cleceseguridad.com\\\/pt\\\/servicos\\\/sistemas-centralizados-de-seguranca\\\/central-recetora-de-alarmes\\\/\",\"name\":\"Central de Rece\u00e7\u00e3o de Alarmes | Clece Seguridad\",\"isPartOf\":{\"@id\":\"https:\\\/\\\/cleceseguridad.com\\\/#website\"},\"datePublished\":\"2023-05-23T13:54:37+00:00\",\"dateModified\":\"2023-12-12T10:12:44+00:00\",\"description\":\"A nossa Central de Rece\u00e7\u00e3o de Alarmes oferece um servi\u00e7o completo, real e fi\u00e1vel, 24 horas por dia, em todos os tipos de servi\u00e7os de seguran\u00e7a telem\u00e1tica\",\"breadcrumb\":{\"@id\":\"https:\\\/\\\/cleceseguridad.com\\\/pt\\\/servicos\\\/sistemas-centralizados-de-seguranca\\\/central-recetora-de-alarmes\\\/#breadcrumb\"},\"inLanguage\":\"pt-PT\",\"potentialAction\":[{\"@type\":\"ReadAction\",\"target\":[\"https:\\\/\\\/cleceseguridad.com\\\/pt\\\/servicos\\\/sistemas-centralizados-de-seguranca\\\/central-recetora-de-alarmes\\\/\"]}]},{\"@type\":\"BreadcrumbList\",\"@id\":\"https:\\\/\\\/cleceseguridad.com\\\/pt\\\/servicos\\\/sistemas-centralizados-de-seguranca\\\/central-recetora-de-alarmes\\\/#breadcrumb\",\"itemListElement\":[{\"@type\":\"ListItem\",\"position\":1,\"name\":\"Inicio\",\"item\":\"https:\\\/\\\/cleceseguridad.com\\\/pt\\\/\"},{\"@type\":\"ListItem\",\"position\":2,\"name\":\"Servi\u00e7os\",\"item\":\"https:\\\/\\\/cleceseguridad.com\\\/pt\\\/servicos\\\/\"},{\"@type\":\"ListItem\",\"position\":3,\"name\":\"Sistemas Centralizados de Seguran\u00e7a\",\"item\":\"https:\\\/\\\/cleceseguridad.com\\\/pt\\\/servicos\\\/sistemas-centralizados-de-seguranca\\\/\"},{\"@type\":\"ListItem\",\"position\":4,\"name\":\"Central Recetora de Alarmes\"}]},{\"@type\":\"WebSite\",\"@id\":\"https:\\\/\\\/cleceseguridad.com\\\/#website\",\"url\":\"https:\\\/\\\/cleceseguridad.com\\\/\",\"name\":\"Clece\",\"description\":\"\",\"potentialAction\":[{\"@type\":\"SearchAction\",\"target\":{\"@type\":\"EntryPoint\",\"urlTemplate\":\"https:\\\/\\\/cleceseguridad.com\\\/?s={search_term_string}\"},\"query-input\":{\"@type\":\"PropertyValueSpecification\",\"valueRequired\":true,\"valueName\":\"search_term_string\"}}],\"inLanguage\":\"pt-PT\"}]}<\/script>\n<!-- \/ Yoast SEO plugin. -->","yoast_head_json":{"title":"Central de Rece\u00e7\u00e3o de Alarmes | Clece Seguridad","description":"A nossa Central de Rece\u00e7\u00e3o de Alarmes oferece um servi\u00e7o completo, real e fi\u00e1vel, 24 horas por dia, em todos os tipos de servi\u00e7os de seguran\u00e7a telem\u00e1tica","robots":{"index":"index","follow":"follow","max-snippet":"max-snippet:-1","max-image-preview":"max-image-preview:large","max-video-preview":"max-video-preview:-1"},"canonical":"https:\/\/cleceseguridad.com\/pt\/servicos\/sistemas-centralizados-de-seguranca\/central-recetora-de-alarmes\/","og_locale":"pt_PT","og_type":"article","og_title":"Central de Rece\u00e7\u00e3o de Alarmes | Clece Seguridad","og_description":"A nossa Central de Rece\u00e7\u00e3o de Alarmes oferece um servi\u00e7o completo, real e fi\u00e1vel, 24 horas por dia, em todos os tipos de servi\u00e7os de seguran\u00e7a telem\u00e1tica","og_url":"https:\/\/cleceseguridad.com\/pt\/servicos\/sistemas-centralizados-de-seguranca\/central-recetora-de-alarmes\/","og_site_name":"Clece","article_modified_time":"2023-12-12T10:12:44+00:00","twitter_card":"summary_large_image","schema":{"@context":"https:\/\/schema.org","@graph":[{"@type":"WebPage","@id":"https:\/\/cleceseguridad.com\/pt\/servicos\/sistemas-centralizados-de-seguranca\/central-recetora-de-alarmes\/","url":"https:\/\/cleceseguridad.com\/pt\/servicos\/sistemas-centralizados-de-seguranca\/central-recetora-de-alarmes\/","name":"Central de Rece\u00e7\u00e3o de Alarmes | Clece Seguridad","isPartOf":{"@id":"https:\/\/cleceseguridad.com\/#website"},"datePublished":"2023-05-23T13:54:37+00:00","dateModified":"2023-12-12T10:12:44+00:00","description":"A nossa Central de Rece\u00e7\u00e3o de Alarmes oferece um servi\u00e7o completo, real e fi\u00e1vel, 24 horas por dia, em todos os tipos de servi\u00e7os de seguran\u00e7a telem\u00e1tica","breadcrumb":{"@id":"https:\/\/cleceseguridad.com\/pt\/servicos\/sistemas-centralizados-de-seguranca\/central-recetora-de-alarmes\/#breadcrumb"},"inLanguage":"pt-PT","potentialAction":[{"@type":"ReadAction","target":["https:\/\/cleceseguridad.com\/pt\/servicos\/sistemas-centralizados-de-seguranca\/central-recetora-de-alarmes\/"]}]},{"@type":"BreadcrumbList","@id":"https:\/\/cleceseguridad.com\/pt\/servicos\/sistemas-centralizados-de-seguranca\/central-recetora-de-alarmes\/#breadcrumb","itemListElement":[{"@type":"ListItem","position":1,"name":"Inicio","item":"https:\/\/cleceseguridad.com\/pt\/"},{"@type":"ListItem","position":2,"name":"Servi\u00e7os","item":"https:\/\/cleceseguridad.com\/pt\/servicos\/"},{"@type":"ListItem","position":3,"name":"Sistemas Centralizados de Seguran\u00e7a","item":"https:\/\/cleceseguridad.com\/pt\/servicos\/sistemas-centralizados-de-seguranca\/"},{"@type":"ListItem","position":4,"name":"Central Recetora de Alarmes"}]},{"@type":"WebSite","@id":"https:\/\/cleceseguridad.com\/#website","url":"https:\/\/cleceseguridad.com\/","name":"Clece","description":"","potentialAction":[{"@type":"SearchAction","target":{"@type":"EntryPoint","urlTemplate":"https:\/\/cleceseguridad.com\/?s={search_term_string}"},"query-input":{"@type":"PropertyValueSpecification","valueRequired":true,"valueName":"search_term_string"}}],"inLanguage":"pt-PT"}]}},"_links":{"self":[{"href":"https:\/\/cleceseguridad.com\/pt\/wp-json\/wp\/v2\/pages\/3762","targetHints":{"allow":["GET"]}}],"collection":[{"href":"https:\/\/cleceseguridad.com\/pt\/wp-json\/wp\/v2\/pages"}],"about":[{"href":"https:\/\/cleceseguridad.com\/pt\/wp-json\/wp\/v2\/types\/page"}],"author":[{"embeddable":true,"href":"https:\/\/cleceseguridad.com\/pt\/wp-json\/wp\/v2\/users\/2"}],"replies":[{"embeddable":true,"href":"https:\/\/cleceseguridad.com\/pt\/wp-json\/wp\/v2\/comments?post=3762"}],"version-history":[{"count":4,"href":"https:\/\/cleceseguridad.com\/pt\/wp-json\/wp\/v2\/pages\/3762\/revisions"}],"predecessor-version":[{"id":5064,"href":"https:\/\/cleceseguridad.com\/pt\/wp-json\/wp\/v2\/pages\/3762\/revisions\/5064"}],"up":[{"embeddable":true,"href":"https:\/\/cleceseguridad.com\/pt\/wp-json\/wp\/v2\/pages\/3761"}],"wp:attachment":[{"href":"https:\/\/cleceseguridad.com\/pt\/wp-json\/wp\/v2\/media?parent=3762"}],"curies":[{"name":"wp","href":"https:\/\/api.w.org\/{rel}","templated":true}]}}