{"id":3761,"date":"2023-04-27T11:21:24","date_gmt":"2023-04-27T11:21:24","guid":{"rendered":"https:\/\/cleceseguridad.com\/servicios\/sistemas-centralizados-de-seguridad\/"},"modified":"2025-03-14T13:32:31","modified_gmt":"2025-03-14T13:32:31","slug":"sistemas-centralizados-de-seguranca","status":"publish","type":"page","link":"https:\/\/cleceseguridad.com\/pt\/servicos\/sistemas-centralizados-de-seguranca\/","title":{"rendered":"Sistemas Centralizados de Seguran\u00e7a"},"content":{"rendered":"","protected":false},"excerpt":{"rendered":"","protected":false},"author":1,"featured_media":0,"parent":3760,"menu_order":0,"comment_status":"closed","ping_status":"closed","template":"template-pages\/servicios-detalle.php","meta":{"_acf_changed":false,"footnotes":""},"class_list":["post-3761","page","type-page","status-publish","hentry"],"acf":[],"yoast_head":"<!-- This site is optimized with the Yoast SEO plugin v27.3 - https:\/\/yoast.com\/product\/yoast-seo-wordpress\/ -->\n<title>Sistemas de seguran\u00e7a centralizados | Clece Seguridad<\/title>\n<meta name=\"description\" content=\"Nosso sistema de seguran\u00e7a centralizado desenvolve solu\u00e7\u00f5es &quot;ad hoc&quot; para ter uma linha de controle de 360\u00ba no neg\u00f3cio de seguran\u00e7a de nossos clientes\" \/>\n<meta name=\"robots\" content=\"index, follow, max-snippet:-1, max-image-preview:large, max-video-preview:-1\" \/>\n<link rel=\"canonical\" href=\"https:\/\/cleceseguridad.com\/pt\/servicos\/sistemas-centralizados-de-seguranca\/\" \/>\n<meta property=\"og:locale\" content=\"pt_PT\" \/>\n<meta property=\"og:type\" content=\"article\" \/>\n<meta property=\"og:title\" content=\"Sistemas de seguran\u00e7a centralizados | Clece Seguridad\" \/>\n<meta property=\"og:description\" content=\"Nosso sistema de seguran\u00e7a centralizado desenvolve solu\u00e7\u00f5es &quot;ad hoc&quot; para ter uma linha de controle de 360\u00ba no neg\u00f3cio de seguran\u00e7a de nossos clientes\" \/>\n<meta property=\"og:url\" content=\"https:\/\/cleceseguridad.com\/pt\/servicos\/sistemas-centralizados-de-seguranca\/\" \/>\n<meta property=\"og:site_name\" content=\"Clece\" \/>\n<meta property=\"article:modified_time\" content=\"2025-03-14T13:32:31+00:00\" \/>\n<meta name=\"twitter:card\" content=\"summary_large_image\" \/>\n<script type=\"application\/ld+json\" class=\"yoast-schema-graph\">{\"@context\":\"https:\\\/\\\/schema.org\",\"@graph\":[{\"@type\":\"WebPage\",\"@id\":\"https:\\\/\\\/cleceseguridad.com\\\/pt\\\/servicos\\\/sistemas-centralizados-de-seguranca\\\/\",\"url\":\"https:\\\/\\\/cleceseguridad.com\\\/pt\\\/servicos\\\/sistemas-centralizados-de-seguranca\\\/\",\"name\":\"Sistemas de seguran\u00e7a centralizados | Clece Seguridad\",\"isPartOf\":{\"@id\":\"https:\\\/\\\/cleceseguridad.com\\\/#website\"},\"datePublished\":\"2023-04-27T11:21:24+00:00\",\"dateModified\":\"2025-03-14T13:32:31+00:00\",\"description\":\"Nosso sistema de seguran\u00e7a centralizado desenvolve solu\u00e7\u00f5es \\\"ad hoc\\\" para ter uma linha de controle de 360\u00ba no neg\u00f3cio de seguran\u00e7a de nossos clientes\",\"breadcrumb\":{\"@id\":\"https:\\\/\\\/cleceseguridad.com\\\/pt\\\/servicos\\\/sistemas-centralizados-de-seguranca\\\/#breadcrumb\"},\"inLanguage\":\"pt-PT\",\"potentialAction\":[{\"@type\":\"ReadAction\",\"target\":[\"https:\\\/\\\/cleceseguridad.com\\\/pt\\\/servicos\\\/sistemas-centralizados-de-seguranca\\\/\"]}]},{\"@type\":\"BreadcrumbList\",\"@id\":\"https:\\\/\\\/cleceseguridad.com\\\/pt\\\/servicos\\\/sistemas-centralizados-de-seguranca\\\/#breadcrumb\",\"itemListElement\":[{\"@type\":\"ListItem\",\"position\":1,\"name\":\"Inicio\",\"item\":\"https:\\\/\\\/cleceseguridad.com\\\/pt\\\/\"},{\"@type\":\"ListItem\",\"position\":2,\"name\":\"Servi\u00e7os\",\"item\":\"https:\\\/\\\/cleceseguridad.com\\\/pt\\\/servicos\\\/\"},{\"@type\":\"ListItem\",\"position\":3,\"name\":\"Sistemas Centralizados de Seguran\u00e7a\"}]},{\"@type\":\"WebSite\",\"@id\":\"https:\\\/\\\/cleceseguridad.com\\\/#website\",\"url\":\"https:\\\/\\\/cleceseguridad.com\\\/\",\"name\":\"Clece\",\"description\":\"\",\"potentialAction\":[{\"@type\":\"SearchAction\",\"target\":{\"@type\":\"EntryPoint\",\"urlTemplate\":\"https:\\\/\\\/cleceseguridad.com\\\/?s={search_term_string}\"},\"query-input\":{\"@type\":\"PropertyValueSpecification\",\"valueRequired\":true,\"valueName\":\"search_term_string\"}}],\"inLanguage\":\"pt-PT\"}]}<\/script>\n<!-- \/ Yoast SEO plugin. -->","yoast_head_json":{"title":"Sistemas de seguran\u00e7a centralizados | Clece Seguridad","description":"Nosso sistema de seguran\u00e7a centralizado desenvolve solu\u00e7\u00f5es \"ad hoc\" para ter uma linha de controle de 360\u00ba no neg\u00f3cio de seguran\u00e7a de nossos clientes","robots":{"index":"index","follow":"follow","max-snippet":"max-snippet:-1","max-image-preview":"max-image-preview:large","max-video-preview":"max-video-preview:-1"},"canonical":"https:\/\/cleceseguridad.com\/pt\/servicos\/sistemas-centralizados-de-seguranca\/","og_locale":"pt_PT","og_type":"article","og_title":"Sistemas de seguran\u00e7a centralizados | Clece Seguridad","og_description":"Nosso sistema de seguran\u00e7a centralizado desenvolve solu\u00e7\u00f5es \"ad hoc\" para ter uma linha de controle de 360\u00ba no neg\u00f3cio de seguran\u00e7a de nossos clientes","og_url":"https:\/\/cleceseguridad.com\/pt\/servicos\/sistemas-centralizados-de-seguranca\/","og_site_name":"Clece","article_modified_time":"2025-03-14T13:32:31+00:00","twitter_card":"summary_large_image","schema":{"@context":"https:\/\/schema.org","@graph":[{"@type":"WebPage","@id":"https:\/\/cleceseguridad.com\/pt\/servicos\/sistemas-centralizados-de-seguranca\/","url":"https:\/\/cleceseguridad.com\/pt\/servicos\/sistemas-centralizados-de-seguranca\/","name":"Sistemas de seguran\u00e7a centralizados | Clece Seguridad","isPartOf":{"@id":"https:\/\/cleceseguridad.com\/#website"},"datePublished":"2023-04-27T11:21:24+00:00","dateModified":"2025-03-14T13:32:31+00:00","description":"Nosso sistema de seguran\u00e7a centralizado desenvolve solu\u00e7\u00f5es \"ad hoc\" para ter uma linha de controle de 360\u00ba no neg\u00f3cio de seguran\u00e7a de nossos clientes","breadcrumb":{"@id":"https:\/\/cleceseguridad.com\/pt\/servicos\/sistemas-centralizados-de-seguranca\/#breadcrumb"},"inLanguage":"pt-PT","potentialAction":[{"@type":"ReadAction","target":["https:\/\/cleceseguridad.com\/pt\/servicos\/sistemas-centralizados-de-seguranca\/"]}]},{"@type":"BreadcrumbList","@id":"https:\/\/cleceseguridad.com\/pt\/servicos\/sistemas-centralizados-de-seguranca\/#breadcrumb","itemListElement":[{"@type":"ListItem","position":1,"name":"Inicio","item":"https:\/\/cleceseguridad.com\/pt\/"},{"@type":"ListItem","position":2,"name":"Servi\u00e7os","item":"https:\/\/cleceseguridad.com\/pt\/servicos\/"},{"@type":"ListItem","position":3,"name":"Sistemas Centralizados de Seguran\u00e7a"}]},{"@type":"WebSite","@id":"https:\/\/cleceseguridad.com\/#website","url":"https:\/\/cleceseguridad.com\/","name":"Clece","description":"","potentialAction":[{"@type":"SearchAction","target":{"@type":"EntryPoint","urlTemplate":"https:\/\/cleceseguridad.com\/?s={search_term_string}"},"query-input":{"@type":"PropertyValueSpecification","valueRequired":true,"valueName":"search_term_string"}}],"inLanguage":"pt-PT"}]}},"_links":{"self":[{"href":"https:\/\/cleceseguridad.com\/pt\/wp-json\/wp\/v2\/pages\/3761","targetHints":{"allow":["GET"]}}],"collection":[{"href":"https:\/\/cleceseguridad.com\/pt\/wp-json\/wp\/v2\/pages"}],"about":[{"href":"https:\/\/cleceseguridad.com\/pt\/wp-json\/wp\/v2\/types\/page"}],"author":[{"embeddable":true,"href":"https:\/\/cleceseguridad.com\/pt\/wp-json\/wp\/v2\/users\/1"}],"replies":[{"embeddable":true,"href":"https:\/\/cleceseguridad.com\/pt\/wp-json\/wp\/v2\/comments?post=3761"}],"version-history":[{"count":25,"href":"https:\/\/cleceseguridad.com\/pt\/wp-json\/wp\/v2\/pages\/3761\/revisions"}],"predecessor-version":[{"id":5531,"href":"https:\/\/cleceseguridad.com\/pt\/wp-json\/wp\/v2\/pages\/3761\/revisions\/5531"}],"up":[{"embeddable":true,"href":"https:\/\/cleceseguridad.com\/pt\/wp-json\/wp\/v2\/pages\/3760"}],"wp:attachment":[{"href":"https:\/\/cleceseguridad.com\/pt\/wp-json\/wp\/v2\/media?parent=3761"}],"curies":[{"name":"wp","href":"https:\/\/api.w.org\/{rel}","templated":true}]}}