{"id":3760,"date":"2023-04-26T07:11:12","date_gmt":"2023-04-26T07:11:12","guid":{"rendered":"https:\/\/cleceseguridad.com\/servicios\/"},"modified":"2025-03-14T13:26:52","modified_gmt":"2025-03-14T13:26:52","slug":"servicos","status":"publish","type":"page","link":"https:\/\/cleceseguridad.com\/pt\/servicos\/","title":{"rendered":"Servi\u00e7os"},"content":{"rendered":"","protected":false},"excerpt":{"rendered":"","protected":false},"author":1,"featured_media":0,"parent":0,"menu_order":0,"comment_status":"closed","ping_status":"closed","template":"template-pages\/servicios.php","meta":{"_acf_changed":false,"footnotes":""},"class_list":["post-3760","page","type-page","status-publish","hentry"],"acf":[],"yoast_head":"<!-- This site is optimized with the Yoast SEO plugin v27.3 - https:\/\/yoast.com\/product\/yoast-seo-wordpress\/ -->\n<title>Servi\u00e7os Integrais de Seguran\u00e7a | Clece Seguridad<\/title>\n<meta name=\"description\" content=\"Uma refer\u00eancia em servi\u00e7os de seguran\u00e7a p\u00fablica e privada. Especializada na monitoriza\u00e7\u00e3o em tempo real e na gest\u00e3o de alertas. Contacte-nos\" \/>\n<meta name=\"robots\" content=\"index, follow, max-snippet:-1, max-image-preview:large, max-video-preview:-1\" \/>\n<link rel=\"canonical\" href=\"https:\/\/cleceseguridad.com\/pt\/servicos\/\" \/>\n<meta property=\"og:locale\" content=\"pt_PT\" \/>\n<meta property=\"og:type\" content=\"article\" \/>\n<meta property=\"og:title\" content=\"Servi\u00e7os Integrais de Seguran\u00e7a | Clece Seguridad\" \/>\n<meta property=\"og:description\" content=\"Uma refer\u00eancia em servi\u00e7os de seguran\u00e7a p\u00fablica e privada. Especializada na monitoriza\u00e7\u00e3o em tempo real e na gest\u00e3o de alertas. Contacte-nos\" \/>\n<meta property=\"og:url\" content=\"https:\/\/cleceseguridad.com\/pt\/servicos\/\" \/>\n<meta property=\"og:site_name\" content=\"Clece\" \/>\n<meta property=\"article:modified_time\" content=\"2025-03-14T13:26:52+00:00\" \/>\n<meta name=\"twitter:card\" content=\"summary_large_image\" \/>\n<script type=\"application\/ld+json\" class=\"yoast-schema-graph\">{\"@context\":\"https:\\\/\\\/schema.org\",\"@graph\":[{\"@type\":\"WebPage\",\"@id\":\"https:\\\/\\\/cleceseguridad.com\\\/pt\\\/servicos\\\/\",\"url\":\"https:\\\/\\\/cleceseguridad.com\\\/pt\\\/servicos\\\/\",\"name\":\"Servi\u00e7os Integrais de Seguran\u00e7a | Clece Seguridad\",\"isPartOf\":{\"@id\":\"https:\\\/\\\/cleceseguridad.com\\\/#website\"},\"datePublished\":\"2023-04-26T07:11:12+00:00\",\"dateModified\":\"2025-03-14T13:26:52+00:00\",\"description\":\"Uma refer\u00eancia em servi\u00e7os de seguran\u00e7a p\u00fablica e privada. Especializada na monitoriza\u00e7\u00e3o em tempo real e na gest\u00e3o de alertas. Contacte-nos\",\"breadcrumb\":{\"@id\":\"https:\\\/\\\/cleceseguridad.com\\\/pt\\\/servicos\\\/#breadcrumb\"},\"inLanguage\":\"pt-PT\",\"potentialAction\":[{\"@type\":\"ReadAction\",\"target\":[\"https:\\\/\\\/cleceseguridad.com\\\/pt\\\/servicos\\\/\"]}]},{\"@type\":\"BreadcrumbList\",\"@id\":\"https:\\\/\\\/cleceseguridad.com\\\/pt\\\/servicos\\\/#breadcrumb\",\"itemListElement\":[{\"@type\":\"ListItem\",\"position\":1,\"name\":\"Inicio\",\"item\":\"https:\\\/\\\/cleceseguridad.com\\\/pt\\\/\"},{\"@type\":\"ListItem\",\"position\":2,\"name\":\"Servi\u00e7os\"}]},{\"@type\":\"WebSite\",\"@id\":\"https:\\\/\\\/cleceseguridad.com\\\/#website\",\"url\":\"https:\\\/\\\/cleceseguridad.com\\\/\",\"name\":\"Clece\",\"description\":\"\",\"potentialAction\":[{\"@type\":\"SearchAction\",\"target\":{\"@type\":\"EntryPoint\",\"urlTemplate\":\"https:\\\/\\\/cleceseguridad.com\\\/?s={search_term_string}\"},\"query-input\":{\"@type\":\"PropertyValueSpecification\",\"valueRequired\":true,\"valueName\":\"search_term_string\"}}],\"inLanguage\":\"pt-PT\"}]}<\/script>\n<!-- \/ Yoast SEO plugin. -->","yoast_head_json":{"title":"Servi\u00e7os Integrais de Seguran\u00e7a | Clece Seguridad","description":"Uma refer\u00eancia em servi\u00e7os de seguran\u00e7a p\u00fablica e privada. Especializada na monitoriza\u00e7\u00e3o em tempo real e na gest\u00e3o de alertas. Contacte-nos","robots":{"index":"index","follow":"follow","max-snippet":"max-snippet:-1","max-image-preview":"max-image-preview:large","max-video-preview":"max-video-preview:-1"},"canonical":"https:\/\/cleceseguridad.com\/pt\/servicos\/","og_locale":"pt_PT","og_type":"article","og_title":"Servi\u00e7os Integrais de Seguran\u00e7a | Clece Seguridad","og_description":"Uma refer\u00eancia em servi\u00e7os de seguran\u00e7a p\u00fablica e privada. Especializada na monitoriza\u00e7\u00e3o em tempo real e na gest\u00e3o de alertas. Contacte-nos","og_url":"https:\/\/cleceseguridad.com\/pt\/servicos\/","og_site_name":"Clece","article_modified_time":"2025-03-14T13:26:52+00:00","twitter_card":"summary_large_image","schema":{"@context":"https:\/\/schema.org","@graph":[{"@type":"WebPage","@id":"https:\/\/cleceseguridad.com\/pt\/servicos\/","url":"https:\/\/cleceseguridad.com\/pt\/servicos\/","name":"Servi\u00e7os Integrais de Seguran\u00e7a | Clece Seguridad","isPartOf":{"@id":"https:\/\/cleceseguridad.com\/#website"},"datePublished":"2023-04-26T07:11:12+00:00","dateModified":"2025-03-14T13:26:52+00:00","description":"Uma refer\u00eancia em servi\u00e7os de seguran\u00e7a p\u00fablica e privada. Especializada na monitoriza\u00e7\u00e3o em tempo real e na gest\u00e3o de alertas. Contacte-nos","breadcrumb":{"@id":"https:\/\/cleceseguridad.com\/pt\/servicos\/#breadcrumb"},"inLanguage":"pt-PT","potentialAction":[{"@type":"ReadAction","target":["https:\/\/cleceseguridad.com\/pt\/servicos\/"]}]},{"@type":"BreadcrumbList","@id":"https:\/\/cleceseguridad.com\/pt\/servicos\/#breadcrumb","itemListElement":[{"@type":"ListItem","position":1,"name":"Inicio","item":"https:\/\/cleceseguridad.com\/pt\/"},{"@type":"ListItem","position":2,"name":"Servi\u00e7os"}]},{"@type":"WebSite","@id":"https:\/\/cleceseguridad.com\/#website","url":"https:\/\/cleceseguridad.com\/","name":"Clece","description":"","potentialAction":[{"@type":"SearchAction","target":{"@type":"EntryPoint","urlTemplate":"https:\/\/cleceseguridad.com\/?s={search_term_string}"},"query-input":{"@type":"PropertyValueSpecification","valueRequired":true,"valueName":"search_term_string"}}],"inLanguage":"pt-PT"}]}},"_links":{"self":[{"href":"https:\/\/cleceseguridad.com\/pt\/wp-json\/wp\/v2\/pages\/3760","targetHints":{"allow":["GET"]}}],"collection":[{"href":"https:\/\/cleceseguridad.com\/pt\/wp-json\/wp\/v2\/pages"}],"about":[{"href":"https:\/\/cleceseguridad.com\/pt\/wp-json\/wp\/v2\/types\/page"}],"author":[{"embeddable":true,"href":"https:\/\/cleceseguridad.com\/pt\/wp-json\/wp\/v2\/users\/1"}],"replies":[{"embeddable":true,"href":"https:\/\/cleceseguridad.com\/pt\/wp-json\/wp\/v2\/comments?post=3760"}],"version-history":[{"count":6,"href":"https:\/\/cleceseguridad.com\/pt\/wp-json\/wp\/v2\/pages\/3760\/revisions"}],"predecessor-version":[{"id":5522,"href":"https:\/\/cleceseguridad.com\/pt\/wp-json\/wp\/v2\/pages\/3760\/revisions\/5522"}],"wp:attachment":[{"href":"https:\/\/cleceseguridad.com\/pt\/wp-json\/wp\/v2\/media?parent=3760"}],"curies":[{"name":"wp","href":"https:\/\/api.w.org\/{rel}","templated":true}]}}