{"id":3757,"date":"2023-06-16T08:19:12","date_gmt":"2023-06-16T08:19:12","guid":{"rendered":"https:\/\/cleceseguridad.com\/referencias\/"},"modified":"2023-12-12T10:11:13","modified_gmt":"2023-12-12T10:11:13","slug":"referencias","status":"publish","type":"page","link":"https:\/\/cleceseguridad.com\/pt\/referencias\/","title":{"rendered":"Refer\u00eancias"},"content":{"rendered":"","protected":false},"excerpt":{"rendered":"","protected":false},"author":1,"featured_media":0,"parent":0,"menu_order":0,"comment_status":"closed","ping_status":"closed","template":"template-pages\/referencias.php","meta":{"_acf_changed":false,"footnotes":""},"class_list":["post-3757","page","type-page","status-publish","hentry"],"acf":[],"yoast_head":"<!-- This site is optimized with the Yoast SEO plugin v27.3 - https:\/\/yoast.com\/product\/yoast-seo-wordpress\/ -->\n<title>Conhe\u00e7a as nossas refer\u00eancias | Clece Seguridad<\/title>\n<meta name=\"description\" content=\"As refer\u00eancias da Clece Seguridad s\u00e3o numerosas. A nossa excel\u00eancia em servi\u00e7os de seguran\u00e7a \u00e9 apoiada por organismos reconhecidos - contacte-nos!\" \/>\n<meta name=\"robots\" content=\"index, follow, max-snippet:-1, max-image-preview:large, max-video-preview:-1\" \/>\n<link rel=\"canonical\" href=\"https:\/\/cleceseguridad.com\/pt\/referencias\/\" \/>\n<meta property=\"og:locale\" content=\"pt_PT\" \/>\n<meta property=\"og:type\" content=\"article\" \/>\n<meta property=\"og:title\" content=\"Conhe\u00e7a as nossas refer\u00eancias | Clece Seguridad\" \/>\n<meta property=\"og:description\" content=\"As refer\u00eancias da Clece Seguridad s\u00e3o numerosas. A nossa excel\u00eancia em servi\u00e7os de seguran\u00e7a \u00e9 apoiada por organismos reconhecidos - contacte-nos!\" \/>\n<meta property=\"og:url\" content=\"https:\/\/cleceseguridad.com\/pt\/referencias\/\" \/>\n<meta property=\"og:site_name\" content=\"Clece\" \/>\n<meta property=\"article:modified_time\" content=\"2023-12-12T10:11:13+00:00\" \/>\n<meta name=\"twitter:card\" content=\"summary_large_image\" \/>\n<script type=\"application\/ld+json\" class=\"yoast-schema-graph\">{\"@context\":\"https:\\\/\\\/schema.org\",\"@graph\":[{\"@type\":\"WebPage\",\"@id\":\"https:\\\/\\\/cleceseguridad.com\\\/pt\\\/referencias\\\/\",\"url\":\"https:\\\/\\\/cleceseguridad.com\\\/pt\\\/referencias\\\/\",\"name\":\"Conhe\u00e7a as nossas refer\u00eancias | Clece Seguridad\",\"isPartOf\":{\"@id\":\"https:\\\/\\\/cleceseguridad.com\\\/#website\"},\"datePublished\":\"2023-06-16T08:19:12+00:00\",\"dateModified\":\"2023-12-12T10:11:13+00:00\",\"description\":\"As refer\u00eancias da Clece Seguridad s\u00e3o numerosas. A nossa excel\u00eancia em servi\u00e7os de seguran\u00e7a \u00e9 apoiada por organismos reconhecidos - contacte-nos!\",\"breadcrumb\":{\"@id\":\"https:\\\/\\\/cleceseguridad.com\\\/pt\\\/referencias\\\/#breadcrumb\"},\"inLanguage\":\"pt-PT\",\"potentialAction\":[{\"@type\":\"ReadAction\",\"target\":[\"https:\\\/\\\/cleceseguridad.com\\\/pt\\\/referencias\\\/\"]}]},{\"@type\":\"BreadcrumbList\",\"@id\":\"https:\\\/\\\/cleceseguridad.com\\\/pt\\\/referencias\\\/#breadcrumb\",\"itemListElement\":[{\"@type\":\"ListItem\",\"position\":1,\"name\":\"Inicio\",\"item\":\"https:\\\/\\\/cleceseguridad.com\\\/pt\\\/\"},{\"@type\":\"ListItem\",\"position\":2,\"name\":\"Refer\u00eancias\"}]},{\"@type\":\"WebSite\",\"@id\":\"https:\\\/\\\/cleceseguridad.com\\\/#website\",\"url\":\"https:\\\/\\\/cleceseguridad.com\\\/\",\"name\":\"Clece\",\"description\":\"\",\"potentialAction\":[{\"@type\":\"SearchAction\",\"target\":{\"@type\":\"EntryPoint\",\"urlTemplate\":\"https:\\\/\\\/cleceseguridad.com\\\/?s={search_term_string}\"},\"query-input\":{\"@type\":\"PropertyValueSpecification\",\"valueRequired\":true,\"valueName\":\"search_term_string\"}}],\"inLanguage\":\"pt-PT\"}]}<\/script>\n<!-- \/ Yoast SEO plugin. -->","yoast_head_json":{"title":"Conhe\u00e7a as nossas refer\u00eancias | Clece Seguridad","description":"As refer\u00eancias da Clece Seguridad s\u00e3o numerosas. A nossa excel\u00eancia em servi\u00e7os de seguran\u00e7a \u00e9 apoiada por organismos reconhecidos - contacte-nos!","robots":{"index":"index","follow":"follow","max-snippet":"max-snippet:-1","max-image-preview":"max-image-preview:large","max-video-preview":"max-video-preview:-1"},"canonical":"https:\/\/cleceseguridad.com\/pt\/referencias\/","og_locale":"pt_PT","og_type":"article","og_title":"Conhe\u00e7a as nossas refer\u00eancias | Clece Seguridad","og_description":"As refer\u00eancias da Clece Seguridad s\u00e3o numerosas. A nossa excel\u00eancia em servi\u00e7os de seguran\u00e7a \u00e9 apoiada por organismos reconhecidos - contacte-nos!","og_url":"https:\/\/cleceseguridad.com\/pt\/referencias\/","og_site_name":"Clece","article_modified_time":"2023-12-12T10:11:13+00:00","twitter_card":"summary_large_image","schema":{"@context":"https:\/\/schema.org","@graph":[{"@type":"WebPage","@id":"https:\/\/cleceseguridad.com\/pt\/referencias\/","url":"https:\/\/cleceseguridad.com\/pt\/referencias\/","name":"Conhe\u00e7a as nossas refer\u00eancias | Clece Seguridad","isPartOf":{"@id":"https:\/\/cleceseguridad.com\/#website"},"datePublished":"2023-06-16T08:19:12+00:00","dateModified":"2023-12-12T10:11:13+00:00","description":"As refer\u00eancias da Clece Seguridad s\u00e3o numerosas. A nossa excel\u00eancia em servi\u00e7os de seguran\u00e7a \u00e9 apoiada por organismos reconhecidos - contacte-nos!","breadcrumb":{"@id":"https:\/\/cleceseguridad.com\/pt\/referencias\/#breadcrumb"},"inLanguage":"pt-PT","potentialAction":[{"@type":"ReadAction","target":["https:\/\/cleceseguridad.com\/pt\/referencias\/"]}]},{"@type":"BreadcrumbList","@id":"https:\/\/cleceseguridad.com\/pt\/referencias\/#breadcrumb","itemListElement":[{"@type":"ListItem","position":1,"name":"Inicio","item":"https:\/\/cleceseguridad.com\/pt\/"},{"@type":"ListItem","position":2,"name":"Refer\u00eancias"}]},{"@type":"WebSite","@id":"https:\/\/cleceseguridad.com\/#website","url":"https:\/\/cleceseguridad.com\/","name":"Clece","description":"","potentialAction":[{"@type":"SearchAction","target":{"@type":"EntryPoint","urlTemplate":"https:\/\/cleceseguridad.com\/?s={search_term_string}"},"query-input":{"@type":"PropertyValueSpecification","valueRequired":true,"valueName":"search_term_string"}}],"inLanguage":"pt-PT"}]}},"_links":{"self":[{"href":"https:\/\/cleceseguridad.com\/pt\/wp-json\/wp\/v2\/pages\/3757","targetHints":{"allow":["GET"]}}],"collection":[{"href":"https:\/\/cleceseguridad.com\/pt\/wp-json\/wp\/v2\/pages"}],"about":[{"href":"https:\/\/cleceseguridad.com\/pt\/wp-json\/wp\/v2\/types\/page"}],"author":[{"embeddable":true,"href":"https:\/\/cleceseguridad.com\/pt\/wp-json\/wp\/v2\/users\/1"}],"replies":[{"embeddable":true,"href":"https:\/\/cleceseguridad.com\/pt\/wp-json\/wp\/v2\/comments?post=3757"}],"version-history":[{"count":4,"href":"https:\/\/cleceseguridad.com\/pt\/wp-json\/wp\/v2\/pages\/3757\/revisions"}],"predecessor-version":[{"id":5060,"href":"https:\/\/cleceseguridad.com\/pt\/wp-json\/wp\/v2\/pages\/3757\/revisions\/5060"}],"wp:attachment":[{"href":"https:\/\/cleceseguridad.com\/pt\/wp-json\/wp\/v2\/media?parent=3757"}],"curies":[{"name":"wp","href":"https:\/\/api.w.org\/{rel}","templated":true}]}}