{"id":3755,"date":"2023-06-19T18:38:53","date_gmt":"2023-06-19T18:38:53","guid":{"rendered":"https:\/\/cleceseguridad.com\/politica-de-privacidad-canal-etico\/"},"modified":"2023-12-12T09:58:43","modified_gmt":"2023-12-12T09:58:43","slug":"politica-de-privacidade-canal-de-etica","status":"publish","type":"page","link":"https:\/\/cleceseguridad.com\/pt\/politica-de-privacidade-canal-de-etica\/","title":{"rendered":"Pol\u00edtica de privacidade do Canal de \u00c9tica"},"content":{"rendered":"\n<div style=\"height:25px\" aria-hidden=\"true\" class=\"wp-block-spacer\"><\/div>\n\n\n\n<h1 class=\"wp-block-heading\">Pol\u00edtica de privacidade do Canal de \u00c9tica<\/h1>\n\n\n\n<div style=\"height:25px\" aria-hidden=\"true\" class=\"wp-block-spacer\"><\/div>\n\n\n\n<h2 class=\"wp-block-heading\">Quem \u00e9 o Respons\u00e1vel pelo Tratamento dos seus dados?<\/h2>\n\n\n\n<figure class=\"wp-block-table\"><table><tbody><tr><td>Identidade:<\/td><td>CLECE SEGURIDAD S.A.U. (adiante por \u00abSociedade\u00bb)<\/td><\/tr><tr><td>NIF:<\/td><td>A86340098<\/td><\/tr><tr><td>End. Postal:<\/td><td>Av. V\u00eda L\u00e1ctea, 1, 28830, San Fernando de Henares (Madrid)<\/td><\/tr><tr><td>Encarregado da prote\u00e7\u00e3o de dados:<\/td><td>Pode contactar o Encarregado da prote\u00e7\u00e3o de dados atrav\u00e9s do endere\u00e7o de correio eletr\u00f3nico <a href=\"mailto:rgpd-cleceseguridad@cleceseguridad.com\">rgpd-cleceseguridad@cleceseguridad.com<\/a><\/td><\/tr><\/tbody><\/table><\/figure>\n\n\n\n<h2 class=\"wp-block-heading\">Com que finalidade tratamos os seus dados pessoais?<\/h2>\n\n\n\n<p>Os dados ser\u00e3o tratados com a finalidade de gerir as informa\u00e7\u00f5es relativas \u00e0 pr\u00e1tica de irregularidades ou de infra\u00e7\u00f5es penais e administrativas, graves ou muito graves, ou de atos ilegais, de atos que violem os princ\u00edpios de \u00e9tica e\/ou as normas corporativas da Sociedade e para tomar as devidas dilig\u00eancias necess\u00e1rias para a investiga\u00e7\u00e3o dos factos comunicados, incluindo, se for caso disso, medidas disciplinares ou legais que possam ser aplic\u00e1veis.<\/p>\n\n\n\n<p>Os dados ser\u00e3o tratados com a m\u00e1xima confidencialidade e n\u00e3o ser\u00e3o utilizados para qualquer outro fim que n\u00e3o seja o fim descrito. Em particular, em caso de identifica\u00e7\u00e3o, ser\u00e1 garantida a confidencialidade da pessoa que levou os factos ao conhecimento da Sociedade.<\/p>\n\n\n\n<h2 class=\"wp-block-heading\">Qual a legitimidade para o tratamento dos seus dados?<\/h2>\n\n\n\n<p>O fundamento jur\u00eddico para o tratamento \u00e9 o cumprimento da obriga\u00e7\u00e3o legal da Sociedade ao abrigo da Lei 2\/2023, de 20 de fevereiro, relativa \u00e0 prote\u00e7\u00e3o das pessoas que denunciem infra\u00e7\u00f5es da regulamenta\u00e7\u00e3o e \u00e0 luta contra a corrup\u00e7\u00e3o.<\/p>\n\n\n\n<p>O tratamento dos seus dados pessoais \u00e9 estritamente necess\u00e1rio para gerir o Canal de \u00c9tica e para cumprir as obriga\u00e7\u00f5es legais supramencionadas.&nbsp;<\/p>\n\n\n\n<h2 class=\"wp-block-heading\">Durante quanto tempo conservaremos os seus dados?<\/h2>\n\n\n\n<p>Os dados tratados ser\u00e3o conservados no sistema de informa\u00e7\u00e3o durante o tempo necess\u00e1rio para decidir se se deve dar in\u00edcio a um inqu\u00e9rito acerca dos factos comunicados, bem como para assegurar o devido funcionamento do sistema.&nbsp;<\/p>\n\n\n\n<p>N\u00e3o obstante, os prazos previstos na Lei 2\/2023, de 20 de fevereiro, relativa \u00e0 prote\u00e7\u00e3o das pessoas que denunciem infra\u00e7\u00f5es da regulamenta\u00e7\u00e3o e \u00e0 luta contra a corrup\u00e7\u00e3o, ser\u00e3o respeitados escrupulosamente.<\/p>\n\n\n\n<h2 class=\"wp-block-heading\">A que destinat\u00e1rios ser\u00e3o comunicados os seus dados?<\/h2>\n\n\n\n<p>Os seus dados ser\u00e3o tratados pela nossa fornecedora, a Navex Global, na qualidade de Gestora do canal.<\/p>\n\n\n\n<p>Queira notar que a Navex Global pode efetuar outros procedimentos de tratamento dos seus dados pessoais na sua qualidade de Respons\u00e1vel pelo Tratamento de dados em conformidade com a sua pr\u00f3pria pol\u00edtica de privacidade. A Sociedade n\u00e3o assume qualquer responsabilidade por qualquer tratamento dos seus dados pessoais que essa fornecedora possa efetuar para os seus pr\u00f3prios fins.<\/p>\n\n\n\n<p>Al\u00e9m disso, os dados podem ser divulgados a outros destinat\u00e1rios, sempre que tal se afigure necess\u00e1rio no contexto da investiga\u00e7\u00e3o de factos espec\u00edficos, tais como investigadores \/detetives particulares e consultores externos, bem como a advogados e solicitadores para a tramita\u00e7\u00e3o de eventuais processos penais ou relativos a san\u00e7\u00f5es que possam ser aplic\u00e1veis.<\/p>\n\n\n\n<p>Os dados podem igualmente ser comunicados ao Minist\u00e9rio P\u00fablico, \u00e0s autoridades respons\u00e1veis pela aplica\u00e7\u00e3o da lei, bem como \u00e0s autoridades judiciais e\/ou administrativas, sempre que tal se afigure adequado e\/ou necess\u00e1rio.<\/p>\n\n\n\n<h2 class=\"wp-block-heading\">Quais s\u00e3o os seus direitos?<\/h2>\n\n\n\n<p>Pode solicitar \u00e0 Empresa que confirme se os seus dados pessoais est\u00e3o a ser tratados no \u00e2mbito da gest\u00e3o do Canal de \u00c9tica e, em caso afirmativo, aceder a esses dados e solicitar uma c\u00f3pia dos mesmos. Pode ainda solicitar a retifica\u00e7\u00e3o dos dados inexatos ou, se for caso disso, solicitar o seu apagamento, quando, entre outros motivos, os dados deixarem de ser necess\u00e1rios para os fins para os quais foram recolhidos.<\/p>\n\n\n\n<p>Note-se que, em qualquer caso, a identidade de qualquer informador ou de quaisquer terceiros envolvidos ser\u00e1 exclu\u00edda do direito de acesso. O exerc\u00edcio do direito de acesso pode tamb\u00e9m ser limitado sempre que isso possa, direta ou indiretamente, prejudicar ou afetar, direta ou indiretamente, o decurso de uma investiga\u00e7\u00e3o.<\/p>\n\n\n\n<p>No caso de a pessoa a quem se referem os factos reportados ou a quem se refira a divulga\u00e7\u00e3o p\u00fablica exercer o direito de oposi\u00e7\u00e3o, presume-se, salvo prova em contr\u00e1rio, que existem motivos leg\u00edtimos imperiosos para o tratamento dos seus dados pessoais.<\/p>\n\n\n\n<p>Para exercer os suprarreferidos direitos, deve enviar uma comunica\u00e7\u00e3o por escrito ou por via eletr\u00f3nica para os endere\u00e7os de contacto indicados na primeira sec\u00e7\u00e3o da presente pol\u00edtica.<\/p>\n\n\n\n<p>Por \u00faltimo, informa-se o titular do seu direito de apresentar uma queixa junto da Ag\u00eancia Espanhola de Prote\u00e7\u00e3o de Dados.<\/p>\n","protected":false},"excerpt":{"rendered":"<p>Pol\u00edtica de privacidade do Canal de \u00c9tica Quem \u00e9 o Respons\u00e1vel pelo Tratamento dos seus dados? Identidade: CLECE SEGURIDAD S.A.U. (adiante por \u00abSociedade\u00bb) NIF: A86340098 End. Postal: Av. V\u00eda L\u00e1ctea, 1, 28830, San Fernando de Henares (Madrid) Encarregado da prote\u00e7\u00e3o de dados: Pode contactar o Encarregado da prote\u00e7\u00e3o de dados atrav\u00e9s do endere\u00e7o de correio [&hellip;]<\/p>\n","protected":false},"author":2,"featured_media":0,"parent":0,"menu_order":0,"comment_status":"closed","ping_status":"closed","template":"template-pages\/politica-privacidad.php","meta":{"_acf_changed":false,"footnotes":""},"class_list":["post-3755","page","type-page","status-publish","hentry"],"acf":[],"yoast_head":"<!-- This site is optimized with the Yoast SEO plugin v27.3 - https:\/\/yoast.com\/product\/yoast-seo-wordpress\/ -->\n<title>Pol\u00edtica de Privacidade do Canal de \u00c9tica | Clece Seguridad<\/title>\n<meta name=\"description\" content=\"Conhe\u00e7a a nossa pol\u00edtica de privacidade do Canal \u00c9tico, com medidas rigorosas de seguran\u00e7a e confidencialidade. Saiba como gerimos as suas informa\u00e7\u00f5es\" \/>\n<meta name=\"robots\" content=\"index, follow, max-snippet:-1, max-image-preview:large, max-video-preview:-1\" \/>\n<link rel=\"canonical\" href=\"https:\/\/cleceseguridad.com\/pt\/politica-de-privacidade-canal-de-etica\/\" \/>\n<meta property=\"og:locale\" content=\"pt_PT\" \/>\n<meta property=\"og:type\" content=\"article\" \/>\n<meta property=\"og:title\" content=\"Pol\u00edtica de Privacidade do Canal de \u00c9tica | Clece Seguridad\" \/>\n<meta property=\"og:description\" content=\"Conhe\u00e7a a nossa pol\u00edtica de privacidade do Canal \u00c9tico, com medidas rigorosas de seguran\u00e7a e confidencialidade. Saiba como gerimos as suas informa\u00e7\u00f5es\" \/>\n<meta property=\"og:url\" content=\"https:\/\/cleceseguridad.com\/pt\/politica-de-privacidade-canal-de-etica\/\" \/>\n<meta property=\"og:site_name\" content=\"Clece\" \/>\n<meta property=\"article:modified_time\" content=\"2023-12-12T09:58:43+00:00\" \/>\n<meta name=\"twitter:card\" content=\"summary_large_image\" \/>\n<meta name=\"twitter:label1\" content=\"Tempo estimado de leitura\" \/>\n\t<meta name=\"twitter:data1\" content=\"4 minutos\" \/>\n<script type=\"application\/ld+json\" class=\"yoast-schema-graph\">{\"@context\":\"https:\\\/\\\/schema.org\",\"@graph\":[{\"@type\":\"WebPage\",\"@id\":\"https:\\\/\\\/cleceseguridad.com\\\/pt\\\/politica-de-privacidade-canal-de-etica\\\/\",\"url\":\"https:\\\/\\\/cleceseguridad.com\\\/pt\\\/politica-de-privacidade-canal-de-etica\\\/\",\"name\":\"Pol\u00edtica de Privacidade do Canal de \u00c9tica | Clece Seguridad\",\"isPartOf\":{\"@id\":\"https:\\\/\\\/cleceseguridad.com\\\/#website\"},\"datePublished\":\"2023-06-19T18:38:53+00:00\",\"dateModified\":\"2023-12-12T09:58:43+00:00\",\"description\":\"Conhe\u00e7a a nossa pol\u00edtica de privacidade do Canal \u00c9tico, com medidas rigorosas de seguran\u00e7a e confidencialidade. Saiba como gerimos as suas informa\u00e7\u00f5es\",\"breadcrumb\":{\"@id\":\"https:\\\/\\\/cleceseguridad.com\\\/pt\\\/politica-de-privacidade-canal-de-etica\\\/#breadcrumb\"},\"inLanguage\":\"pt-PT\",\"potentialAction\":[{\"@type\":\"ReadAction\",\"target\":[\"https:\\\/\\\/cleceseguridad.com\\\/pt\\\/politica-de-privacidade-canal-de-etica\\\/\"]}]},{\"@type\":\"BreadcrumbList\",\"@id\":\"https:\\\/\\\/cleceseguridad.com\\\/pt\\\/politica-de-privacidade-canal-de-etica\\\/#breadcrumb\",\"itemListElement\":[{\"@type\":\"ListItem\",\"position\":1,\"name\":\"Inicio\",\"item\":\"https:\\\/\\\/cleceseguridad.com\\\/pt\\\/\"},{\"@type\":\"ListItem\",\"position\":2,\"name\":\"Pol\u00edtica de privacidade do Canal de \u00c9tica\"}]},{\"@type\":\"WebSite\",\"@id\":\"https:\\\/\\\/cleceseguridad.com\\\/#website\",\"url\":\"https:\\\/\\\/cleceseguridad.com\\\/\",\"name\":\"Clece\",\"description\":\"\",\"potentialAction\":[{\"@type\":\"SearchAction\",\"target\":{\"@type\":\"EntryPoint\",\"urlTemplate\":\"https:\\\/\\\/cleceseguridad.com\\\/?s={search_term_string}\"},\"query-input\":{\"@type\":\"PropertyValueSpecification\",\"valueRequired\":true,\"valueName\":\"search_term_string\"}}],\"inLanguage\":\"pt-PT\"}]}<\/script>\n<!-- \/ Yoast SEO plugin. -->","yoast_head_json":{"title":"Pol\u00edtica de Privacidade do Canal de \u00c9tica | Clece Seguridad","description":"Conhe\u00e7a a nossa pol\u00edtica de privacidade do Canal \u00c9tico, com medidas rigorosas de seguran\u00e7a e confidencialidade. Saiba como gerimos as suas informa\u00e7\u00f5es","robots":{"index":"index","follow":"follow","max-snippet":"max-snippet:-1","max-image-preview":"max-image-preview:large","max-video-preview":"max-video-preview:-1"},"canonical":"https:\/\/cleceseguridad.com\/pt\/politica-de-privacidade-canal-de-etica\/","og_locale":"pt_PT","og_type":"article","og_title":"Pol\u00edtica de Privacidade do Canal de \u00c9tica | Clece Seguridad","og_description":"Conhe\u00e7a a nossa pol\u00edtica de privacidade do Canal \u00c9tico, com medidas rigorosas de seguran\u00e7a e confidencialidade. Saiba como gerimos as suas informa\u00e7\u00f5es","og_url":"https:\/\/cleceseguridad.com\/pt\/politica-de-privacidade-canal-de-etica\/","og_site_name":"Clece","article_modified_time":"2023-12-12T09:58:43+00:00","twitter_card":"summary_large_image","twitter_misc":{"Tempo estimado de leitura":"4 minutos"},"schema":{"@context":"https:\/\/schema.org","@graph":[{"@type":"WebPage","@id":"https:\/\/cleceseguridad.com\/pt\/politica-de-privacidade-canal-de-etica\/","url":"https:\/\/cleceseguridad.com\/pt\/politica-de-privacidade-canal-de-etica\/","name":"Pol\u00edtica de Privacidade do Canal de \u00c9tica | Clece Seguridad","isPartOf":{"@id":"https:\/\/cleceseguridad.com\/#website"},"datePublished":"2023-06-19T18:38:53+00:00","dateModified":"2023-12-12T09:58:43+00:00","description":"Conhe\u00e7a a nossa pol\u00edtica de privacidade do Canal \u00c9tico, com medidas rigorosas de seguran\u00e7a e confidencialidade. Saiba como gerimos as suas informa\u00e7\u00f5es","breadcrumb":{"@id":"https:\/\/cleceseguridad.com\/pt\/politica-de-privacidade-canal-de-etica\/#breadcrumb"},"inLanguage":"pt-PT","potentialAction":[{"@type":"ReadAction","target":["https:\/\/cleceseguridad.com\/pt\/politica-de-privacidade-canal-de-etica\/"]}]},{"@type":"BreadcrumbList","@id":"https:\/\/cleceseguridad.com\/pt\/politica-de-privacidade-canal-de-etica\/#breadcrumb","itemListElement":[{"@type":"ListItem","position":1,"name":"Inicio","item":"https:\/\/cleceseguridad.com\/pt\/"},{"@type":"ListItem","position":2,"name":"Pol\u00edtica de privacidade do Canal de \u00c9tica"}]},{"@type":"WebSite","@id":"https:\/\/cleceseguridad.com\/#website","url":"https:\/\/cleceseguridad.com\/","name":"Clece","description":"","potentialAction":[{"@type":"SearchAction","target":{"@type":"EntryPoint","urlTemplate":"https:\/\/cleceseguridad.com\/?s={search_term_string}"},"query-input":{"@type":"PropertyValueSpecification","valueRequired":true,"valueName":"search_term_string"}}],"inLanguage":"pt-PT"}]}},"_links":{"self":[{"href":"https:\/\/cleceseguridad.com\/pt\/wp-json\/wp\/v2\/pages\/3755","targetHints":{"allow":["GET"]}}],"collection":[{"href":"https:\/\/cleceseguridad.com\/pt\/wp-json\/wp\/v2\/pages"}],"about":[{"href":"https:\/\/cleceseguridad.com\/pt\/wp-json\/wp\/v2\/types\/page"}],"author":[{"embeddable":true,"href":"https:\/\/cleceseguridad.com\/pt\/wp-json\/wp\/v2\/users\/2"}],"replies":[{"embeddable":true,"href":"https:\/\/cleceseguridad.com\/pt\/wp-json\/wp\/v2\/comments?post=3755"}],"version-history":[{"count":4,"href":"https:\/\/cleceseguridad.com\/pt\/wp-json\/wp\/v2\/pages\/3755\/revisions"}],"predecessor-version":[{"id":5709,"href":"https:\/\/cleceseguridad.com\/pt\/wp-json\/wp\/v2\/pages\/3755\/revisions\/5709"}],"wp:attachment":[{"href":"https:\/\/cleceseguridad.com\/pt\/wp-json\/wp\/v2\/media?parent=3755"}],"curies":[{"name":"wp","href":"https:\/\/api.w.org\/{rel}","templated":true}]}}