{"id":3754,"date":"2023-06-16T08:37:31","date_gmt":"2023-06-16T08:37:31","guid":{"rendered":"https:\/\/cleceseguridad.com\/politica-de-privacidad\/"},"modified":"2025-09-02T14:57:53","modified_gmt":"2025-09-02T14:57:53","slug":"politica-de-privacidade","status":"publish","type":"page","link":"https:\/\/cleceseguridad.com\/pt\/politica-de-privacidade\/","title":{"rendered":"Pol\u00edtica de privacidade"},"content":{"rendered":"\r\n<h1 class=\"wp-block-heading\">Pol\u00edtica de privacidade<\/h1>\r\n\r\n\r\n\r\n<div class=\"wp-block-spacer\" style=\"height: 25px;\" aria-hidden=\"true\">\u00a0<\/div>\r\n\r\n\r\n\r\n<h2 class=\"wp-block-heading\">1. Quem \u00e9 o respons\u00e1vel pelo tratamento dos seus dados?<\/h2>\r\n<ul>\r\n<li>Denomina\u00e7\u00e3o Social: CLECE SEGURIDAD S.A.<\/li>\r\n<li>CIF: A86340098<\/li>\r\n<li>Endere\u00e7o Registrado: Av. V\u00eda L\u00e1ctea, 1, 28830, San Fernando de Henares (Madrid)<\/li>\r\n<li>Telefone: +34 91 7371172<\/li>\r\n<li>E-mail do Encarregado de Prote\u00e7\u00e3o de Dados (DPO): rgpd-cleceseguridad@cleceseguridad.com<\/li>\r\n<\/ul>\r\n\r\n\r\n\r\n<h2 class=\"wp-block-heading\">\u00a0<\/h2>\r\n<h2 class=\"wp-block-heading\">2. QUAL \u00c9 A FINALIDADE E A BASE LEGAL PARA O TRATAMENTO DOS SEUS DADOS PESSOAIS?<\/h2>\r\n\r\n\r\n\r\n<p>Atrav\u00e9s deste site, recolhemos dados pessoais por meio do formul\u00e1rio de contato para as seguintes finalidades:<\/p>\r\n<p><strong>Gest\u00e3o de pedidos de informa\u00e7\u00e3o e contato:<\/strong><\/p>\r\n<ul>\r\n<li>\u00a0Recolher e gerir consultas relacionadas com os nossos servi\u00e7os.<\/li>\r\n<li>\u00a0Fornecer informa\u00e7\u00f5es sobre os servi\u00e7os com base na \u00e1rea geogr\u00e1fica selecionada.<\/li>\r\n<li>\u00a0Atender \u00e0s solicita\u00e7\u00f5es recebidas.<\/li>\r\n<\/ul>\r\n<p>A base legal para este tratamento \u00e9 a execu\u00e7\u00e3o de um contrato ou medidas pr\u00e9-contratuais, conforme previsto no Artigo 6(1)(b) do Regulamento Geral sobre a Prote\u00e7\u00e3o de Dados (RGPD), considerando-se o consentimento concedido quando voc\u00ea envia o formul\u00e1rio com os seus dados.<\/p>\r\n<p><strong>Gest\u00e3o de sugest\u00f5es, reclama\u00e7\u00f5es e coment\u00e1rios:<\/strong><\/p>\r\n<ul>\r\n<li>\u00a0Processar reclama\u00e7\u00f5es, sugest\u00f5es ou coment\u00e1rios submetidos atrav\u00e9s da se\u00e7\u00e3o correspondente.<\/li>\r\n<li>\u00a0Responder a solicita\u00e7\u00f5es relacionadas com a qualidade dos servi\u00e7os prestados.<\/li>\r\n<\/ul>\r\n<p>A base legal para este tratamento \u00e9 o cumprimento de obriga\u00e7\u00f5es contratuais ou pr\u00e9-contratuais nos termos do Artigo 6(1)(b) do RGPD, considerando-se o consentimento concedido quando voc\u00ea envia o formul\u00e1rio com os seus dados.<\/p>\r\n<p>Caso voc\u00ea entre em contato conosco por outros meios (por exemplo, e-mail), processaremos os seus dados para atender \u00e0 sua solicita\u00e7\u00e3o e responder atrav\u00e9s do meio de contato fornecido. A base legal para esse tratamento \u00e9 o seu consentimento expl\u00edcito, considerado concedido ao recebermos o seu pedido por e-mail.<\/p>\r\n\r\n\r\n\r\n<h2 class=\"wp-block-heading\">\u00a0<\/h2>\r\n<h2 class=\"wp-block-heading\">3. QUE CATEGORIAS DE DADOS PESSOAIS TRATAMOS?<\/h2>\r\n\r\n\r\n\r\n<p>Dependendo do uso que fizer do nosso site, poderemos processar as seguintes categorias de dados pessoais:<\/p>\r\n<ul>\r\n<li><strong>Dados de identifica\u00e7\u00e3o e contato:<\/strong> Nome, sobrenome, endere\u00e7o de e-mail e telefone.<\/li>\r\n<li><strong>Dados de localiza\u00e7\u00e3o:<\/strong> Sele\u00e7\u00e3o da \u00e1rea geogr\u00e1fica.<\/li>\r\n<li><strong>Dados de navega\u00e7\u00e3o:<\/strong> Endere\u00e7o IP e padr\u00f5es de uso do site (Para mais informa\u00e7\u00f5es, consulte a nossa Pol\u00edtica de Cookies).<\/li>\r\n<li><strong>Outros dados:<\/strong> Informa\u00e7\u00f5es adicionais fornecidas pelo usu\u00e1rio no campo &#8220;Coment\u00e1rios&#8221; do formul\u00e1rio.<\/li>\r\n<\/ul>\r\n<p>Por favor, n\u00e3o envie dados pessoais sens\u00edveis ou informa\u00e7\u00f5es de terceiros sem o seu consentimento expl\u00edcito por meio do formul\u00e1rio web ou atrav\u00e9s de qualquer e-mail indicado neste site.<\/p>\r\n\r\n\r\n\r\n<h2 class=\"wp-block-heading\">\u00a0<\/h2>\r\n<h2 class=\"wp-block-heading\">4. POR QUANTO TEMPO CONSERVAMOS OS SEUS DADOS PESSOAIS?<\/h2>\r\n\r\n\r\n\r\n<p>Os dados pessoais ser\u00e3o conservados durante os seguintes per\u00edodos:<\/p>\r\n<ul>\r\n<li><strong>Gest\u00e3o de pedidos e consultas:<\/strong> At\u00e9 que a consulta seja resolvida, e por um m\u00e1ximo de 12 meses.<\/li>\r\n<li><strong>Sugest\u00f5es e reclama\u00e7\u00f5es:<\/strong> Pelo tempo necess\u00e1rio para a resolu\u00e7\u00e3o da quest\u00e3o e at\u00e9 5 anos ap\u00f3s o processamento (prazo de prescri\u00e7\u00e3o para a\u00e7\u00f5es civis potenciais).<\/li>\r\n<li><strong>Dados de navega\u00e7\u00e3o:<\/strong> De acordo com as configura\u00e7\u00f5es de cookies (Para mais informa\u00e7\u00f5es, consulte a nossa Pol\u00edtica de Cookies).<\/li>\r\n<\/ul>\r\n\r\n\r\n\r\n<h2 class=\"wp-block-heading\">\u00a0<\/h2>\r\n<h2 class=\"wp-block-heading\">5. COM QUEM PARTILHAMOS OS SEUS DADOS PESSOAIS?<\/h2>\r\n\r\n\r\n\r\n<p>N\u00e3o compartilharemos os seus dados pessoais com terceiros fora do Grupo CLECE, exceto quando for necess\u00e1rio por obriga\u00e7\u00e3o legal ou para a presta\u00e7\u00e3o de servi\u00e7os por meio de fornecedores contratados, tais como:<\/p>\r\n<ul>\r\n<li><strong>Fornecedores tecnol\u00f3gicos:<\/strong> Plataformas de hospedagem e manuten\u00e7\u00e3o de sites.<\/li>\r\n<li><strong>Autoridades e \u00f3rg\u00e3os p\u00fablicos:<\/strong> Quando exigido por lei.<\/li>\r\n<\/ul>\r\n<p>Para servi\u00e7os com fornecedores localizados fora do Espa\u00e7o Econ\u00f3mico Europeu (EEE), garantimos que s\u00e3o implementadas as garantias adequadas para a prote\u00e7\u00e3o de dados pessoais.<\/p>\r\n<p>Al\u00e9m disso, a nossa empresa est\u00e1 presente em redes sociais (Facebook, Twitter, YouTube, LinkedIn). Ao interagir com os nossos perfis, recomendamos que consulte as suas pol\u00edticas de privacidade.<\/p>\r\n\r\n\r\n\r\n<h2 class=\"wp-block-heading\">\u00a0<\/h2>\r\n<h2 class=\"wp-block-heading\">6. COMO PROTEGEMOS OS SEUS DADOS PESSOAIS?<\/h2>\r\n\r\n\r\n\r\n<p>Aplicamos medidas t\u00e9cnicas e organizacionais apropriadas para garantir a seguran\u00e7a dos seus dados pessoais, prevenindo acessos n\u00e3o autorizados, perda ou altera\u00e7\u00e3o.<\/p>\r\n\r\n\r\n\r\n<h2 class=\"wp-block-heading\">\u00a0<\/h2>\r\n<h2 class=\"wp-block-heading\">7. QUAIS S\u00c3O OS SEUS DIREITOS E COMO PODE EXERC\u00ca-LOS?<\/h2>\r\n\r\n\r\n\r\n<p>Voc\u00ea tem o direito de:<\/p>\r\n<ul>\r\n<li><strong>Acessar:<\/strong> Obter confirma\u00e7\u00e3o sobre se estamos processando os seus dados pessoais e ter acesso a eles.<\/li>\r\n<li><strong>Retifica\u00e7\u00e3o:<\/strong> Solicitar a corre\u00e7\u00e3o de dados incorretos ou incompletos.<\/li>\r\n<li><strong>Elimina\u00e7\u00e3o (Direito ao Esquecimento):<\/strong> Solicitar a exclus\u00e3o dos seus dados pessoais quando n\u00e3o forem mais necess\u00e1rios para os fins para os quais foram coletados.<\/li>\r\n<li><strong>Limita\u00e7\u00e3o do Tratamento:<\/strong> Restringir o processamento dos seus dados em determinadas circunst\u00e2ncias.<\/li>\r\n<li><strong>Oposi\u00e7\u00e3o:<\/strong> Opor-se ao tratamento dos seus dados para finalidades espec\u00edficas.<\/li>\r\n<li><strong>Portabilidade dos Dados:<\/strong> Receber os seus dados em um formato estruturado, de uso comum e leg\u00edvel por m\u00e1quina ou solicitar a sua transfer\u00eancia para outro respons\u00e1vel.<\/li>\r\n<\/ul>\r\n<p>Para exercer esses direitos, envie um e-mail para rgpd-cleceseguridad@cleceseguridad.com com o assunto &#8220;Exerc\u00edcio de Direitos de Prote\u00e7\u00e3o de Dados&#8221;.<\/p>\r\n<p>Se considerar que os seus direitos n\u00e3o foram devidamente atendidos, poder\u00e1 apresentar uma reclama\u00e7\u00e3o junto \u00e0 Ag\u00eancia Espanhola de Prote\u00e7\u00e3o de Dados (AEPD) (C\/ Jorge Juan, 6, 28001 Madrid ou www.aepd.es).<\/p>\r\n<p>Se voc\u00ea \u00e9 um cidad\u00e3o portugu\u00eas, poder\u00e1 apresentar uma reclama\u00e7\u00e3o \u00e0 autoridade de controle portuguesa (Comiss\u00e3o Nacional de Prote\u00e7\u00e3o de Dados), atrav\u00e9s do site www.cnpd.pt ou pelo endere\u00e7o postal Av. D. Carlos I, 134, 1\u00ba 1200-651 Lisboa, Portugal.<\/p>\r\n<h2>\u00a0<\/h2>\r\n<h2>8. ATUALIZA\u00c7\u00d5ES DESTA POL\u00cdTICA<\/h2>\r\n<p>A empresa poder\u00e1 atualizar esta pol\u00edtica de privacidade em fun\u00e7\u00e3o de altera\u00e7\u00f5es legais ou mudan\u00e7as nas suas pr\u00e1ticas de tratamento de dados. Recomendamos que a consulte periodicamente<\/p>\r\n","protected":false},"excerpt":{"rendered":"<p>Pol\u00edtica de privacidade 1. Quem \u00e9 o respons\u00e1vel pelo tratamento dos seus dados? Denomina\u00e7\u00e3o Social: CLECE SEGURIDAD S.A. CIF: A86340098 Endere\u00e7o Registrado: Av. V\u00eda L\u00e1ctea, 1, 28830, San Fernando de Henares (Madrid) Telefone: +34 91 7371172 E-mail do Encarregado de Prote\u00e7\u00e3o de Dados (DPO): rgpd-cleceseguridad@cleceseguridad.com \u00a0 2. QUAL \u00c9 A FINALIDADE E A BASE LEGAL [&hellip;]<\/p>\n","protected":false},"author":1,"featured_media":0,"parent":0,"menu_order":0,"comment_status":"closed","ping_status":"closed","template":"template-pages\/politica-privacidad.php","meta":{"_acf_changed":false,"footnotes":""},"class_list":["post-3754","page","type-page","status-publish","hentry"],"acf":[],"yoast_head":"<!-- This site is optimized with the Yoast SEO plugin v27.3 - https:\/\/yoast.com\/product\/yoast-seo-wordpress\/ -->\n<title>Pol\u00edtica de Privacidade | Clece Seguridad<\/title>\n<meta name=\"description\" content=\"Conhe\u00e7a a nossa pol\u00edtica de privacidade, com medidas rigorosas de seguran\u00e7a e confidencialidade. Saiba como gerimos e protegemos as suas informa\u00e7\u00f5es\" \/>\n<meta name=\"robots\" content=\"index, follow, max-snippet:-1, max-image-preview:large, max-video-preview:-1\" \/>\n<link rel=\"canonical\" href=\"https:\/\/cleceseguridad.com\/pt\/politica-de-privacidade\/\" \/>\n<meta property=\"og:locale\" content=\"pt_PT\" \/>\n<meta property=\"og:type\" content=\"article\" \/>\n<meta property=\"og:title\" content=\"Pol\u00edtica de Privacidade | Clece Seguridad\" \/>\n<meta property=\"og:description\" content=\"Conhe\u00e7a a nossa pol\u00edtica de privacidade, com medidas rigorosas de seguran\u00e7a e confidencialidade. Saiba como gerimos e protegemos as suas informa\u00e7\u00f5es\" \/>\n<meta property=\"og:url\" content=\"https:\/\/cleceseguridad.com\/pt\/politica-de-privacidade\/\" \/>\n<meta property=\"og:site_name\" content=\"Clece\" \/>\n<meta property=\"article:modified_time\" content=\"2025-09-02T14:57:53+00:00\" \/>\n<meta name=\"twitter:card\" content=\"summary_large_image\" \/>\n<meta name=\"twitter:label1\" content=\"Tempo estimado de leitura\" \/>\n\t<meta name=\"twitter:data1\" content=\"4 minutos\" \/>\n<script type=\"application\/ld+json\" class=\"yoast-schema-graph\">{\"@context\":\"https:\\\/\\\/schema.org\",\"@graph\":[{\"@type\":\"WebPage\",\"@id\":\"https:\\\/\\\/cleceseguridad.com\\\/pt\\\/politica-de-privacidade\\\/\",\"url\":\"https:\\\/\\\/cleceseguridad.com\\\/pt\\\/politica-de-privacidade\\\/\",\"name\":\"Pol\u00edtica de Privacidade | Clece Seguridad\",\"isPartOf\":{\"@id\":\"https:\\\/\\\/cleceseguridad.com\\\/#website\"},\"datePublished\":\"2023-06-16T08:37:31+00:00\",\"dateModified\":\"2025-09-02T14:57:53+00:00\",\"description\":\"Conhe\u00e7a a nossa pol\u00edtica de privacidade, com medidas rigorosas de seguran\u00e7a e confidencialidade. Saiba como gerimos e protegemos as suas informa\u00e7\u00f5es\",\"breadcrumb\":{\"@id\":\"https:\\\/\\\/cleceseguridad.com\\\/pt\\\/politica-de-privacidade\\\/#breadcrumb\"},\"inLanguage\":\"pt-PT\",\"potentialAction\":[{\"@type\":\"ReadAction\",\"target\":[\"https:\\\/\\\/cleceseguridad.com\\\/pt\\\/politica-de-privacidade\\\/\"]}]},{\"@type\":\"BreadcrumbList\",\"@id\":\"https:\\\/\\\/cleceseguridad.com\\\/pt\\\/politica-de-privacidade\\\/#breadcrumb\",\"itemListElement\":[{\"@type\":\"ListItem\",\"position\":1,\"name\":\"Inicio\",\"item\":\"https:\\\/\\\/cleceseguridad.com\\\/pt\\\/\"},{\"@type\":\"ListItem\",\"position\":2,\"name\":\"Pol\u00edtica de privacidade\"}]},{\"@type\":\"WebSite\",\"@id\":\"https:\\\/\\\/cleceseguridad.com\\\/#website\",\"url\":\"https:\\\/\\\/cleceseguridad.com\\\/\",\"name\":\"Clece\",\"description\":\"\",\"potentialAction\":[{\"@type\":\"SearchAction\",\"target\":{\"@type\":\"EntryPoint\",\"urlTemplate\":\"https:\\\/\\\/cleceseguridad.com\\\/?s={search_term_string}\"},\"query-input\":{\"@type\":\"PropertyValueSpecification\",\"valueRequired\":true,\"valueName\":\"search_term_string\"}}],\"inLanguage\":\"pt-PT\"}]}<\/script>\n<!-- \/ Yoast SEO plugin. -->","yoast_head_json":{"title":"Pol\u00edtica de Privacidade | Clece Seguridad","description":"Conhe\u00e7a a nossa pol\u00edtica de privacidade, com medidas rigorosas de seguran\u00e7a e confidencialidade. Saiba como gerimos e protegemos as suas informa\u00e7\u00f5es","robots":{"index":"index","follow":"follow","max-snippet":"max-snippet:-1","max-image-preview":"max-image-preview:large","max-video-preview":"max-video-preview:-1"},"canonical":"https:\/\/cleceseguridad.com\/pt\/politica-de-privacidade\/","og_locale":"pt_PT","og_type":"article","og_title":"Pol\u00edtica de Privacidade | Clece Seguridad","og_description":"Conhe\u00e7a a nossa pol\u00edtica de privacidade, com medidas rigorosas de seguran\u00e7a e confidencialidade. Saiba como gerimos e protegemos as suas informa\u00e7\u00f5es","og_url":"https:\/\/cleceseguridad.com\/pt\/politica-de-privacidade\/","og_site_name":"Clece","article_modified_time":"2025-09-02T14:57:53+00:00","twitter_card":"summary_large_image","twitter_misc":{"Tempo estimado de leitura":"4 minutos"},"schema":{"@context":"https:\/\/schema.org","@graph":[{"@type":"WebPage","@id":"https:\/\/cleceseguridad.com\/pt\/politica-de-privacidade\/","url":"https:\/\/cleceseguridad.com\/pt\/politica-de-privacidade\/","name":"Pol\u00edtica de Privacidade | Clece Seguridad","isPartOf":{"@id":"https:\/\/cleceseguridad.com\/#website"},"datePublished":"2023-06-16T08:37:31+00:00","dateModified":"2025-09-02T14:57:53+00:00","description":"Conhe\u00e7a a nossa pol\u00edtica de privacidade, com medidas rigorosas de seguran\u00e7a e confidencialidade. Saiba como gerimos e protegemos as suas informa\u00e7\u00f5es","breadcrumb":{"@id":"https:\/\/cleceseguridad.com\/pt\/politica-de-privacidade\/#breadcrumb"},"inLanguage":"pt-PT","potentialAction":[{"@type":"ReadAction","target":["https:\/\/cleceseguridad.com\/pt\/politica-de-privacidade\/"]}]},{"@type":"BreadcrumbList","@id":"https:\/\/cleceseguridad.com\/pt\/politica-de-privacidade\/#breadcrumb","itemListElement":[{"@type":"ListItem","position":1,"name":"Inicio","item":"https:\/\/cleceseguridad.com\/pt\/"},{"@type":"ListItem","position":2,"name":"Pol\u00edtica de privacidade"}]},{"@type":"WebSite","@id":"https:\/\/cleceseguridad.com\/#website","url":"https:\/\/cleceseguridad.com\/","name":"Clece","description":"","potentialAction":[{"@type":"SearchAction","target":{"@type":"EntryPoint","urlTemplate":"https:\/\/cleceseguridad.com\/?s={search_term_string}"},"query-input":{"@type":"PropertyValueSpecification","valueRequired":true,"valueName":"search_term_string"}}],"inLanguage":"pt-PT"}]}},"_links":{"self":[{"href":"https:\/\/cleceseguridad.com\/pt\/wp-json\/wp\/v2\/pages\/3754","targetHints":{"allow":["GET"]}}],"collection":[{"href":"https:\/\/cleceseguridad.com\/pt\/wp-json\/wp\/v2\/pages"}],"about":[{"href":"https:\/\/cleceseguridad.com\/pt\/wp-json\/wp\/v2\/types\/page"}],"author":[{"embeddable":true,"href":"https:\/\/cleceseguridad.com\/pt\/wp-json\/wp\/v2\/users\/1"}],"replies":[{"embeddable":true,"href":"https:\/\/cleceseguridad.com\/pt\/wp-json\/wp\/v2\/comments?post=3754"}],"version-history":[{"count":14,"href":"https:\/\/cleceseguridad.com\/pt\/wp-json\/wp\/v2\/pages\/3754\/revisions"}],"predecessor-version":[{"id":5736,"href":"https:\/\/cleceseguridad.com\/pt\/wp-json\/wp\/v2\/pages\/3754\/revisions\/5736"}],"wp:attachment":[{"href":"https:\/\/cleceseguridad.com\/pt\/wp-json\/wp\/v2\/media?parent=3754"}],"curies":[{"name":"wp","href":"https:\/\/api.w.org\/{rel}","templated":true}]}}