{"id":3752,"date":"2023-07-14T11:29:19","date_gmt":"2023-07-14T11:29:19","guid":{"rendered":"https:\/\/cleceseguridad.com\/declaracion-accesibilidad\/"},"modified":"2024-06-27T13:40:10","modified_gmt":"2024-06-27T13:40:10","slug":"declaracao-de-acessibilidade","status":"publish","type":"page","link":"https:\/\/cleceseguridad.com\/pt\/declaracao-de-acessibilidade\/","title":{"rendered":"Declara\u00e7\u00e3o de Acessibilidade"},"content":{"rendered":"\n<h1 class=\"wp-block-heading\">Declara\u00e7\u00e3o de Acessibilidade<\/h1>\n\n\n\n<div style=\"height:25px\" aria-hidden=\"true\" class=\"wp-block-spacer\"><\/div>\n\n\n\n<h2 class=\"wp-block-heading\">Estado de conformidade<\/h2>\n\n\n\n<p>Acreditamos convictamente que a Internet deve estar dispon\u00edvel e ser acess\u00edvel a qualquer pessoa, e estamos empenhados em disponibilizar um s\u00edtio Web que seja acess\u00edvel ao maior n\u00famero de pessoas poss\u00edvel, independentemente das suas circunst\u00e2ncias e capacidades.<br>Para que isso seja poss\u00edvel, pretendemos cumprir, o mais rigorosamente poss\u00edvel, as Diretrizes para a Acessibilidade do Conte\u00fado da Web 2.1 (WCAG 2.1) do Cons\u00f3rcio World Wide Web (W3C), ao n\u00edvel de conformidade AA. Estas diretrizes explicam como tornar o conte\u00fado da Web acess\u00edvel a pessoas com diversos tipos de incapacidades. O cumprimento dessas diretrizes ajuda-nos a garantir que o s\u00edtio Web \u00e9 acess\u00edvel a todas as pessoas: cegos, pessoas com dificuldades motoras, visuais, incapacidades cognitivas, etc.<br>Este s\u00edtio Web utiliza diversas tecnologias que visam torn\u00e1-lo, permanentemente, o mais acess\u00edvel poss\u00edvel. Utilizamos uma interface de acessibilidade que permite \u00e0s pessoas com incapacidades espec\u00edficas ajustar a IU (interface do utilizador) do s\u00edtio Web, e a sua estrutura, de acordo com as suas necessidades pessoais.<br>Al\u00e9m disso, o s\u00edtio Web utiliza uma aplica\u00e7\u00e3o baseada em IA que \u00e9 executada em segundo plano e otimiza constantemente o seu n\u00edvel de acessibilidade. Esta aplica\u00e7\u00e3o corrige o HTML do s\u00edtio Web, adapta a sua funcionalidade e comportamento para os leitores de ecr\u00e3 utilizados pelos utilizadores cegos e para as fun\u00e7\u00f5es do teclado utilizadas por pessoas com incapacidades motoras.<\/p>\n\n\n\n<p><br>Se tiver encontrado uma avaria ou tiver sugest\u00f5es para fazer melhorias, teremos todo o gosto em ouvir a sua opini\u00e3o. <\/p>\n\n\n\n<h2 class=\"wp-block-heading\">Leitor de ecr\u00e3 e navega\u00e7\u00e3o com teclado<\/h2>\n\n\n\n<p>O nosso s\u00edtio implementa a t\u00e9cnica de atributos Aplica\u00e7\u00e3o para Internet Acess\u00edvel Avan\u00e7ada (Accessible Rich Internet Application, ARIA), juntamente com diversas altera\u00e7\u00f5es comportamentais diversificadas, para garantir que os utilizadores cegos que consultem o s\u00edtio utilizando leitores de ecr\u00e3 possam ler, compreender e beneficiar das fun\u00e7\u00f5es do s\u00edtio. Assim que um utilizador com um leitor de ecr\u00e3 entrar no seu s\u00edtio, recebe imediatamente um pedido para que insira o Perfil de Leitor de Ecr\u00e3 de modo a poder navegar e utilizar o seu s\u00edtio eficazmente. Eis como o nosso s\u00edtio Web abrange alguns dos requisitos mais importantes dos leitores de ecr\u00e3, juntamente com capturas de ecr\u00e3 de consola com exemplos de c\u00f3digo:<\/p>\n\n\n\n<p>1. <strong>Otimiza\u00e7\u00e3o do leitor de ecr\u00e3:<\/strong> executamos um processo em segundo plano que aprende os componentes do s\u00edtio Web de cima para baixo, de modo a garantir uma conformidade cont\u00ednua, mesmo quando o s\u00edtio Web \u00e9 atualizado. Neste processo, fornecemos aos leitores de ecr\u00e3 dados significativos, utilizando o conjunto de atributos ARIA. Por exemplo, disponibilizamos etiquetas de formul\u00e1rios precisas; descri\u00e7\u00f5es de \u00edcones acion\u00e1veis (\u00edcones de redes sociais, \u00edcones de pesquisa, \u00edcones de carrinho, etc.); orienta\u00e7\u00f5es de valida\u00e7\u00e3o para dados introduzidos em formul\u00e1rios; fun\u00e7\u00f5es de elementos como por exemplo, bot\u00f5es, menus, janelas de di\u00e1logos modais (pop-ups) entre outros. Al\u00e9m disso, o processo em segundo plano analisa todas as imagens do s\u00edtio Web e disponibiliza uma descri\u00e7\u00e3o precisa e significativa, baseada no reconhecimento de imagens\/ objetos, apresentando uma etiqueta ALT (texto alternativo) para imagens que n\u00e3o estejam descritas. Ir\u00e1 ainda extrair textos que estejam incorporados na imagem, utilizando uma tecnologia OCR (reconhecimento \u00f3tico de caracteres). Para ativar os ajustes do leitor de ecr\u00e3 a qualquer altura, os utilizadores apenas t\u00eam de premir a combina\u00e7\u00e3o de teclas Alt+1. Os utilizadores de leitores de ecr\u00e3 tamb\u00e9m recebem alertas autom\u00e1ticos para ativar o modo de leitura de ecr\u00e3, assim que entram no s\u00edtio Web.<br>Estes ajustes s\u00e3o compat\u00edveis com todos os leitores de ecr\u00e3 populares, incluindo o JAWS e o NVDA.<\/p>\n\n\n\n<p>2. <strong>Otimiza\u00e7\u00e3o da navega\u00e7\u00e3o por teclado: <\/strong>O processo em segundo plano tamb\u00e9m ajusta o HTML do s\u00edtio Web e adiciona diversos comportamentos, utilizando c\u00f3digo JavaScript, para tornar o s\u00edtio Web acion\u00e1vel atrav\u00e9s do teclado. Isto inclui a capacidade de navegar no s\u00edtio Web utilizando as teclas Tab e Shift+Tab, utilizar menus de listas pendentes com as teclas de setas, fech\u00e1-los com Esc, acionar bot\u00f5es e hiperliga\u00e7\u00f5es utilizando a tecla Enter, navegar entre elementos de bot\u00f5es de op\u00e7\u00e3o e caixas de verifica\u00e7\u00e3o utilizando as teclas de setas e preench\u00ea-los com a Barra de espa\u00e7os ou a tecla Enter. Al\u00e9m disso, os utilizadores do teclado ter\u00e3o dispon\u00edveis menus de navega\u00e7\u00e3o r\u00e1pida e menus que permitem saltar para o conte\u00fado principal, dispon\u00edveis a qualquer altura clicando em Alt+1, ou que aparecem como primeiros elementos do site, durante a navega\u00e7\u00e3o com o teclado. O processo em segundo plano tamb\u00e9m lida com os pop-ups acionados, movendo o foco do teclado para estes, assim que surgem, e n\u00e3o permitindo que o foco se desvie destes.<br>Os utilizadores tamb\u00e9m podem utilizar atalhos como, por exemplo, &#8220;M&#8221; (menus), &#8220;H&#8221; (cabe\u00e7alhos), &#8220;F&#8221; (formul\u00e1rios), &#8220;B&#8221; (bot\u00f5es) e &#8220;G&#8221; (elementos gr\u00e1ficos) para saltar para elementos espec\u00edficos.<\/p>\n\n\n\n<h2 class=\"wp-block-heading\">Perfis de incapacidade suportados no nosso s\u00edtio Web<\/h2>\n\n\n\n<ul class=\"wp-block-list\">\n<li><strong>Modo seguro para epilepsia<\/strong>: este perfil permite que as pessoas com epilepsia utilizem o s\u00edtio Web com seguran\u00e7a, eliminando o risco de convuls\u00f5es resultantes de anima\u00e7\u00f5es intermitentes, ou que piscam, e combina\u00e7\u00f5es de cores potencialmente perigosas.<br><\/li>\n\n\n\n<li><strong>Modo para pessoas com incapacidade visual<\/strong>: este modo ajusta o s\u00edtio Web para conveni\u00eancia dos utilizadores com incapacidades visuais, tais como vis\u00e3o degradada, vis\u00e3o em t\u00fanel, cataratas, glaucoma, entre outras.<br><\/li>\n\n\n\n<li><strong>Modo para pessoas com incapacidade cognitiva<\/strong>: este modo disponibiliza diferentes op\u00e7\u00f5es de assist\u00eancia para auxiliar os utilizadores com incapacidades cognitivas, como dislexia, autismo, AVC, entre outras, a concentrarem-se mais facilmente nos elementos essenciais do s\u00edtio Web.<br><\/li>\n\n\n\n<li><strong>Modo compat\u00edvel com D\u00e9ficit de Aten\u00e7\u00e3o e Hiperatividade<\/strong>: este modo ajuda os utilizadores com D\u00e9ficit de Aten\u00e7\u00e3o e Hiperatividade e perturba\u00e7\u00f5es do desenvolvimento neurol\u00f3gico a ler, navegar e a concentrar-se mais facilmente nos elementos principais do s\u00edtio Web, reduzindo significativamente as distra\u00e7\u00f5es.<br><\/li>\n\n\n\n<li><strong>Modo para cegueira<\/strong>: este modo configura o s\u00edtio Web para que se torne compat\u00edvel com leitores de ecr\u00e3 como o JAWS, NVDA, VoiceOver e o TalkBack. Um leitor de ecr\u00e3 \u00e9 um software para utilizadores cegos que \u00e9 instalado num computador e num smartphone, com o qual os s\u00edtios Web devem ser compat\u00edveis.<br><\/li>\n\n\n\n<li><strong>Perfil de navega\u00e7\u00e3o do teclado (incapacidades motoras)<\/strong>: este perfil permite que as pessoas com incapacidades motoras naveguem no s\u00edtio Web utilizando as teclas Tab, Shift+Tab e Enter do teclado. Os utilizadores tamb\u00e9m podem utilizar atalhos como, por exemplo, &#8220;M&#8221; (menus), &#8220;H&#8221; (cabe\u00e7alhos), &#8220;F&#8221; (formul\u00e1rios), &#8220;B&#8221; (bot\u00f5es) e &#8220;G&#8221; (elementos gr\u00e1ficos) para saltar para elementos espec\u00edficos.<\/li>\n<\/ul>\n\n\n\n<h2 class=\"wp-block-heading\">Ajustes adicionais de IU, estrutura e legibilidade<\/h2>\n\n\n\n<p>1. <strong>Ajustes de fontes &#8211;<\/strong> os utilizadores podem aumentar e diminuir o seu tamanho, alterar a sua fam\u00edlia (tipo de letra), ajustar o espa\u00e7amento, o alinhamento, a altura da linha e muito mais.<\/p>\n\n\n\n<p>2. <strong>Ajustes de cor &#8211;<\/strong> os utilizadores podem selecionar diversos perfis de contraste de cor, como claro, escuro, invertido e monocrom\u00e1tico. Al\u00e9m disso, os utilizadores podem trocar os esquemas de cores dos t\u00edtulos, textos e fundos, dispondo de mais de 7 op\u00e7\u00f5es de cores diferentes.<\/p>\n\n\n\n<p>3. <strong>Anima\u00e7\u00f5es &#8211; <\/strong>os utilizadores epil\u00e9ticos podem fazer pausa em todas as anima\u00e7\u00f5es em execu\u00e7\u00e3o clicando num bot\u00e3o. As anima\u00e7\u00f5es controladas pela interface incluem v\u00eddeos, GIFs e transi\u00e7\u00f5es CSS intermitentes.<\/p>\n\n\n\n<p>4. <strong>Realce de conte\u00fado &#8211; <\/strong>os utilizadores podem optar por real\u00e7ar elementos importantes, como por exemplo hiperliga\u00e7\u00f5es e t\u00edtulos. Tamb\u00e9m podem optar por real\u00e7ar apenas os elementos focados ou em que tenham passado por cima com o cursor do rato.<\/p>\n\n\n\n<p>5. <strong>Desativar som <\/strong>&#8211;<strong> <\/strong>os utilizadores com dispositivos auditivos podem sentir dores de cabe\u00e7a, ou outros problemas, devido \u00e0 reprodu\u00e7\u00e3o autom\u00e1tica de som. Esta op\u00e7\u00e3o permite aos utilizadores desativar o som na totalidade do s\u00edtio Web instantaneamente.<\/p>\n\n\n\n<p>6. <strong>Perturba\u00e7\u00f5es cognitivas &#8211; <\/strong>utilizamos um motor de busca que est\u00e1 ligado \u00e0 Wikip\u00e9dia e ao Wikcion\u00e1rio, permitindo \u00e0s pessoas com perturba\u00e7\u00f5es cognitivas decifrar o significado de frases, iniciais, cal\u00e3o, entre outros.<\/p>\n\n\n\n<p>7. <strong>Fun\u00e7\u00f5es adicionais &#8211; <\/strong>disponibilizamos aos utilizadores a op\u00e7\u00e3o de alterar a cor e o tamanho do cursor, utilizar um modo de impress\u00e3o, ativar um teclado virtual e muitas outras fun\u00e7\u00f5es.<\/p>\n\n\n\n<h2 class=\"wp-block-heading\">Compatibilidade com navegadores e tecnologias de assist\u00eancia<\/h2>\n\n\n\n<p>O nosso objetivo \u00e9 suportar o maior n\u00famero poss\u00edvel de navegadores e tecnologias de assist\u00eancia, para que os nossos utilizadores possam escolher as ferramentas mais adequadas para si, com o menor n\u00famero poss\u00edvel de limita\u00e7\u00f5es. Por conseguinte, trabalh\u00e1mos arduamente para podermos suportar todos os principais sistemas que representam mais de 95% da quota de mercado dos utilizadores, incluindo o Google Chrome, o Mozilla Firefox, o Apple Safari, o Opera e o Microsoft Edge, o JAWS e o NVDA (leitores de ecr\u00e3), tanto para utilizadores do Windows como do MAC.<\/p>\n\n\n\n<h2 class=\"wp-block-heading\">Observa\u00e7\u00f5es, coment\u00e1rios e feedback<\/h2>\n\n\n\n<p>Apesar dos nossos melhores esfor\u00e7os para permitir que qualquer pessoa adapte o s\u00edtio Web \u00e0s suas necessidades, pode haver ainda p\u00e1ginas ou sec\u00e7\u00f5es que n\u00e3o sejam totalmente acess\u00edveis, que estejam em vias de o ser ou que n\u00e3o disponham de uma solu\u00e7\u00e3o tecnol\u00f3gica adequada para as tornar acess\u00edveis. No entanto, estamos a melhorar continuamente a nossa acessibilidade, acrescentando, atualizando e melhorando as suas op\u00e7\u00f5es e funcionalidades, e desenvolvendo e adotando novas tecnologias. Tudo isto com o objetivo de atingir o n\u00edvel \u00f3timo de acessibilidade, acompanhando os avan\u00e7os tecnol\u00f3gicos.<\/p>\n","protected":false},"excerpt":{"rendered":"<p>Declara\u00e7\u00e3o de Acessibilidade Estado de conformidade Acreditamos convictamente que a Internet deve estar dispon\u00edvel e ser acess\u00edvel a qualquer pessoa, e estamos empenhados em disponibilizar um s\u00edtio Web que seja acess\u00edvel ao maior n\u00famero de pessoas poss\u00edvel, independentemente das suas circunst\u00e2ncias e capacidades.Para que isso seja poss\u00edvel, pretendemos cumprir, o mais rigorosamente poss\u00edvel, as Diretrizes [&hellip;]<\/p>\n","protected":false},"author":2,"featured_media":0,"parent":0,"menu_order":0,"comment_status":"closed","ping_status":"closed","template":"template-pages\/politica-privacidad.php","meta":{"_acf_changed":false,"footnotes":""},"class_list":["post-3752","page","type-page","status-publish","hentry"],"acf":[],"yoast_head":"<!-- This site is optimized with the Yoast SEO plugin v27.5 - https:\/\/yoast.com\/product\/yoast-seo-wordpress\/ -->\n<title>Declara\u00e7\u00e3o de acessibilidade | Clece Seguridad<\/title>\n<meta name=\"description\" content=\"Estamos empenhados em fornecer um s\u00edtio Web que seja acess\u00edvel ao maior n\u00famero poss\u00edvel de pessoas, independentemente das circunst\u00e2ncias e capacidades\" \/>\n<meta name=\"robots\" content=\"index, follow, max-snippet:-1, max-image-preview:large, max-video-preview:-1\" \/>\n<link rel=\"canonical\" href=\"https:\/\/cleceseguridad.com\/pt\/declaracao-de-acessibilidade\/\" \/>\n<meta property=\"og:locale\" content=\"pt_PT\" \/>\n<meta property=\"og:type\" content=\"article\" \/>\n<meta property=\"og:title\" content=\"Declara\u00e7\u00e3o de acessibilidade | Clece Seguridad\" \/>\n<meta property=\"og:description\" content=\"Estamos empenhados em fornecer um s\u00edtio Web que seja acess\u00edvel ao maior n\u00famero poss\u00edvel de pessoas, independentemente das circunst\u00e2ncias e capacidades\" \/>\n<meta property=\"og:url\" content=\"https:\/\/cleceseguridad.com\/pt\/declaracao-de-acessibilidade\/\" \/>\n<meta property=\"og:site_name\" content=\"Clece\" \/>\n<meta property=\"article:modified_time\" content=\"2024-06-27T13:40:10+00:00\" \/>\n<meta name=\"twitter:card\" content=\"summary_large_image\" \/>\n<meta name=\"twitter:label1\" content=\"Tempo estimado de leitura\" \/>\n\t<meta name=\"twitter:data1\" content=\"7 minutos\" \/>\n<script type=\"application\/ld+json\" class=\"yoast-schema-graph\">{\"@context\":\"https:\\\/\\\/schema.org\",\"@graph\":[{\"@type\":\"WebPage\",\"@id\":\"https:\\\/\\\/cleceseguridad.com\\\/pt\\\/declaracao-de-acessibilidade\\\/\",\"url\":\"https:\\\/\\\/cleceseguridad.com\\\/pt\\\/declaracao-de-acessibilidade\\\/\",\"name\":\"Declara\u00e7\u00e3o de acessibilidade | Clece Seguridad\",\"isPartOf\":{\"@id\":\"https:\\\/\\\/cleceseguridad.com\\\/#website\"},\"datePublished\":\"2023-07-14T11:29:19+00:00\",\"dateModified\":\"2024-06-27T13:40:10+00:00\",\"description\":\"Estamos empenhados em fornecer um s\u00edtio Web que seja acess\u00edvel ao maior n\u00famero poss\u00edvel de pessoas, independentemente das circunst\u00e2ncias e capacidades\",\"breadcrumb\":{\"@id\":\"https:\\\/\\\/cleceseguridad.com\\\/pt\\\/declaracao-de-acessibilidade\\\/#breadcrumb\"},\"inLanguage\":\"pt-PT\",\"potentialAction\":[{\"@type\":\"ReadAction\",\"target\":[\"https:\\\/\\\/cleceseguridad.com\\\/pt\\\/declaracao-de-acessibilidade\\\/\"]}]},{\"@type\":\"BreadcrumbList\",\"@id\":\"https:\\\/\\\/cleceseguridad.com\\\/pt\\\/declaracao-de-acessibilidade\\\/#breadcrumb\",\"itemListElement\":[{\"@type\":\"ListItem\",\"position\":1,\"name\":\"Inicio\",\"item\":\"https:\\\/\\\/cleceseguridad.com\\\/pt\\\/\"},{\"@type\":\"ListItem\",\"position\":2,\"name\":\"Declara\u00e7\u00e3o de Acessibilidade\"}]},{\"@type\":\"WebSite\",\"@id\":\"https:\\\/\\\/cleceseguridad.com\\\/#website\",\"url\":\"https:\\\/\\\/cleceseguridad.com\\\/\",\"name\":\"Clece\",\"description\":\"\",\"potentialAction\":[{\"@type\":\"SearchAction\",\"target\":{\"@type\":\"EntryPoint\",\"urlTemplate\":\"https:\\\/\\\/cleceseguridad.com\\\/?s={search_term_string}\"},\"query-input\":{\"@type\":\"PropertyValueSpecification\",\"valueRequired\":true,\"valueName\":\"search_term_string\"}}],\"inLanguage\":\"pt-PT\"}]}<\/script>\n<!-- \/ Yoast SEO plugin. -->","yoast_head_json":{"title":"Declara\u00e7\u00e3o de acessibilidade | Clece Seguridad","description":"Estamos empenhados em fornecer um s\u00edtio Web que seja acess\u00edvel ao maior n\u00famero poss\u00edvel de pessoas, independentemente das circunst\u00e2ncias e capacidades","robots":{"index":"index","follow":"follow","max-snippet":"max-snippet:-1","max-image-preview":"max-image-preview:large","max-video-preview":"max-video-preview:-1"},"canonical":"https:\/\/cleceseguridad.com\/pt\/declaracao-de-acessibilidade\/","og_locale":"pt_PT","og_type":"article","og_title":"Declara\u00e7\u00e3o de acessibilidade | Clece Seguridad","og_description":"Estamos empenhados em fornecer um s\u00edtio Web que seja acess\u00edvel ao maior n\u00famero poss\u00edvel de pessoas, independentemente das circunst\u00e2ncias e capacidades","og_url":"https:\/\/cleceseguridad.com\/pt\/declaracao-de-acessibilidade\/","og_site_name":"Clece","article_modified_time":"2024-06-27T13:40:10+00:00","twitter_card":"summary_large_image","twitter_misc":{"Tempo estimado de leitura":"7 minutos"},"schema":{"@context":"https:\/\/schema.org","@graph":[{"@type":"WebPage","@id":"https:\/\/cleceseguridad.com\/pt\/declaracao-de-acessibilidade\/","url":"https:\/\/cleceseguridad.com\/pt\/declaracao-de-acessibilidade\/","name":"Declara\u00e7\u00e3o de acessibilidade | Clece Seguridad","isPartOf":{"@id":"https:\/\/cleceseguridad.com\/#website"},"datePublished":"2023-07-14T11:29:19+00:00","dateModified":"2024-06-27T13:40:10+00:00","description":"Estamos empenhados em fornecer um s\u00edtio Web que seja acess\u00edvel ao maior n\u00famero poss\u00edvel de pessoas, independentemente das circunst\u00e2ncias e capacidades","breadcrumb":{"@id":"https:\/\/cleceseguridad.com\/pt\/declaracao-de-acessibilidade\/#breadcrumb"},"inLanguage":"pt-PT","potentialAction":[{"@type":"ReadAction","target":["https:\/\/cleceseguridad.com\/pt\/declaracao-de-acessibilidade\/"]}]},{"@type":"BreadcrumbList","@id":"https:\/\/cleceseguridad.com\/pt\/declaracao-de-acessibilidade\/#breadcrumb","itemListElement":[{"@type":"ListItem","position":1,"name":"Inicio","item":"https:\/\/cleceseguridad.com\/pt\/"},{"@type":"ListItem","position":2,"name":"Declara\u00e7\u00e3o de Acessibilidade"}]},{"@type":"WebSite","@id":"https:\/\/cleceseguridad.com\/#website","url":"https:\/\/cleceseguridad.com\/","name":"Clece","description":"","potentialAction":[{"@type":"SearchAction","target":{"@type":"EntryPoint","urlTemplate":"https:\/\/cleceseguridad.com\/?s={search_term_string}"},"query-input":{"@type":"PropertyValueSpecification","valueRequired":true,"valueName":"search_term_string"}}],"inLanguage":"pt-PT"}]}},"_links":{"self":[{"href":"https:\/\/cleceseguridad.com\/pt\/wp-json\/wp\/v2\/pages\/3752","targetHints":{"allow":["GET"]}}],"collection":[{"href":"https:\/\/cleceseguridad.com\/pt\/wp-json\/wp\/v2\/pages"}],"about":[{"href":"https:\/\/cleceseguridad.com\/pt\/wp-json\/wp\/v2\/types\/page"}],"author":[{"embeddable":true,"href":"https:\/\/cleceseguridad.com\/pt\/wp-json\/wp\/v2\/users\/2"}],"replies":[{"embeddable":true,"href":"https:\/\/cleceseguridad.com\/pt\/wp-json\/wp\/v2\/comments?post=3752"}],"version-history":[{"count":8,"href":"https:\/\/cleceseguridad.com\/pt\/wp-json\/wp\/v2\/pages\/3752\/revisions"}],"predecessor-version":[{"id":5337,"href":"https:\/\/cleceseguridad.com\/pt\/wp-json\/wp\/v2\/pages\/3752\/revisions\/5337"}],"wp:attachment":[{"href":"https:\/\/cleceseguridad.com\/pt\/wp-json\/wp\/v2\/media?parent=3752"}],"curies":[{"name":"wp","href":"https:\/\/api.w.org\/{rel}","templated":true}]}}