{"id":3749,"date":"2023-06-08T09:51:35","date_gmt":"2023-06-08T09:51:35","guid":{"rendered":"https:\/\/cleceseguridad.com\/quienes-somos\/"},"modified":"2024-11-28T09:50:39","modified_gmt":"2024-11-28T09:50:39","slug":"quem-somos","status":"publish","type":"page","link":"https:\/\/cleceseguridad.com\/pt\/quem-somos\/","title":{"rendered":"Quem somos?"},"content":{"rendered":"","protected":false},"excerpt":{"rendered":"","protected":false},"author":1,"featured_media":0,"parent":0,"menu_order":0,"comment_status":"closed","ping_status":"closed","template":"template-pages\/quienes-somos.php","meta":{"_acf_changed":false,"footnotes":""},"class_list":["post-3749","page","type-page","status-publish","hentry"],"acf":[],"yoast_head":"<!-- This site is optimized with the Yoast SEO plugin v27.3 - https:\/\/yoast.com\/product\/yoast-seo-wordpress\/ -->\n<title>Sobre o Grupo Clece Seguridad | Clece Seguridad<\/title>\n<meta name=\"description\" content=\"Conte com os servi\u00e7os profissionais de seguran\u00e7a integral da Clece Seguridad: uma prote\u00e7\u00e3o fi\u00e1vel e especializada para a sua tranquilidade. Contacte-nos!\" \/>\n<meta name=\"robots\" content=\"index, follow, max-snippet:-1, max-image-preview:large, max-video-preview:-1\" \/>\n<link rel=\"canonical\" href=\"https:\/\/cleceseguridad.com\/pt\/quem-somos\/\" \/>\n<meta property=\"og:locale\" content=\"pt_PT\" \/>\n<meta property=\"og:type\" content=\"article\" \/>\n<meta property=\"og:title\" content=\"Sobre o Grupo Clece Seguridad | Clece Seguridad\" \/>\n<meta property=\"og:description\" content=\"Conte com os servi\u00e7os profissionais de seguran\u00e7a integral da Clece Seguridad: uma prote\u00e7\u00e3o fi\u00e1vel e especializada para a sua tranquilidade. Contacte-nos!\" \/>\n<meta property=\"og:url\" content=\"https:\/\/cleceseguridad.com\/pt\/quem-somos\/\" \/>\n<meta property=\"og:site_name\" content=\"Clece\" \/>\n<meta property=\"article:modified_time\" content=\"2024-11-28T09:50:39+00:00\" \/>\n<meta name=\"twitter:card\" content=\"summary_large_image\" \/>\n<script type=\"application\/ld+json\" class=\"yoast-schema-graph\">{\"@context\":\"https:\\\/\\\/schema.org\",\"@graph\":[{\"@type\":\"WebPage\",\"@id\":\"https:\\\/\\\/cleceseguridad.com\\\/pt\\\/quem-somos\\\/\",\"url\":\"https:\\\/\\\/cleceseguridad.com\\\/pt\\\/quem-somos\\\/\",\"name\":\"Sobre o Grupo Clece Seguridad | Clece Seguridad\",\"isPartOf\":{\"@id\":\"https:\\\/\\\/cleceseguridad.com\\\/#website\"},\"datePublished\":\"2023-06-08T09:51:35+00:00\",\"dateModified\":\"2024-11-28T09:50:39+00:00\",\"description\":\"Conte com os servi\u00e7os profissionais de seguran\u00e7a integral da Clece Seguridad: uma prote\u00e7\u00e3o fi\u00e1vel e especializada para a sua tranquilidade. Contacte-nos!\",\"breadcrumb\":{\"@id\":\"https:\\\/\\\/cleceseguridad.com\\\/pt\\\/quem-somos\\\/#breadcrumb\"},\"inLanguage\":\"pt-PT\",\"potentialAction\":[{\"@type\":\"ReadAction\",\"target\":[\"https:\\\/\\\/cleceseguridad.com\\\/pt\\\/quem-somos\\\/\"]}]},{\"@type\":\"BreadcrumbList\",\"@id\":\"https:\\\/\\\/cleceseguridad.com\\\/pt\\\/quem-somos\\\/#breadcrumb\",\"itemListElement\":[{\"@type\":\"ListItem\",\"position\":1,\"name\":\"Inicio\",\"item\":\"https:\\\/\\\/cleceseguridad.com\\\/pt\\\/\"},{\"@type\":\"ListItem\",\"position\":2,\"name\":\"Quem somos?\"}]},{\"@type\":\"WebSite\",\"@id\":\"https:\\\/\\\/cleceseguridad.com\\\/#website\",\"url\":\"https:\\\/\\\/cleceseguridad.com\\\/\",\"name\":\"Clece\",\"description\":\"\",\"potentialAction\":[{\"@type\":\"SearchAction\",\"target\":{\"@type\":\"EntryPoint\",\"urlTemplate\":\"https:\\\/\\\/cleceseguridad.com\\\/?s={search_term_string}\"},\"query-input\":{\"@type\":\"PropertyValueSpecification\",\"valueRequired\":true,\"valueName\":\"search_term_string\"}}],\"inLanguage\":\"pt-PT\"}]}<\/script>\n<!-- \/ Yoast SEO plugin. -->","yoast_head_json":{"title":"Sobre o Grupo Clece Seguridad | Clece Seguridad","description":"Conte com os servi\u00e7os profissionais de seguran\u00e7a integral da Clece Seguridad: uma prote\u00e7\u00e3o fi\u00e1vel e especializada para a sua tranquilidade. Contacte-nos!","robots":{"index":"index","follow":"follow","max-snippet":"max-snippet:-1","max-image-preview":"max-image-preview:large","max-video-preview":"max-video-preview:-1"},"canonical":"https:\/\/cleceseguridad.com\/pt\/quem-somos\/","og_locale":"pt_PT","og_type":"article","og_title":"Sobre o Grupo Clece Seguridad | Clece Seguridad","og_description":"Conte com os servi\u00e7os profissionais de seguran\u00e7a integral da Clece Seguridad: uma prote\u00e7\u00e3o fi\u00e1vel e especializada para a sua tranquilidade. Contacte-nos!","og_url":"https:\/\/cleceseguridad.com\/pt\/quem-somos\/","og_site_name":"Clece","article_modified_time":"2024-11-28T09:50:39+00:00","twitter_card":"summary_large_image","schema":{"@context":"https:\/\/schema.org","@graph":[{"@type":"WebPage","@id":"https:\/\/cleceseguridad.com\/pt\/quem-somos\/","url":"https:\/\/cleceseguridad.com\/pt\/quem-somos\/","name":"Sobre o Grupo Clece Seguridad | Clece Seguridad","isPartOf":{"@id":"https:\/\/cleceseguridad.com\/#website"},"datePublished":"2023-06-08T09:51:35+00:00","dateModified":"2024-11-28T09:50:39+00:00","description":"Conte com os servi\u00e7os profissionais de seguran\u00e7a integral da Clece Seguridad: uma prote\u00e7\u00e3o fi\u00e1vel e especializada para a sua tranquilidade. Contacte-nos!","breadcrumb":{"@id":"https:\/\/cleceseguridad.com\/pt\/quem-somos\/#breadcrumb"},"inLanguage":"pt-PT","potentialAction":[{"@type":"ReadAction","target":["https:\/\/cleceseguridad.com\/pt\/quem-somos\/"]}]},{"@type":"BreadcrumbList","@id":"https:\/\/cleceseguridad.com\/pt\/quem-somos\/#breadcrumb","itemListElement":[{"@type":"ListItem","position":1,"name":"Inicio","item":"https:\/\/cleceseguridad.com\/pt\/"},{"@type":"ListItem","position":2,"name":"Quem somos?"}]},{"@type":"WebSite","@id":"https:\/\/cleceseguridad.com\/#website","url":"https:\/\/cleceseguridad.com\/","name":"Clece","description":"","potentialAction":[{"@type":"SearchAction","target":{"@type":"EntryPoint","urlTemplate":"https:\/\/cleceseguridad.com\/?s={search_term_string}"},"query-input":{"@type":"PropertyValueSpecification","valueRequired":true,"valueName":"search_term_string"}}],"inLanguage":"pt-PT"}]}},"_links":{"self":[{"href":"https:\/\/cleceseguridad.com\/pt\/wp-json\/wp\/v2\/pages\/3749","targetHints":{"allow":["GET"]}}],"collection":[{"href":"https:\/\/cleceseguridad.com\/pt\/wp-json\/wp\/v2\/pages"}],"about":[{"href":"https:\/\/cleceseguridad.com\/pt\/wp-json\/wp\/v2\/types\/page"}],"author":[{"embeddable":true,"href":"https:\/\/cleceseguridad.com\/pt\/wp-json\/wp\/v2\/users\/1"}],"replies":[{"embeddable":true,"href":"https:\/\/cleceseguridad.com\/pt\/wp-json\/wp\/v2\/comments?post=3749"}],"version-history":[{"count":14,"href":"https:\/\/cleceseguridad.com\/pt\/wp-json\/wp\/v2\/pages\/3749\/revisions"}],"predecessor-version":[{"id":5437,"href":"https:\/\/cleceseguridad.com\/pt\/wp-json\/wp\/v2\/pages\/3749\/revisions\/5437"}],"wp:attachment":[{"href":"https:\/\/cleceseguridad.com\/pt\/wp-json\/wp\/v2\/media?parent=3749"}],"curies":[{"name":"wp","href":"https:\/\/api.w.org\/{rel}","templated":true}]}}