{"id":3748,"date":"2023-06-08T10:45:22","date_gmt":"2023-06-08T10:45:22","guid":{"rendered":"https:\/\/cleceseguridad.com\/solvencia-certificaciones\/"},"modified":"2026-04-23T08:01:49","modified_gmt":"2026-04-23T08:01:49","slug":"solvabilidade-certificacoes","status":"publish","type":"page","link":"https:\/\/cleceseguridad.com\/pt\/quem-somos\/solvabilidade-certificacoes\/","title":{"rendered":"Solvabilidade. Certifica\u00e7\u00f5es"},"content":{"rendered":"","protected":false},"excerpt":{"rendered":"","protected":false},"author":1,"featured_media":0,"parent":3749,"menu_order":0,"comment_status":"closed","ping_status":"closed","template":"template-pages\/solvencia-certificaciones.php","meta":{"_acf_changed":false,"footnotes":""},"class_list":["post-3748","page","type-page","status-publish","hentry"],"acf":[],"yoast_head":"<!-- This site is optimized with the Yoast SEO plugin v27.3 - https:\/\/yoast.com\/product\/yoast-seo-wordpress\/ -->\n<title>Solv\u00eancia e certifica\u00e7\u00f5es Clece Seguridad | Clece Seguridad<\/title>\n<meta name=\"description\" content=\"A solv\u00eancia e as certifica\u00e7\u00f5es da Clece Seguridad s\u00e3o o reflexo do seu rigoroso cumprimento da legisla\u00e7\u00e3o. A nossa qualidade, a sua seguran\u00e7a\" \/>\n<meta name=\"robots\" content=\"index, follow, max-snippet:-1, max-image-preview:large, max-video-preview:-1\" \/>\n<link rel=\"canonical\" href=\"https:\/\/cleceseguridad.com\/pt\/quem-somos\/solvabilidade-certificacoes\/\" \/>\n<meta property=\"og:locale\" content=\"pt_PT\" \/>\n<meta property=\"og:type\" content=\"article\" \/>\n<meta property=\"og:title\" content=\"Solv\u00eancia e certifica\u00e7\u00f5es Clece Seguridad | Clece Seguridad\" \/>\n<meta property=\"og:description\" content=\"A solv\u00eancia e as certifica\u00e7\u00f5es da Clece Seguridad s\u00e3o o reflexo do seu rigoroso cumprimento da legisla\u00e7\u00e3o. A nossa qualidade, a sua seguran\u00e7a\" \/>\n<meta property=\"og:url\" content=\"https:\/\/cleceseguridad.com\/pt\/quem-somos\/solvabilidade-certificacoes\/\" \/>\n<meta property=\"og:site_name\" content=\"Clece\" \/>\n<meta property=\"article:modified_time\" content=\"2026-04-23T08:01:49+00:00\" \/>\n<meta name=\"twitter:card\" content=\"summary_large_image\" \/>\n<script type=\"application\/ld+json\" class=\"yoast-schema-graph\">{\"@context\":\"https:\\\/\\\/schema.org\",\"@graph\":[{\"@type\":\"WebPage\",\"@id\":\"https:\\\/\\\/cleceseguridad.com\\\/pt\\\/quem-somos\\\/solvabilidade-certificacoes\\\/\",\"url\":\"https:\\\/\\\/cleceseguridad.com\\\/pt\\\/quem-somos\\\/solvabilidade-certificacoes\\\/\",\"name\":\"Solv\u00eancia e certifica\u00e7\u00f5es Clece Seguridad | Clece Seguridad\",\"isPartOf\":{\"@id\":\"https:\\\/\\\/cleceseguridad.com\\\/#website\"},\"datePublished\":\"2023-06-08T10:45:22+00:00\",\"dateModified\":\"2026-04-23T08:01:49+00:00\",\"description\":\"A solv\u00eancia e as certifica\u00e7\u00f5es da Clece Seguridad s\u00e3o o reflexo do seu rigoroso cumprimento da legisla\u00e7\u00e3o. A nossa qualidade, a sua seguran\u00e7a\",\"breadcrumb\":{\"@id\":\"https:\\\/\\\/cleceseguridad.com\\\/pt\\\/quem-somos\\\/solvabilidade-certificacoes\\\/#breadcrumb\"},\"inLanguage\":\"pt-PT\",\"potentialAction\":[{\"@type\":\"ReadAction\",\"target\":[\"https:\\\/\\\/cleceseguridad.com\\\/pt\\\/quem-somos\\\/solvabilidade-certificacoes\\\/\"]}]},{\"@type\":\"BreadcrumbList\",\"@id\":\"https:\\\/\\\/cleceseguridad.com\\\/pt\\\/quem-somos\\\/solvabilidade-certificacoes\\\/#breadcrumb\",\"itemListElement\":[{\"@type\":\"ListItem\",\"position\":1,\"name\":\"Inicio\",\"item\":\"https:\\\/\\\/cleceseguridad.com\\\/pt\\\/\"},{\"@type\":\"ListItem\",\"position\":2,\"name\":\"Quem somos?\",\"item\":\"https:\\\/\\\/cleceseguridad.com\\\/pt\\\/quem-somos\\\/\"},{\"@type\":\"ListItem\",\"position\":3,\"name\":\"Solvabilidade. Certifica\u00e7\u00f5es\"}]},{\"@type\":\"WebSite\",\"@id\":\"https:\\\/\\\/cleceseguridad.com\\\/#website\",\"url\":\"https:\\\/\\\/cleceseguridad.com\\\/\",\"name\":\"Clece\",\"description\":\"\",\"potentialAction\":[{\"@type\":\"SearchAction\",\"target\":{\"@type\":\"EntryPoint\",\"urlTemplate\":\"https:\\\/\\\/cleceseguridad.com\\\/?s={search_term_string}\"},\"query-input\":{\"@type\":\"PropertyValueSpecification\",\"valueRequired\":true,\"valueName\":\"search_term_string\"}}],\"inLanguage\":\"pt-PT\"}]}<\/script>\n<!-- \/ Yoast SEO plugin. -->","yoast_head_json":{"title":"Solv\u00eancia e certifica\u00e7\u00f5es Clece Seguridad | Clece Seguridad","description":"A solv\u00eancia e as certifica\u00e7\u00f5es da Clece Seguridad s\u00e3o o reflexo do seu rigoroso cumprimento da legisla\u00e7\u00e3o. A nossa qualidade, a sua seguran\u00e7a","robots":{"index":"index","follow":"follow","max-snippet":"max-snippet:-1","max-image-preview":"max-image-preview:large","max-video-preview":"max-video-preview:-1"},"canonical":"https:\/\/cleceseguridad.com\/pt\/quem-somos\/solvabilidade-certificacoes\/","og_locale":"pt_PT","og_type":"article","og_title":"Solv\u00eancia e certifica\u00e7\u00f5es Clece Seguridad | Clece Seguridad","og_description":"A solv\u00eancia e as certifica\u00e7\u00f5es da Clece Seguridad s\u00e3o o reflexo do seu rigoroso cumprimento da legisla\u00e7\u00e3o. A nossa qualidade, a sua seguran\u00e7a","og_url":"https:\/\/cleceseguridad.com\/pt\/quem-somos\/solvabilidade-certificacoes\/","og_site_name":"Clece","article_modified_time":"2026-04-23T08:01:49+00:00","twitter_card":"summary_large_image","schema":{"@context":"https:\/\/schema.org","@graph":[{"@type":"WebPage","@id":"https:\/\/cleceseguridad.com\/pt\/quem-somos\/solvabilidade-certificacoes\/","url":"https:\/\/cleceseguridad.com\/pt\/quem-somos\/solvabilidade-certificacoes\/","name":"Solv\u00eancia e certifica\u00e7\u00f5es Clece Seguridad | Clece Seguridad","isPartOf":{"@id":"https:\/\/cleceseguridad.com\/#website"},"datePublished":"2023-06-08T10:45:22+00:00","dateModified":"2026-04-23T08:01:49+00:00","description":"A solv\u00eancia e as certifica\u00e7\u00f5es da Clece Seguridad s\u00e3o o reflexo do seu rigoroso cumprimento da legisla\u00e7\u00e3o. A nossa qualidade, a sua seguran\u00e7a","breadcrumb":{"@id":"https:\/\/cleceseguridad.com\/pt\/quem-somos\/solvabilidade-certificacoes\/#breadcrumb"},"inLanguage":"pt-PT","potentialAction":[{"@type":"ReadAction","target":["https:\/\/cleceseguridad.com\/pt\/quem-somos\/solvabilidade-certificacoes\/"]}]},{"@type":"BreadcrumbList","@id":"https:\/\/cleceseguridad.com\/pt\/quem-somos\/solvabilidade-certificacoes\/#breadcrumb","itemListElement":[{"@type":"ListItem","position":1,"name":"Inicio","item":"https:\/\/cleceseguridad.com\/pt\/"},{"@type":"ListItem","position":2,"name":"Quem somos?","item":"https:\/\/cleceseguridad.com\/pt\/quem-somos\/"},{"@type":"ListItem","position":3,"name":"Solvabilidade. Certifica\u00e7\u00f5es"}]},{"@type":"WebSite","@id":"https:\/\/cleceseguridad.com\/#website","url":"https:\/\/cleceseguridad.com\/","name":"Clece","description":"","potentialAction":[{"@type":"SearchAction","target":{"@type":"EntryPoint","urlTemplate":"https:\/\/cleceseguridad.com\/?s={search_term_string}"},"query-input":{"@type":"PropertyValueSpecification","valueRequired":true,"valueName":"search_term_string"}}],"inLanguage":"pt-PT"}]}},"_links":{"self":[{"href":"https:\/\/cleceseguridad.com\/pt\/wp-json\/wp\/v2\/pages\/3748","targetHints":{"allow":["GET"]}}],"collection":[{"href":"https:\/\/cleceseguridad.com\/pt\/wp-json\/wp\/v2\/pages"}],"about":[{"href":"https:\/\/cleceseguridad.com\/pt\/wp-json\/wp\/v2\/types\/page"}],"author":[{"embeddable":true,"href":"https:\/\/cleceseguridad.com\/pt\/wp-json\/wp\/v2\/users\/1"}],"replies":[{"embeddable":true,"href":"https:\/\/cleceseguridad.com\/pt\/wp-json\/wp\/v2\/comments?post=3748"}],"version-history":[{"count":25,"href":"https:\/\/cleceseguridad.com\/pt\/wp-json\/wp\/v2\/pages\/3748\/revisions"}],"predecessor-version":[{"id":7635,"href":"https:\/\/cleceseguridad.com\/pt\/wp-json\/wp\/v2\/pages\/3748\/revisions\/7635"}],"up":[{"embeddable":true,"href":"https:\/\/cleceseguridad.com\/pt\/wp-json\/wp\/v2\/pages\/3749"}],"wp:attachment":[{"href":"https:\/\/cleceseguridad.com\/pt\/wp-json\/wp\/v2\/media?parent=3748"}],"curies":[{"name":"wp","href":"https:\/\/api.w.org\/{rel}","templated":true}]}}