{"id":3789,"date":"2023-06-16T08:34:50","date_gmt":"2023-06-16T08:34:50","guid":{"rendered":"https:\/\/cleceseguridad.com\/contacto\/"},"modified":"2025-03-14T13:28:42","modified_gmt":"2025-03-14T13:28:42","slug":"contacte","status":"publish","type":"page","link":"https:\/\/cleceseguridad.com\/ca\/contacte\/","title":{"rendered":"Contacte"},"content":{"rendered":"","protected":false},"excerpt":{"rendered":"","protected":false},"author":1,"featured_media":0,"parent":0,"menu_order":0,"comment_status":"closed","ping_status":"closed","template":"template-pages\/contacto.php","meta":{"_acf_changed":false,"footnotes":""},"class_list":["post-3789","page","type-page","status-publish","hentry"],"acf":[],"yoast_head":"<!-- This site is optimized with the Yoast SEO plugin v27.5 - https:\/\/yoast.com\/product\/yoast-seo-wordpress\/ -->\n<title>Contacta amb Clece Seguridad | Clece Seguridad<\/title>\n<meta name=\"description\" content=\"Coneix la teva elecci\u00f3 de confian\u00e7a per a serveis de seguretat integral. Protecci\u00f3 especialitzada i professional. Contacta ara amb Clece Seguretat aqu\u00ed\" \/>\n<meta name=\"robots\" content=\"index, follow, max-snippet:-1, max-image-preview:large, max-video-preview:-1\" \/>\n<link rel=\"canonical\" href=\"https:\/\/cleceseguridad.com\/ca\/contacte\/\" \/>\n<meta property=\"og:locale\" content=\"en_US\" \/>\n<meta property=\"og:type\" content=\"article\" \/>\n<meta property=\"og:title\" content=\"Contacta amb Clece Seguridad | Clece Seguridad\" \/>\n<meta property=\"og:description\" content=\"Coneix la teva elecci\u00f3 de confian\u00e7a per a serveis de seguretat integral. Protecci\u00f3 especialitzada i professional. Contacta ara amb Clece Seguretat aqu\u00ed\" \/>\n<meta property=\"og:url\" content=\"https:\/\/cleceseguridad.com\/ca\/contacte\/\" \/>\n<meta property=\"og:site_name\" content=\"Clece\" \/>\n<meta property=\"article:modified_time\" content=\"2025-03-14T13:28:42+00:00\" \/>\n<meta name=\"twitter:card\" content=\"summary_large_image\" \/>\n<script type=\"application\/ld+json\" class=\"yoast-schema-graph\">{\"@context\":\"https:\\\/\\\/schema.org\",\"@graph\":[{\"@type\":\"WebPage\",\"@id\":\"https:\\\/\\\/cleceseguridad.com\\\/ca\\\/contacte\\\/\",\"url\":\"https:\\\/\\\/cleceseguridad.com\\\/ca\\\/contacte\\\/\",\"name\":\"Contacta amb Clece Seguridad | Clece Seguridad\",\"isPartOf\":{\"@id\":\"https:\\\/\\\/cleceseguridad.com\\\/#website\"},\"datePublished\":\"2023-06-16T08:34:50+00:00\",\"dateModified\":\"2025-03-14T13:28:42+00:00\",\"description\":\"Coneix la teva elecci\u00f3 de confian\u00e7a per a serveis de seguretat integral. Protecci\u00f3 especialitzada i professional. Contacta ara amb Clece Seguretat aqu\u00ed\",\"breadcrumb\":{\"@id\":\"https:\\\/\\\/cleceseguridad.com\\\/ca\\\/contacte\\\/#breadcrumb\"},\"inLanguage\":\"ca-CA\",\"potentialAction\":[{\"@type\":\"ReadAction\",\"target\":[\"https:\\\/\\\/cleceseguridad.com\\\/ca\\\/contacte\\\/\"]}]},{\"@type\":\"BreadcrumbList\",\"@id\":\"https:\\\/\\\/cleceseguridad.com\\\/ca\\\/contacte\\\/#breadcrumb\",\"itemListElement\":[{\"@type\":\"ListItem\",\"position\":1,\"name\":\"Inicio\",\"item\":\"https:\\\/\\\/cleceseguridad.com\\\/ca\\\/\"},{\"@type\":\"ListItem\",\"position\":2,\"name\":\"Contacte\"}]},{\"@type\":\"WebSite\",\"@id\":\"https:\\\/\\\/cleceseguridad.com\\\/#website\",\"url\":\"https:\\\/\\\/cleceseguridad.com\\\/\",\"name\":\"Clece\",\"description\":\"\",\"potentialAction\":[{\"@type\":\"SearchAction\",\"target\":{\"@type\":\"EntryPoint\",\"urlTemplate\":\"https:\\\/\\\/cleceseguridad.com\\\/?s={search_term_string}\"},\"query-input\":{\"@type\":\"PropertyValueSpecification\",\"valueRequired\":true,\"valueName\":\"search_term_string\"}}],\"inLanguage\":\"ca-CA\"}]}<\/script>\n<!-- \/ Yoast SEO plugin. -->","yoast_head_json":{"title":"Contacta amb Clece Seguridad | Clece Seguridad","description":"Coneix la teva elecci\u00f3 de confian\u00e7a per a serveis de seguretat integral. Protecci\u00f3 especialitzada i professional. Contacta ara amb Clece Seguretat aqu\u00ed","robots":{"index":"index","follow":"follow","max-snippet":"max-snippet:-1","max-image-preview":"max-image-preview:large","max-video-preview":"max-video-preview:-1"},"canonical":"https:\/\/cleceseguridad.com\/ca\/contacte\/","og_locale":"en_US","og_type":"article","og_title":"Contacta amb Clece Seguridad | Clece Seguridad","og_description":"Coneix la teva elecci\u00f3 de confian\u00e7a per a serveis de seguretat integral. Protecci\u00f3 especialitzada i professional. Contacta ara amb Clece Seguretat aqu\u00ed","og_url":"https:\/\/cleceseguridad.com\/ca\/contacte\/","og_site_name":"Clece","article_modified_time":"2025-03-14T13:28:42+00:00","twitter_card":"summary_large_image","schema":{"@context":"https:\/\/schema.org","@graph":[{"@type":"WebPage","@id":"https:\/\/cleceseguridad.com\/ca\/contacte\/","url":"https:\/\/cleceseguridad.com\/ca\/contacte\/","name":"Contacta amb Clece Seguridad | Clece Seguridad","isPartOf":{"@id":"https:\/\/cleceseguridad.com\/#website"},"datePublished":"2023-06-16T08:34:50+00:00","dateModified":"2025-03-14T13:28:42+00:00","description":"Coneix la teva elecci\u00f3 de confian\u00e7a per a serveis de seguretat integral. Protecci\u00f3 especialitzada i professional. Contacta ara amb Clece Seguretat aqu\u00ed","breadcrumb":{"@id":"https:\/\/cleceseguridad.com\/ca\/contacte\/#breadcrumb"},"inLanguage":"ca-CA","potentialAction":[{"@type":"ReadAction","target":["https:\/\/cleceseguridad.com\/ca\/contacte\/"]}]},{"@type":"BreadcrumbList","@id":"https:\/\/cleceseguridad.com\/ca\/contacte\/#breadcrumb","itemListElement":[{"@type":"ListItem","position":1,"name":"Inicio","item":"https:\/\/cleceseguridad.com\/ca\/"},{"@type":"ListItem","position":2,"name":"Contacte"}]},{"@type":"WebSite","@id":"https:\/\/cleceseguridad.com\/#website","url":"https:\/\/cleceseguridad.com\/","name":"Clece","description":"","potentialAction":[{"@type":"SearchAction","target":{"@type":"EntryPoint","urlTemplate":"https:\/\/cleceseguridad.com\/?s={search_term_string}"},"query-input":{"@type":"PropertyValueSpecification","valueRequired":true,"valueName":"search_term_string"}}],"inLanguage":"ca-CA"}]}},"_links":{"self":[{"href":"https:\/\/cleceseguridad.com\/ca\/wp-json\/wp\/v2\/pages\/3789","targetHints":{"allow":["GET"]}}],"collection":[{"href":"https:\/\/cleceseguridad.com\/ca\/wp-json\/wp\/v2\/pages"}],"about":[{"href":"https:\/\/cleceseguridad.com\/ca\/wp-json\/wp\/v2\/types\/page"}],"author":[{"embeddable":true,"href":"https:\/\/cleceseguridad.com\/ca\/wp-json\/wp\/v2\/users\/1"}],"replies":[{"embeddable":true,"href":"https:\/\/cleceseguridad.com\/ca\/wp-json\/wp\/v2\/comments?post=3789"}],"version-history":[{"count":42,"href":"https:\/\/cleceseguridad.com\/ca\/wp-json\/wp\/v2\/pages\/3789\/revisions"}],"predecessor-version":[{"id":5524,"href":"https:\/\/cleceseguridad.com\/ca\/wp-json\/wp\/v2\/pages\/3789\/revisions\/5524"}],"wp:attachment":[{"href":"https:\/\/cleceseguridad.com\/ca\/wp-json\/wp\/v2\/media?parent=3789"}],"curies":[{"name":"wp","href":"https:\/\/api.w.org\/{rel}","templated":true}]}}