{"id":3788,"date":"2023-06-19T19:03:17","date_gmt":"2023-06-19T19:03:17","guid":{"rendered":"https:\/\/cleceseguridad.com\/declaracion-de-igualdad-y-responsabilidad-social\/"},"modified":"2026-03-19T15:59:44","modified_gmt":"2026-03-19T15:59:44","slug":"declaracio-igualtat-responsabilitat-social","status":"publish","type":"page","link":"https:\/\/cleceseguridad.com\/ca\/declaracio-igualtat-responsabilitat-social\/","title":{"rendered":"Declaraci\u00f3 D\u2019igualtat I Responsabilitat Social"},"content":{"rendered":"\r\n<div class=\"wp-block-spacer\" style=\"height: 25px;\" aria-hidden=\"true\">\u00a0<\/div>\r\n\r\n\r\n\r\n<h1 class=\"wp-block-heading\">Declaraci\u00f3 D\u2019igualtat I Responsabilitat Social<\/h1>\r\n\r\n\r\n\r\n<p>Conscient que la gesti\u00f3 empresarial ha d\u2019estar d\u2019acord amb les necessitats i demandes de la societat, Clece Seguridad declara el seu comprom\u00eds amb la igualtat efectiva entre dones i homes en el si de l\u2019empresa i l\u2019aplicaci\u00f3 efectiva de pol\u00edtiques per a la consecuci\u00f3 d\u2019aquest principi, dins dels termes que preveu la Llei Org\u00e0nica 3\/2007.<\/p>\r\n\r\n\r\n\r\n<p>En tots i cadascun dels \u00e0mbits de l\u2019empresa -des de les condicions de treball, els serveis prestats o la comunicaci\u00f3- Clece Seguridad assumeix la igualtat de tracte i oportunitats sense discriminar directament o indirectament per ra\u00f3 de sexe.<\/p>\r\n\r\n\r\n\r\n<p>Els principis enunciats es porten a la pr\u00e0ctica a trav\u00e9s de l\u2019elaboraci\u00f3 i aplicaci\u00f3 d\u2019un Pla d\u2019Igualtat en l\u2019Empresa i d\u2019altres mesures com l\u2019establiment de protocols de prevenci\u00f3 i actuaci\u00f3 per a casos d\u2019assetjament laboral i sexual .<\/p>\r\n\r\n\r\n\r\n<p>Dins del seu projecte social, Clece Seguridad tamb\u00e9 treballa per la integraci\u00f3 laboral en la seva plantilla de dones v\u00edctimes de viol\u00e8ncia de g\u00e8nere.<\/p>\r\n\r\n\r\n\r\n<p>Som rigorosos amb la legislaci\u00f3 vigent i estenem aquest comprom\u00eds per mitj\u00e0 d\u2019una exig\u00e8ncia de certificaci\u00f3 en RSE, la Norma IQ NET SR 10. Aquesta certificaci\u00f3 implica el compliment i comprom\u00eds amb els requeriments de la norma en mat\u00e8ria de rendici\u00f3 de comptes, transpar\u00e8ncia, comportament \u00e8tic, respecte als grups d\u2019inter\u00e8s, respecte al principi de legalitat, respecte a la normativa internacional de compliment i respecte als drets humans. Si desitja ampliar informaci\u00f3, podeu consultar la nostra\u00a0<a href=\"https:\/\/cleceseguridad.com\/wp-content\/uploads\/2023\/06\/Declaracion-RSC-SR-10-edicion-1-CLECE-SEGURIDAD-1.pdf\"><strong>Pol\u00edtica de Responsabilitat Social<\/strong><\/a>\u00a0i\u00a0<a href=\"https:\/\/cleceseguridad.com\/wp-content\/uploads\/2025\/02\/P-02-MATERIALIDAD-ENE25-V07.pdf\"><strong>l\u2019an\u00e0lisi de materialitat<\/strong>.<\/a><\/p>\r\n\r\n\r\n\r\n<p>Igualment, Clece Seguridad es compromet amb les persones que formen part de l\u2019organitzaci\u00f3, per mitj\u00e0 de la Norma EFR, a oferir mesures de conciliaci\u00f3 adequades a la seva cultura i marc de negoci, entenent com a tal la suficient flexibilitat atesa per l\u2019empresa per cobrir les necessitats personals i familiars dels seus col\u00b7laboradors, d\u2019acord i equilibri amb els objectius de la companyia.<\/p>\r\n\r\n\r\n\r\n<p>La direcci\u00f3 i tots els empleats assumeixen el comprom\u00eds contingut en aquesta declaraci\u00f3.<br \/>Veure <a href=\"https:\/\/cleceseguridad.com\/wp-content\/uploads\/2023\/06\/III-Plan-de-Igualdad-CLECE-SEGURIDAD-red.pdf\">PLA D&#8217;IGUALTAT<\/a><\/p>\r\n<p>Des de Clece Seguridad volem donar visibilitat a <a href=\"https:\/\/www.mujeryseguridad.es\/\" target=\"_blank\" rel=\"noopener\" data-saferedirecturl=\"https:\/\/www.google.com\/url?q=https:\/\/www.mujeryseguridad.es\/&amp;source=gmail&amp;ust=1773312877597000&amp;usg=AOvVaw3RTTbUooOYXRqFdzrtK517\">Observatorio Mujer Seguridad<\/a>, un portal de refer\u00e8ncia pel que fa a l\u2019aportaci\u00f3 de les dones en aquest sector. Hi pots trobar informaci\u00f3 d\u2019inter\u00e8s, com informes i estudis relacionats amb l\u2019\u00e0rea de la seguretat, aix\u00ed com informaci\u00f3 sobre les jornades divulgatives que organitza aquesta entitat.<\/p>\r\n","protected":false},"excerpt":{"rendered":"<p>Declaraci\u00f3 D\u2019igualtat I Responsabilitat Social Conscient que la gesti\u00f3 empresarial ha d\u2019estar d\u2019acord amb les necessitats i demandes de la societat, Clece Seguridad declara el seu comprom\u00eds amb la igualtat efectiva entre dones i homes en el si de l\u2019empresa i l\u2019aplicaci\u00f3 efectiva de pol\u00edtiques per a la consecuci\u00f3 d\u2019aquest principi, dins dels termes que [&hellip;]<\/p>\n","protected":false},"author":2,"featured_media":0,"parent":0,"menu_order":0,"comment_status":"closed","ping_status":"closed","template":"template-pages\/politica-privacidad.php","meta":{"_acf_changed":false,"footnotes":""},"class_list":["post-3788","page","type-page","status-publish","hentry"],"acf":[],"yoast_head":"<!-- This site is optimized with the Yoast SEO plugin v27.3 - https:\/\/yoast.com\/product\/yoast-seo-wordpress\/ -->\n<title>Igualtat i responsabilitat social | Clece Seguridad<\/title>\n<meta name=\"description\" content=\"Descobreix el nostre enfocament en igualtat i responsabilitat social i com contribu\u00efm al benestar de la societat. Uneix-te i sigues part del canvi\" \/>\n<meta name=\"robots\" content=\"index, follow, max-snippet:-1, max-image-preview:large, max-video-preview:-1\" \/>\n<link rel=\"canonical\" href=\"https:\/\/cleceseguridad.com\/ca\/declaracio-igualtat-responsabilitat-social\/\" \/>\n<meta property=\"og:locale\" content=\"en_US\" \/>\n<meta property=\"og:type\" content=\"article\" \/>\n<meta property=\"og:title\" content=\"Igualtat i responsabilitat social | Clece Seguridad\" \/>\n<meta property=\"og:description\" content=\"Descobreix el nostre enfocament en igualtat i responsabilitat social i com contribu\u00efm al benestar de la societat. Uneix-te i sigues part del canvi\" \/>\n<meta property=\"og:url\" content=\"https:\/\/cleceseguridad.com\/ca\/declaracio-igualtat-responsabilitat-social\/\" \/>\n<meta property=\"og:site_name\" content=\"Clece\" \/>\n<meta property=\"article:modified_time\" content=\"2026-03-19T15:59:44+00:00\" \/>\n<meta name=\"twitter:card\" content=\"summary_large_image\" \/>\n<meta name=\"twitter:label1\" content=\"Est. reading time\" \/>\n\t<meta name=\"twitter:data1\" content=\"2 minutes\" \/>\n<script type=\"application\/ld+json\" class=\"yoast-schema-graph\">{\"@context\":\"https:\\\/\\\/schema.org\",\"@graph\":[{\"@type\":\"WebPage\",\"@id\":\"https:\\\/\\\/cleceseguridad.com\\\/ca\\\/declaracio-igualtat-responsabilitat-social\\\/\",\"url\":\"https:\\\/\\\/cleceseguridad.com\\\/ca\\\/declaracio-igualtat-responsabilitat-social\\\/\",\"name\":\"Igualtat i responsabilitat social | Clece Seguridad\",\"isPartOf\":{\"@id\":\"https:\\\/\\\/cleceseguridad.com\\\/#website\"},\"datePublished\":\"2023-06-19T19:03:17+00:00\",\"dateModified\":\"2026-03-19T15:59:44+00:00\",\"description\":\"Descobreix el nostre enfocament en igualtat i responsabilitat social i com contribu\u00efm al benestar de la societat. Uneix-te i sigues part del canvi\",\"breadcrumb\":{\"@id\":\"https:\\\/\\\/cleceseguridad.com\\\/ca\\\/declaracio-igualtat-responsabilitat-social\\\/#breadcrumb\"},\"inLanguage\":\"ca-CA\",\"potentialAction\":[{\"@type\":\"ReadAction\",\"target\":[\"https:\\\/\\\/cleceseguridad.com\\\/ca\\\/declaracio-igualtat-responsabilitat-social\\\/\"]}]},{\"@type\":\"BreadcrumbList\",\"@id\":\"https:\\\/\\\/cleceseguridad.com\\\/ca\\\/declaracio-igualtat-responsabilitat-social\\\/#breadcrumb\",\"itemListElement\":[{\"@type\":\"ListItem\",\"position\":1,\"name\":\"Inicio\",\"item\":\"https:\\\/\\\/cleceseguridad.com\\\/ca\\\/\"},{\"@type\":\"ListItem\",\"position\":2,\"name\":\"Declaraci\u00f3 D\u2019igualtat I Responsabilitat Social\"}]},{\"@type\":\"WebSite\",\"@id\":\"https:\\\/\\\/cleceseguridad.com\\\/#website\",\"url\":\"https:\\\/\\\/cleceseguridad.com\\\/\",\"name\":\"Clece\",\"description\":\"\",\"potentialAction\":[{\"@type\":\"SearchAction\",\"target\":{\"@type\":\"EntryPoint\",\"urlTemplate\":\"https:\\\/\\\/cleceseguridad.com\\\/?s={search_term_string}\"},\"query-input\":{\"@type\":\"PropertyValueSpecification\",\"valueRequired\":true,\"valueName\":\"search_term_string\"}}],\"inLanguage\":\"ca-CA\"}]}<\/script>\n<!-- \/ Yoast SEO plugin. -->","yoast_head_json":{"title":"Igualtat i responsabilitat social | Clece Seguridad","description":"Descobreix el nostre enfocament en igualtat i responsabilitat social i com contribu\u00efm al benestar de la societat. Uneix-te i sigues part del canvi","robots":{"index":"index","follow":"follow","max-snippet":"max-snippet:-1","max-image-preview":"max-image-preview:large","max-video-preview":"max-video-preview:-1"},"canonical":"https:\/\/cleceseguridad.com\/ca\/declaracio-igualtat-responsabilitat-social\/","og_locale":"en_US","og_type":"article","og_title":"Igualtat i responsabilitat social | Clece Seguridad","og_description":"Descobreix el nostre enfocament en igualtat i responsabilitat social i com contribu\u00efm al benestar de la societat. Uneix-te i sigues part del canvi","og_url":"https:\/\/cleceseguridad.com\/ca\/declaracio-igualtat-responsabilitat-social\/","og_site_name":"Clece","article_modified_time":"2026-03-19T15:59:44+00:00","twitter_card":"summary_large_image","twitter_misc":{"Est. reading time":"2 minutes"},"schema":{"@context":"https:\/\/schema.org","@graph":[{"@type":"WebPage","@id":"https:\/\/cleceseguridad.com\/ca\/declaracio-igualtat-responsabilitat-social\/","url":"https:\/\/cleceseguridad.com\/ca\/declaracio-igualtat-responsabilitat-social\/","name":"Igualtat i responsabilitat social | Clece Seguridad","isPartOf":{"@id":"https:\/\/cleceseguridad.com\/#website"},"datePublished":"2023-06-19T19:03:17+00:00","dateModified":"2026-03-19T15:59:44+00:00","description":"Descobreix el nostre enfocament en igualtat i responsabilitat social i com contribu\u00efm al benestar de la societat. Uneix-te i sigues part del canvi","breadcrumb":{"@id":"https:\/\/cleceseguridad.com\/ca\/declaracio-igualtat-responsabilitat-social\/#breadcrumb"},"inLanguage":"ca-CA","potentialAction":[{"@type":"ReadAction","target":["https:\/\/cleceseguridad.com\/ca\/declaracio-igualtat-responsabilitat-social\/"]}]},{"@type":"BreadcrumbList","@id":"https:\/\/cleceseguridad.com\/ca\/declaracio-igualtat-responsabilitat-social\/#breadcrumb","itemListElement":[{"@type":"ListItem","position":1,"name":"Inicio","item":"https:\/\/cleceseguridad.com\/ca\/"},{"@type":"ListItem","position":2,"name":"Declaraci\u00f3 D\u2019igualtat I Responsabilitat Social"}]},{"@type":"WebSite","@id":"https:\/\/cleceseguridad.com\/#website","url":"https:\/\/cleceseguridad.com\/","name":"Clece","description":"","potentialAction":[{"@type":"SearchAction","target":{"@type":"EntryPoint","urlTemplate":"https:\/\/cleceseguridad.com\/?s={search_term_string}"},"query-input":{"@type":"PropertyValueSpecification","valueRequired":true,"valueName":"search_term_string"}}],"inLanguage":"ca-CA"}]}},"_links":{"self":[{"href":"https:\/\/cleceseguridad.com\/ca\/wp-json\/wp\/v2\/pages\/3788","targetHints":{"allow":["GET"]}}],"collection":[{"href":"https:\/\/cleceseguridad.com\/ca\/wp-json\/wp\/v2\/pages"}],"about":[{"href":"https:\/\/cleceseguridad.com\/ca\/wp-json\/wp\/v2\/types\/page"}],"author":[{"embeddable":true,"href":"https:\/\/cleceseguridad.com\/ca\/wp-json\/wp\/v2\/users\/2"}],"replies":[{"embeddable":true,"href":"https:\/\/cleceseguridad.com\/ca\/wp-json\/wp\/v2\/comments?post=3788"}],"version-history":[{"count":11,"href":"https:\/\/cleceseguridad.com\/ca\/wp-json\/wp\/v2\/pages\/3788\/revisions"}],"predecessor-version":[{"id":7623,"href":"https:\/\/cleceseguridad.com\/ca\/wp-json\/wp\/v2\/pages\/3788\/revisions\/7623"}],"wp:attachment":[{"href":"https:\/\/cleceseguridad.com\/ca\/wp-json\/wp\/v2\/media?parent=3788"}],"curies":[{"name":"wp","href":"https:\/\/api.w.org\/{rel}","templated":true}]}}