{"id":3766,"date":"2023-06-19T19:04:55","date_gmt":"2023-06-19T19:04:55","guid":{"rendered":"https:\/\/cleceseguridad.com\/politica-de-cookies\/"},"modified":"2024-03-18T14:28:05","modified_gmt":"2024-03-18T14:28:05","slug":"politica-galetes","status":"publish","type":"page","link":"https:\/\/cleceseguridad.com\/ca\/politica-galetes\/","title":{"rendered":"Pol\u00edtica de Galetes"},"content":{"rendered":"\n<div style=\"height:25px\" aria-hidden=\"true\" class=\"wp-block-spacer\"><\/div>\n\n\n\n<h1 class=\"wp-block-heading\">Pol\u00edtica de Galetes<\/h1>\n\n\n\n<div style=\"height:25px\" aria-hidden=\"true\" class=\"wp-block-spacer\"><\/div>\n\n\n\n<h2 class=\"wp-block-heading\">Introducci\u00f3<\/h2>\n\n\n\n<p>L\u2019editor de la p\u00e0gina http:\/\/www.cleceseguridad.com \u00e9s Clece Seguridad, SA.<\/p>\n\n\n\n<p>CLECE SEGURIDAD, SA, en compliment de l\u2019article 22 de la Llei 34\/2002, d\u201911 de juliol, de serveis de la societat de la informaci\u00f3 i de comer\u00e7 electr\u00f2nic, facilita als usuaris informaci\u00f3 relativa a les cookies, qu\u00e8 s\u00f3n les cookies, quins tipus de cookies s\u2019instal\u00b7len a l\u2019ordinador (d\u2019ara endavant, \u201cequip\u201d) de l\u2019usuari quan visita el nostre lloc, i quina \u00e9s la finalitat de l\u2019\u00fas de les cookies.<\/p>\n\n\n\n<h2 class=\"wp-block-heading\">Qu\u00e8 s\u00f3n les cookies?<\/h2>\n\n\n\n<p>Una \u201ccookie\u201d \u00e9s un element de dades que un lloc web pot enviar a l\u2019explorador i que es pot que emmagatzemar en el sistema.<\/p>\n\n\n\n<p>Una cookie \u00e9s un petit arxiu de text que un prove\u00efdor de serveis en l\u00ednia (com www.cleceseguridad.com) instal\u00b7la a l\u2019equip de les persones que visiten el seu lloc web. Les cookies poden reclamar informaci\u00f3 sobre els h\u00e0bits dels visitants en relaci\u00f3 amb l\u2019\u00fas d\u2019aquest lloc web registrant les activitats del seu equip en relaci\u00f3 amb aquest lloc, per exemple, quan fan compres.<\/p>\n\n\n\n<p>Les cookies utilitzades s\u00f3n fonamentalment per optimitzar el funcionament del lloc web. Les cookies generades quan un usuari visita nom\u00e9s el nostre lloc no ens permeten identificar-lo personalment<\/p>\n\n\n\n<h2 class=\"wp-block-heading\">Tipus de cookies<\/h2>\n\n\n\n<p>La informaci\u00f3 que proporcionem a continuaci\u00f3, ajudar\u00e0 a comprendre els diferents tipus de cookies:<\/p>\n\n\n\n<p>Segons el termini de temps que romanen activades:<\/p>\n\n\n\n<p>Cookies de sessi\u00f3: S\u00f3n cookies temporals que romanen en l\u2019arxiu de cookies del navegador fins que s\u2019abandona la p\u00e0gina web, per la qual cosa cap queda registrada a l\u2019equip de l\u2019usuari. La informaci\u00f3 obtinguda mitjan\u00e7ant aquestes cookies serveix per analitzar pautes de tr\u00e0fic al web. Per exemple, permeten dur a terme un seguiment de l\u2019\u00fas que es fa dels nostres llocs durant una sessi\u00f3 de navegaci\u00f3 \u00fanica i ajuden a utilitzar el nostre lloc de manera m\u00e9s efica\u00e7.<\/p>\n\n\n\n<p>Cookies persistents: S\u00f3n emmagatzemades en l\u2019equip de l\u2019usuari durant una sessi\u00f3 de navegaci\u00f3 i romanen en l\u2019equip en finalitzar la sessi\u00f3 de navegaci\u00f3. Les cookies persistents es mantenen actives durant per\u00edodes definits que poden anar des d\u2019uns minuts fins a uns anys.<\/p>\n\n\n\n<p>Segons l\u2019entitat que les gestioni<\/p>\n\n\n\n<h2 class=\"wp-block-heading\">Cookies pr\u00f2pies<\/h2>\n\n\n\n<p>S\u00f3n les que s\u2019envien a l\u2019equip de l\u2019usuari des d\u2019un equip o domini gestionat pel mateix editor i des del qual es presta el servei sol\u00b7licitat per l\u2019usuari.<\/p>\n\n\n\n<p>Poden incloure cookies com cookies de sessi\u00f3 i cookies persistents. Utilitzem les cookies d\u2019origen per seguir els moviments efectuats des de l\u2019ordinador o un altre dispositiu de l\u2019usuari en consultar el nostre lloc, per exemple, amb fins de comercialitzaci\u00f3 i an\u00e0lisi.<\/p>\n\n\n\n<h2 class=\"wp-block-heading\">Cookies de tercers<\/h2>\n\n\n\n<p>S\u00f3n les que s\u2019envien a l\u2019equip de l\u2019usuari des d\u2019un equip o domini que no \u00e9s gestionat per l\u2019editor, sin\u00f3 per una altra entitat que tracta les dades obtingudes a trav\u00e9s de les cookies, com, per exemple, les que es fan servir en xarxes socials, o per complements externs de contingut com ara Google Maps.<\/p>\n\n\n\n<h2 class=\"wp-block-heading\">Relaci\u00f3 i descripci\u00f3 de cookies:<\/h2>\n\n\n\n<p>A continuaci\u00f3 es proporciona informaci\u00f3 m\u00e9s detallada sobre les cookies que s\u2019instal\u00b7len en l\u2019equip de l\u2019usuari en visitar el nostre lloc:<\/p>\n\n\n\n<p>Cookie Notice: Controlador per mostrar l\u2019av\u00eds de cookies<\/p>\n\n\n\n<p>Google Analytics de Google<\/p>\n\n\n\n<p>Complement d\u2019inhabilitaci\u00f3 de Google Analytics:<\/p>\n\n\n\n<p>https:\/\/tools.google.com\/dlpage\/gaoptout?hl=es Tercers Permanent<\/p>\n\n\n\n<h2 class=\"wp-block-heading\">Com es poden desactivar les cookies?<\/h2>\n\n\n\n<p>L\u2019usuari pot bloquejar\/deshabilitar la instal\u00b7laci\u00f3 de cookies al seu equip modificant la configuraci\u00f3 de l\u2019explorador, per a la qual cosa ha de seguir les instruccions proporcionades pel prove\u00efdor de l\u2019explorador d\u2019Internet o de qualsevol altre dispositiu. No obstant aix\u00f2, l\u2019usuari ha de tenir en compte que aquest bloqueig pot limitar en gran mesura el grau de satisfacci\u00f3 de les visites a www.cleceseguridad.comi, fins i tot, pot impedir-li utilitzar els nostres llocs. Normalment \u00e9s possible deixar d\u2019acceptar les cookies del navegador, o deixar d\u2019acceptar les cookies d\u2019un servei en particular.<\/p>\n\n\n\n<p>Els usuaris poden decidir lliurement gestionar l\u2019\u00fas de les cookies (habilitar\/deshabilitar). Poden controlar i modificar els ajustos de les cookies a l\u2019explorador web. Les informacions sobre els ajustos de les cookies (per a diferents exploradors web) estan disponibles a trav\u00e9s dels enlla\u00e7os seg\u00fcents:<\/p>\n\n\n\n<p><strong>Chrome:<\/strong><\/p>\n\n\n\n<p><a href=\"http:\/\/support.google.com\/chrome\/bin\/answer.py?hl=es&amp;answer=95647\">http:\/\/support.google.com\/chrome\/bin\/answer.py?hl=es&amp;answer=95647<\/a><\/p>\n\n\n\n<p><strong>Firefox:<\/strong><\/p>\n\n\n\n<p><a href=\"http:\/\/support.mozilla.org\/es\/kb\/habilitar-y-deshabilitar-cookies-que-los-sitios-we\">http:\/\/support.mozilla.org\/es\/kb\/habilitar-y-deshabilitar-cookies-que-los-sitios-we<\/a><\/p>\n\n\n\n<p><strong>Internet Explorer 9:<\/strong><\/p>\n\n\n\n<p><a href=\"http:\/\/windows.microsoft.com\/es-es\/windows7\/how-to-manage-cookies-in-internet-explorer-9\">http:\/\/windows.microsoft.com\/es-es\/windows7\/how-to-manage-cookies-in-internet-explorer-9<\/a><\/p>\n\n\n\n<p><strong>Internet Explorer 7 y 8<\/strong><\/p>\n\n\n\n<p><a href=\"https:\/\/support.microsoft.com\/es-es\/kb\/278835\">https:\/\/support.microsoft.com\/es-es\/kb\/278835<\/a><\/p>\n\n\n\n<p><strong>Opera (p\u00e1gina en ingl\u00e9s)<\/strong><\/p>\n\n\n\n<p><a href=\"http:\/\/help.opera.com\/Linux\/10.60\/es-ES\/cookies.html\">http:\/\/help.opera.com\/Linux\/10.60\/es-ES\/cookies.html<\/a><\/p>\n\n\n\n<p><strong>Safari (p\u00e1gina en ingl\u00e9s)<\/strong><\/p>\n\n\n\n<p><a href=\"http:\/\/support.apple.com\/kb\/ph5042\">http:\/\/support.apple.com\/kb\/ph5042<\/a><\/p>\n\n\n\n<p>Si bloquejo les cookies, algunes possibilitats de la p\u00e0gina web seran deshabilitades.<\/p>\n\n\n\n<p>Per obtenir m\u00e9s informaci\u00f3 sobre les cookies, incloent-hi com es pot veure el que s\u2019han establert les cookies i com gestionar-les i esborrar-les, es pot visitar http:\/\/support.microsoft.com\/gp\/cookies o www.aboutcookies.org.<\/p>\n\n\n\n<p>Alguna pregunta?<\/p>\n\n\n\n<p>Si l\u2019usuari t\u00e9 alguna pregunta, no dubti a contactar amb nosaltres.<\/p>\n","protected":false},"excerpt":{"rendered":"<p>Pol\u00edtica de Galetes Introducci\u00f3 L\u2019editor de la p\u00e0gina http:\/\/www.cleceseguridad.com \u00e9s Clece Seguridad, SA. CLECE SEGURIDAD, SA, en compliment de l\u2019article 22 de la Llei 34\/2002, d\u201911 de juliol, de serveis de la societat de la informaci\u00f3 i de comer\u00e7 electr\u00f2nic, facilita als usuaris informaci\u00f3 relativa a les cookies, qu\u00e8 s\u00f3n les cookies, quins tipus de [&hellip;]<\/p>\n","protected":false},"author":2,"featured_media":0,"parent":0,"menu_order":0,"comment_status":"closed","ping_status":"closed","template":"template-pages\/politica-privacidad.php","meta":{"_acf_changed":false,"footnotes":""},"class_list":["post-3766","page","type-page","status-publish","hentry"],"acf":[],"yoast_head":"<!-- This site is optimized with the Yoast SEO plugin v27.3 - https:\/\/yoast.com\/product\/yoast-seo-wordpress\/ -->\n<title>Pol\u00edtica de Galetes | Clece Seguridad<\/title>\n<meta name=\"description\" content=\"La nostra Pol\u00edtica de Galetes explica com i per qu\u00e8 les utilitzem, aix\u00ed com les teves opcions de consentiment i control de Clece Seguretat. Descobreix m\u00e9s\" \/>\n<meta name=\"robots\" content=\"index, follow, max-snippet:-1, max-image-preview:large, max-video-preview:-1\" \/>\n<link rel=\"canonical\" href=\"https:\/\/cleceseguridad.com\/ca\/politica-galetes\/\" \/>\n<meta property=\"og:locale\" content=\"en_US\" \/>\n<meta property=\"og:type\" content=\"article\" \/>\n<meta property=\"og:title\" content=\"Pol\u00edtica de Galetes | Clece Seguridad\" \/>\n<meta property=\"og:description\" content=\"La nostra Pol\u00edtica de Galetes explica com i per qu\u00e8 les utilitzem, aix\u00ed com les teves opcions de consentiment i control de Clece Seguretat. Descobreix m\u00e9s\" \/>\n<meta property=\"og:url\" content=\"https:\/\/cleceseguridad.com\/ca\/politica-galetes\/\" \/>\n<meta property=\"og:site_name\" content=\"Clece\" \/>\n<meta property=\"article:modified_time\" content=\"2024-03-18T14:28:05+00:00\" \/>\n<meta name=\"twitter:card\" content=\"summary_large_image\" \/>\n<meta name=\"twitter:label1\" content=\"Est. reading time\" \/>\n\t<meta name=\"twitter:data1\" content=\"4 minutes\" \/>\n<script type=\"application\/ld+json\" class=\"yoast-schema-graph\">{\"@context\":\"https:\\\/\\\/schema.org\",\"@graph\":[{\"@type\":\"WebPage\",\"@id\":\"https:\\\/\\\/cleceseguridad.com\\\/ca\\\/politica-galetes\\\/\",\"url\":\"https:\\\/\\\/cleceseguridad.com\\\/ca\\\/politica-galetes\\\/\",\"name\":\"Pol\u00edtica de Galetes | Clece Seguridad\",\"isPartOf\":{\"@id\":\"https:\\\/\\\/cleceseguridad.com\\\/#website\"},\"datePublished\":\"2023-06-19T19:04:55+00:00\",\"dateModified\":\"2024-03-18T14:28:05+00:00\",\"description\":\"La nostra Pol\u00edtica de Galetes explica com i per qu\u00e8 les utilitzem, aix\u00ed com les teves opcions de consentiment i control de Clece Seguretat. Descobreix m\u00e9s\",\"breadcrumb\":{\"@id\":\"https:\\\/\\\/cleceseguridad.com\\\/ca\\\/politica-galetes\\\/#breadcrumb\"},\"inLanguage\":\"ca-CA\",\"potentialAction\":[{\"@type\":\"ReadAction\",\"target\":[\"https:\\\/\\\/cleceseguridad.com\\\/ca\\\/politica-galetes\\\/\"]}]},{\"@type\":\"BreadcrumbList\",\"@id\":\"https:\\\/\\\/cleceseguridad.com\\\/ca\\\/politica-galetes\\\/#breadcrumb\",\"itemListElement\":[{\"@type\":\"ListItem\",\"position\":1,\"name\":\"Inicio\",\"item\":\"https:\\\/\\\/cleceseguridad.com\\\/ca\\\/\"},{\"@type\":\"ListItem\",\"position\":2,\"name\":\"Pol\u00edtica de Galetes\"}]},{\"@type\":\"WebSite\",\"@id\":\"https:\\\/\\\/cleceseguridad.com\\\/#website\",\"url\":\"https:\\\/\\\/cleceseguridad.com\\\/\",\"name\":\"Clece\",\"description\":\"\",\"potentialAction\":[{\"@type\":\"SearchAction\",\"target\":{\"@type\":\"EntryPoint\",\"urlTemplate\":\"https:\\\/\\\/cleceseguridad.com\\\/?s={search_term_string}\"},\"query-input\":{\"@type\":\"PropertyValueSpecification\",\"valueRequired\":true,\"valueName\":\"search_term_string\"}}],\"inLanguage\":\"ca-CA\"}]}<\/script>\n<!-- \/ Yoast SEO plugin. -->","yoast_head_json":{"title":"Pol\u00edtica de Galetes | Clece Seguridad","description":"La nostra Pol\u00edtica de Galetes explica com i per qu\u00e8 les utilitzem, aix\u00ed com les teves opcions de consentiment i control de Clece Seguretat. Descobreix m\u00e9s","robots":{"index":"index","follow":"follow","max-snippet":"max-snippet:-1","max-image-preview":"max-image-preview:large","max-video-preview":"max-video-preview:-1"},"canonical":"https:\/\/cleceseguridad.com\/ca\/politica-galetes\/","og_locale":"en_US","og_type":"article","og_title":"Pol\u00edtica de Galetes | Clece Seguridad","og_description":"La nostra Pol\u00edtica de Galetes explica com i per qu\u00e8 les utilitzem, aix\u00ed com les teves opcions de consentiment i control de Clece Seguretat. Descobreix m\u00e9s","og_url":"https:\/\/cleceseguridad.com\/ca\/politica-galetes\/","og_site_name":"Clece","article_modified_time":"2024-03-18T14:28:05+00:00","twitter_card":"summary_large_image","twitter_misc":{"Est. reading time":"4 minutes"},"schema":{"@context":"https:\/\/schema.org","@graph":[{"@type":"WebPage","@id":"https:\/\/cleceseguridad.com\/ca\/politica-galetes\/","url":"https:\/\/cleceseguridad.com\/ca\/politica-galetes\/","name":"Pol\u00edtica de Galetes | Clece Seguridad","isPartOf":{"@id":"https:\/\/cleceseguridad.com\/#website"},"datePublished":"2023-06-19T19:04:55+00:00","dateModified":"2024-03-18T14:28:05+00:00","description":"La nostra Pol\u00edtica de Galetes explica com i per qu\u00e8 les utilitzem, aix\u00ed com les teves opcions de consentiment i control de Clece Seguretat. Descobreix m\u00e9s","breadcrumb":{"@id":"https:\/\/cleceseguridad.com\/ca\/politica-galetes\/#breadcrumb"},"inLanguage":"ca-CA","potentialAction":[{"@type":"ReadAction","target":["https:\/\/cleceseguridad.com\/ca\/politica-galetes\/"]}]},{"@type":"BreadcrumbList","@id":"https:\/\/cleceseguridad.com\/ca\/politica-galetes\/#breadcrumb","itemListElement":[{"@type":"ListItem","position":1,"name":"Inicio","item":"https:\/\/cleceseguridad.com\/ca\/"},{"@type":"ListItem","position":2,"name":"Pol\u00edtica de Galetes"}]},{"@type":"WebSite","@id":"https:\/\/cleceseguridad.com\/#website","url":"https:\/\/cleceseguridad.com\/","name":"Clece","description":"","potentialAction":[{"@type":"SearchAction","target":{"@type":"EntryPoint","urlTemplate":"https:\/\/cleceseguridad.com\/?s={search_term_string}"},"query-input":{"@type":"PropertyValueSpecification","valueRequired":true,"valueName":"search_term_string"}}],"inLanguage":"ca-CA"}]}},"_links":{"self":[{"href":"https:\/\/cleceseguridad.com\/ca\/wp-json\/wp\/v2\/pages\/3766","targetHints":{"allow":["GET"]}}],"collection":[{"href":"https:\/\/cleceseguridad.com\/ca\/wp-json\/wp\/v2\/pages"}],"about":[{"href":"https:\/\/cleceseguridad.com\/ca\/wp-json\/wp\/v2\/types\/page"}],"author":[{"embeddable":true,"href":"https:\/\/cleceseguridad.com\/ca\/wp-json\/wp\/v2\/users\/2"}],"replies":[{"embeddable":true,"href":"https:\/\/cleceseguridad.com\/ca\/wp-json\/wp\/v2\/comments?post=3766"}],"version-history":[{"count":4,"href":"https:\/\/cleceseguridad.com\/ca\/wp-json\/wp\/v2\/pages\/3766\/revisions"}],"predecessor-version":[{"id":5178,"href":"https:\/\/cleceseguridad.com\/ca\/wp-json\/wp\/v2\/pages\/3766\/revisions\/5178"}],"wp:attachment":[{"href":"https:\/\/cleceseguridad.com\/ca\/wp-json\/wp\/v2\/media?parent=3766"}],"curies":[{"name":"wp","href":"https:\/\/api.w.org\/{rel}","templated":true}]}}