{"id":3763,"date":"2023-06-15T15:16:20","date_gmt":"2023-06-15T15:16:20","guid":{"rendered":"https:\/\/cleceseguridad.com\/servicios\/servicios-detalle\/centro-de-servicios-de-localizacion\/"},"modified":"2023-11-14T08:00:20","modified_gmt":"2023-11-14T08:00:20","slug":"centre-serveis-localitzacio","status":"publish","type":"page","link":"https:\/\/cleceseguridad.com\/ca\/serveis\/sistemes-centralitzats-seguretat\/centre-serveis-localitzacio\/","title":{"rendered":"Centre de Serveis de Localitzaci\u00f3"},"content":{"rendered":"","protected":false},"excerpt":{"rendered":"","protected":false},"author":2,"featured_media":0,"parent":396,"menu_order":0,"comment_status":"closed","ping_status":"closed","template":"template-pages\/servicios-detalle.php","meta":{"_acf_changed":false,"footnotes":""},"class_list":["post-3763","page","type-page","status-publish","hentry"],"acf":[],"yoast_head":"<!-- This site is optimized with the Yoast SEO plugin v27.3 - https:\/\/yoast.com\/product\/yoast-seo-wordpress\/ -->\n<title>Centre de serveis de localitzaci\u00f3 | Clece Seguridad<\/title>\n<meta name=\"description\" content=\"Maximitza la teva seguretat amb el nostre Centre de Serveis de Localitzaci\u00f3. Rastreig prec\u00eds i vigil\u00e0ncia constant per protegir el que m\u00e9s valores\" \/>\n<meta name=\"robots\" content=\"index, follow, max-snippet:-1, max-image-preview:large, max-video-preview:-1\" \/>\n<link rel=\"canonical\" href=\"https:\/\/cleceseguridad.com\/ca\/serveis\/sistemes-centralitzats-seguretat\/centre-serveis-localitzacio\/\" \/>\n<meta property=\"og:locale\" content=\"en_US\" \/>\n<meta property=\"og:type\" content=\"article\" \/>\n<meta property=\"og:title\" content=\"Centre de serveis de localitzaci\u00f3 | Clece Seguridad\" \/>\n<meta property=\"og:description\" content=\"Maximitza la teva seguretat amb el nostre Centre de Serveis de Localitzaci\u00f3. Rastreig prec\u00eds i vigil\u00e0ncia constant per protegir el que m\u00e9s valores\" \/>\n<meta property=\"og:url\" content=\"https:\/\/cleceseguridad.com\/ca\/serveis\/sistemes-centralitzats-seguretat\/centre-serveis-localitzacio\/\" \/>\n<meta property=\"og:site_name\" content=\"Clece\" \/>\n<meta property=\"article:modified_time\" content=\"2023-11-14T08:00:20+00:00\" \/>\n<meta name=\"twitter:card\" content=\"summary_large_image\" \/>\n<script type=\"application\/ld+json\" class=\"yoast-schema-graph\">{\"@context\":\"https:\\\/\\\/schema.org\",\"@graph\":[{\"@type\":\"WebPage\",\"@id\":\"https:\\\/\\\/cleceseguridad.com\\\/ca\\\/serveis\\\/sistemes-centralitzats-seguretat\\\/centre-serveis-localitzacio\\\/\",\"url\":\"https:\\\/\\\/cleceseguridad.com\\\/ca\\\/serveis\\\/sistemes-centralitzats-seguretat\\\/centre-serveis-localitzacio\\\/\",\"name\":\"Centre de serveis de localitzaci\u00f3 | Clece Seguridad\",\"isPartOf\":{\"@id\":\"https:\\\/\\\/cleceseguridad.com\\\/#website\"},\"datePublished\":\"2023-06-15T15:16:20+00:00\",\"dateModified\":\"2023-11-14T08:00:20+00:00\",\"description\":\"Maximitza la teva seguretat amb el nostre Centre de Serveis de Localitzaci\u00f3. Rastreig prec\u00eds i vigil\u00e0ncia constant per protegir el que m\u00e9s valores\",\"breadcrumb\":{\"@id\":\"https:\\\/\\\/cleceseguridad.com\\\/ca\\\/serveis\\\/sistemes-centralitzats-seguretat\\\/centre-serveis-localitzacio\\\/#breadcrumb\"},\"inLanguage\":\"ca-CA\",\"potentialAction\":[{\"@type\":\"ReadAction\",\"target\":[\"https:\\\/\\\/cleceseguridad.com\\\/ca\\\/serveis\\\/sistemes-centralitzats-seguretat\\\/centre-serveis-localitzacio\\\/\"]}]},{\"@type\":\"BreadcrumbList\",\"@id\":\"https:\\\/\\\/cleceseguridad.com\\\/ca\\\/serveis\\\/sistemes-centralitzats-seguretat\\\/centre-serveis-localitzacio\\\/#breadcrumb\",\"itemListElement\":[{\"@type\":\"ListItem\",\"position\":1,\"name\":\"Inicio\",\"item\":\"https:\\\/\\\/cleceseguridad.com\\\/ca\\\/\"},{\"@type\":\"ListItem\",\"position\":2,\"name\":\"Serveis\",\"item\":\"https:\\\/\\\/cleceseguridad.com\\\/ca\\\/serveis\\\/\"},{\"@type\":\"ListItem\",\"position\":3,\"name\":\"Sistemes Centralitzats de Seguretat\",\"item\":\"https:\\\/\\\/cleceseguridad.com\\\/ca\\\/serveis\\\/sistemes-centralitzats-seguretat\\\/\"},{\"@type\":\"ListItem\",\"position\":4,\"name\":\"Centre de Serveis de Localitzaci\u00f3\"}]},{\"@type\":\"WebSite\",\"@id\":\"https:\\\/\\\/cleceseguridad.com\\\/#website\",\"url\":\"https:\\\/\\\/cleceseguridad.com\\\/\",\"name\":\"Clece\",\"description\":\"\",\"potentialAction\":[{\"@type\":\"SearchAction\",\"target\":{\"@type\":\"EntryPoint\",\"urlTemplate\":\"https:\\\/\\\/cleceseguridad.com\\\/?s={search_term_string}\"},\"query-input\":{\"@type\":\"PropertyValueSpecification\",\"valueRequired\":true,\"valueName\":\"search_term_string\"}}],\"inLanguage\":\"ca-CA\"}]}<\/script>\n<!-- \/ Yoast SEO plugin. -->","yoast_head_json":{"title":"Centre de serveis de localitzaci\u00f3 | Clece Seguridad","description":"Maximitza la teva seguretat amb el nostre Centre de Serveis de Localitzaci\u00f3. Rastreig prec\u00eds i vigil\u00e0ncia constant per protegir el que m\u00e9s valores","robots":{"index":"index","follow":"follow","max-snippet":"max-snippet:-1","max-image-preview":"max-image-preview:large","max-video-preview":"max-video-preview:-1"},"canonical":"https:\/\/cleceseguridad.com\/ca\/serveis\/sistemes-centralitzats-seguretat\/centre-serveis-localitzacio\/","og_locale":"en_US","og_type":"article","og_title":"Centre de serveis de localitzaci\u00f3 | Clece Seguridad","og_description":"Maximitza la teva seguretat amb el nostre Centre de Serveis de Localitzaci\u00f3. Rastreig prec\u00eds i vigil\u00e0ncia constant per protegir el que m\u00e9s valores","og_url":"https:\/\/cleceseguridad.com\/ca\/serveis\/sistemes-centralitzats-seguretat\/centre-serveis-localitzacio\/","og_site_name":"Clece","article_modified_time":"2023-11-14T08:00:20+00:00","twitter_card":"summary_large_image","schema":{"@context":"https:\/\/schema.org","@graph":[{"@type":"WebPage","@id":"https:\/\/cleceseguridad.com\/ca\/serveis\/sistemes-centralitzats-seguretat\/centre-serveis-localitzacio\/","url":"https:\/\/cleceseguridad.com\/ca\/serveis\/sistemes-centralitzats-seguretat\/centre-serveis-localitzacio\/","name":"Centre de serveis de localitzaci\u00f3 | Clece Seguridad","isPartOf":{"@id":"https:\/\/cleceseguridad.com\/#website"},"datePublished":"2023-06-15T15:16:20+00:00","dateModified":"2023-11-14T08:00:20+00:00","description":"Maximitza la teva seguretat amb el nostre Centre de Serveis de Localitzaci\u00f3. Rastreig prec\u00eds i vigil\u00e0ncia constant per protegir el que m\u00e9s valores","breadcrumb":{"@id":"https:\/\/cleceseguridad.com\/ca\/serveis\/sistemes-centralitzats-seguretat\/centre-serveis-localitzacio\/#breadcrumb"},"inLanguage":"ca-CA","potentialAction":[{"@type":"ReadAction","target":["https:\/\/cleceseguridad.com\/ca\/serveis\/sistemes-centralitzats-seguretat\/centre-serveis-localitzacio\/"]}]},{"@type":"BreadcrumbList","@id":"https:\/\/cleceseguridad.com\/ca\/serveis\/sistemes-centralitzats-seguretat\/centre-serveis-localitzacio\/#breadcrumb","itemListElement":[{"@type":"ListItem","position":1,"name":"Inicio","item":"https:\/\/cleceseguridad.com\/ca\/"},{"@type":"ListItem","position":2,"name":"Serveis","item":"https:\/\/cleceseguridad.com\/ca\/serveis\/"},{"@type":"ListItem","position":3,"name":"Sistemes Centralitzats de Seguretat","item":"https:\/\/cleceseguridad.com\/ca\/serveis\/sistemes-centralitzats-seguretat\/"},{"@type":"ListItem","position":4,"name":"Centre de Serveis de Localitzaci\u00f3"}]},{"@type":"WebSite","@id":"https:\/\/cleceseguridad.com\/#website","url":"https:\/\/cleceseguridad.com\/","name":"Clece","description":"","potentialAction":[{"@type":"SearchAction","target":{"@type":"EntryPoint","urlTemplate":"https:\/\/cleceseguridad.com\/?s={search_term_string}"},"query-input":{"@type":"PropertyValueSpecification","valueRequired":true,"valueName":"search_term_string"}}],"inLanguage":"ca-CA"}]}},"_links":{"self":[{"href":"https:\/\/cleceseguridad.com\/ca\/wp-json\/wp\/v2\/pages\/3763","targetHints":{"allow":["GET"]}}],"collection":[{"href":"https:\/\/cleceseguridad.com\/ca\/wp-json\/wp\/v2\/pages"}],"about":[{"href":"https:\/\/cleceseguridad.com\/ca\/wp-json\/wp\/v2\/types\/page"}],"author":[{"embeddable":true,"href":"https:\/\/cleceseguridad.com\/ca\/wp-json\/wp\/v2\/users\/2"}],"replies":[{"embeddable":true,"href":"https:\/\/cleceseguridad.com\/ca\/wp-json\/wp\/v2\/comments?post=3763"}],"version-history":[{"count":6,"href":"https:\/\/cleceseguridad.com\/ca\/wp-json\/wp\/v2\/pages\/3763\/revisions"}],"predecessor-version":[{"id":4505,"href":"https:\/\/cleceseguridad.com\/ca\/wp-json\/wp\/v2\/pages\/3763\/revisions\/4505"}],"up":[{"embeddable":true,"href":"https:\/\/cleceseguridad.com\/ca\/wp-json\/wp\/v2\/pages\/396"}],"wp:attachment":[{"href":"https:\/\/cleceseguridad.com\/ca\/wp-json\/wp\/v2\/media?parent=3763"}],"curies":[{"name":"wp","href":"https:\/\/api.w.org\/{rel}","templated":true}]}}