{"id":3756,"date":"2023-06-16T08:19:12","date_gmt":"2023-06-16T08:19:12","guid":{"rendered":"https:\/\/cleceseguridad.com\/referencias\/"},"modified":"2023-11-14T08:01:33","modified_gmt":"2023-11-14T08:01:33","slug":"referencies","status":"publish","type":"page","link":"https:\/\/cleceseguridad.com\/ca\/referencies\/","title":{"rendered":"Refer\u00e8ncies"},"content":{"rendered":"","protected":false},"excerpt":{"rendered":"","protected":false},"author":1,"featured_media":0,"parent":0,"menu_order":0,"comment_status":"closed","ping_status":"closed","template":"template-pages\/referencias.php","meta":{"_acf_changed":false,"footnotes":""},"class_list":["post-3756","page","type-page","status-publish","hentry"],"acf":[],"yoast_head":"<!-- This site is optimized with the Yoast SEO plugin v27.3 - https:\/\/yoast.com\/product\/yoast-seo-wordpress\/ -->\n<title>Coneix les nostres refer\u00e8ncies | Clece Seguridad<\/title>\n<meta name=\"description\" content=\"Les refer\u00e8ncies de Clece Seguretat s\u00f3n nombroses. La nostra excel\u00b7l\u00e8ncia en serveis de seguretat est\u00e0 respaldada per organitzacions reconegudes\" \/>\n<meta name=\"robots\" content=\"index, follow, max-snippet:-1, max-image-preview:large, max-video-preview:-1\" \/>\n<link rel=\"canonical\" href=\"https:\/\/cleceseguridad.com\/ca\/referencies\/\" \/>\n<meta property=\"og:locale\" content=\"en_US\" \/>\n<meta property=\"og:type\" content=\"article\" \/>\n<meta property=\"og:title\" content=\"Coneix les nostres refer\u00e8ncies | Clece Seguridad\" \/>\n<meta property=\"og:description\" content=\"Les refer\u00e8ncies de Clece Seguretat s\u00f3n nombroses. La nostra excel\u00b7l\u00e8ncia en serveis de seguretat est\u00e0 respaldada per organitzacions reconegudes\" \/>\n<meta property=\"og:url\" content=\"https:\/\/cleceseguridad.com\/ca\/referencies\/\" \/>\n<meta property=\"og:site_name\" content=\"Clece\" \/>\n<meta property=\"article:modified_time\" content=\"2023-11-14T08:01:33+00:00\" \/>\n<meta name=\"twitter:card\" content=\"summary_large_image\" \/>\n<script type=\"application\/ld+json\" class=\"yoast-schema-graph\">{\"@context\":\"https:\\\/\\\/schema.org\",\"@graph\":[{\"@type\":\"WebPage\",\"@id\":\"https:\\\/\\\/cleceseguridad.com\\\/ca\\\/referencies\\\/\",\"url\":\"https:\\\/\\\/cleceseguridad.com\\\/ca\\\/referencies\\\/\",\"name\":\"Coneix les nostres refer\u00e8ncies | Clece Seguridad\",\"isPartOf\":{\"@id\":\"https:\\\/\\\/cleceseguridad.com\\\/#website\"},\"datePublished\":\"2023-06-16T08:19:12+00:00\",\"dateModified\":\"2023-11-14T08:01:33+00:00\",\"description\":\"Les refer\u00e8ncies de Clece Seguretat s\u00f3n nombroses. La nostra excel\u00b7l\u00e8ncia en serveis de seguretat est\u00e0 respaldada per organitzacions reconegudes\",\"breadcrumb\":{\"@id\":\"https:\\\/\\\/cleceseguridad.com\\\/ca\\\/referencies\\\/#breadcrumb\"},\"inLanguage\":\"ca-CA\",\"potentialAction\":[{\"@type\":\"ReadAction\",\"target\":[\"https:\\\/\\\/cleceseguridad.com\\\/ca\\\/referencies\\\/\"]}]},{\"@type\":\"BreadcrumbList\",\"@id\":\"https:\\\/\\\/cleceseguridad.com\\\/ca\\\/referencies\\\/#breadcrumb\",\"itemListElement\":[{\"@type\":\"ListItem\",\"position\":1,\"name\":\"Inicio\",\"item\":\"https:\\\/\\\/cleceseguridad.com\\\/ca\\\/\"},{\"@type\":\"ListItem\",\"position\":2,\"name\":\"Refer\u00e8ncies\"}]},{\"@type\":\"WebSite\",\"@id\":\"https:\\\/\\\/cleceseguridad.com\\\/#website\",\"url\":\"https:\\\/\\\/cleceseguridad.com\\\/\",\"name\":\"Clece\",\"description\":\"\",\"potentialAction\":[{\"@type\":\"SearchAction\",\"target\":{\"@type\":\"EntryPoint\",\"urlTemplate\":\"https:\\\/\\\/cleceseguridad.com\\\/?s={search_term_string}\"},\"query-input\":{\"@type\":\"PropertyValueSpecification\",\"valueRequired\":true,\"valueName\":\"search_term_string\"}}],\"inLanguage\":\"ca-CA\"}]}<\/script>\n<!-- \/ Yoast SEO plugin. -->","yoast_head_json":{"title":"Coneix les nostres refer\u00e8ncies | Clece Seguridad","description":"Les refer\u00e8ncies de Clece Seguretat s\u00f3n nombroses. La nostra excel\u00b7l\u00e8ncia en serveis de seguretat est\u00e0 respaldada per organitzacions reconegudes","robots":{"index":"index","follow":"follow","max-snippet":"max-snippet:-1","max-image-preview":"max-image-preview:large","max-video-preview":"max-video-preview:-1"},"canonical":"https:\/\/cleceseguridad.com\/ca\/referencies\/","og_locale":"en_US","og_type":"article","og_title":"Coneix les nostres refer\u00e8ncies | Clece Seguridad","og_description":"Les refer\u00e8ncies de Clece Seguretat s\u00f3n nombroses. La nostra excel\u00b7l\u00e8ncia en serveis de seguretat est\u00e0 respaldada per organitzacions reconegudes","og_url":"https:\/\/cleceseguridad.com\/ca\/referencies\/","og_site_name":"Clece","article_modified_time":"2023-11-14T08:01:33+00:00","twitter_card":"summary_large_image","schema":{"@context":"https:\/\/schema.org","@graph":[{"@type":"WebPage","@id":"https:\/\/cleceseguridad.com\/ca\/referencies\/","url":"https:\/\/cleceseguridad.com\/ca\/referencies\/","name":"Coneix les nostres refer\u00e8ncies | Clece Seguridad","isPartOf":{"@id":"https:\/\/cleceseguridad.com\/#website"},"datePublished":"2023-06-16T08:19:12+00:00","dateModified":"2023-11-14T08:01:33+00:00","description":"Les refer\u00e8ncies de Clece Seguretat s\u00f3n nombroses. La nostra excel\u00b7l\u00e8ncia en serveis de seguretat est\u00e0 respaldada per organitzacions reconegudes","breadcrumb":{"@id":"https:\/\/cleceseguridad.com\/ca\/referencies\/#breadcrumb"},"inLanguage":"ca-CA","potentialAction":[{"@type":"ReadAction","target":["https:\/\/cleceseguridad.com\/ca\/referencies\/"]}]},{"@type":"BreadcrumbList","@id":"https:\/\/cleceseguridad.com\/ca\/referencies\/#breadcrumb","itemListElement":[{"@type":"ListItem","position":1,"name":"Inicio","item":"https:\/\/cleceseguridad.com\/ca\/"},{"@type":"ListItem","position":2,"name":"Refer\u00e8ncies"}]},{"@type":"WebSite","@id":"https:\/\/cleceseguridad.com\/#website","url":"https:\/\/cleceseguridad.com\/","name":"Clece","description":"","potentialAction":[{"@type":"SearchAction","target":{"@type":"EntryPoint","urlTemplate":"https:\/\/cleceseguridad.com\/?s={search_term_string}"},"query-input":{"@type":"PropertyValueSpecification","valueRequired":true,"valueName":"search_term_string"}}],"inLanguage":"ca-CA"}]}},"_links":{"self":[{"href":"https:\/\/cleceseguridad.com\/ca\/wp-json\/wp\/v2\/pages\/3756","targetHints":{"allow":["GET"]}}],"collection":[{"href":"https:\/\/cleceseguridad.com\/ca\/wp-json\/wp\/v2\/pages"}],"about":[{"href":"https:\/\/cleceseguridad.com\/ca\/wp-json\/wp\/v2\/types\/page"}],"author":[{"embeddable":true,"href":"https:\/\/cleceseguridad.com\/ca\/wp-json\/wp\/v2\/users\/1"}],"replies":[{"embeddable":true,"href":"https:\/\/cleceseguridad.com\/ca\/wp-json\/wp\/v2\/comments?post=3756"}],"version-history":[{"count":6,"href":"https:\/\/cleceseguridad.com\/ca\/wp-json\/wp\/v2\/pages\/3756\/revisions"}],"predecessor-version":[{"id":4507,"href":"https:\/\/cleceseguridad.com\/ca\/wp-json\/wp\/v2\/pages\/3756\/revisions\/4507"}],"wp:attachment":[{"href":"https:\/\/cleceseguridad.com\/ca\/wp-json\/wp\/v2\/media?parent=3756"}],"curies":[{"name":"wp","href":"https:\/\/api.w.org\/{rel}","templated":true}]}}