{"id":1992,"date":"2023-06-19T19:04:12","date_gmt":"2023-06-19T19:04:12","guid":{"rendered":"https:\/\/cleceseguridad.com\/aviso-legal\/"},"modified":"2024-03-18T14:25:22","modified_gmt":"2024-03-18T14:25:22","slug":"avis-legal","status":"publish","type":"page","link":"https:\/\/cleceseguridad.com\/ca\/avis-legal\/","title":{"rendered":"Av\u00eds legal"},"content":{"rendered":"\n<h1 class=\"wp-block-heading\">Av\u00eds legal<\/h1>\n\n\n\n<div style=\"height:25px\" aria-hidden=\"true\" class=\"wp-block-spacer\"><\/div>\n\n\n\n<h2 class=\"wp-block-heading\">1. Dades identificatives<\/h2>\n\n\n\n<p>En compliment amb el deure d\u2019informaci\u00f3 recollit a l\u2019article 10 de la Llei 34\/2002, d\u201911 de juliol, de serveis de la societat de la informaci\u00f3 i del comer\u00e7 electr\u00f2nic, a continuaci\u00f3 es reflecteixen les dades seg\u00fcents:<br>L\u2019empresa titular d\u2019aquest lloc web \u00e9s CLECE SEGURIDAD, SA, amb domicili a Avenida de la V\u00eda L\u00e1ctea, 1 \u2013 28830 San Fernando de Henares, Madrid, amb n\u00famero de CIF: A86340098, inscrita al Registre Mercantil de Madrid, al tom 29.411, foli 215, secci\u00f3 8, full M-529388, inscripci\u00f3 11a. Correu electr\u00f2nic de contacte info@cleceseguridad.com.<\/p>\n\n\n\n<h2 class=\"wp-block-heading\">2. Usuaris<\/h2>\n\n\n\n<p>l\u2019acc\u00e9s o l\u2019\u00fas del lloc web www.cleceseguridad.com atribueix la condici\u00f3 d\u2019USUARI, que accepta, des d\u2019aquest acc\u00e9s o \u00fas, les Condicions Generals d\u2019\u00das que s\u2019indiquen aqu\u00ed. Les condicions que se citen seran aplicables independentment de les Condicions Particulars que, si escau, regeixin la utilitzaci\u00f3 del lloc web o dels serveis que hi estan vinculats. La prestaci\u00f3 del servei del lloc web t\u00e9 car\u00e0cter gratu\u00eft.<\/p>\n\n\n\n<p>Quan l\u2019USUARI es registri i aporti dades personals per poder accedir a algun dels serveis espec\u00edfics, a la recollida i al tractament de les dades personals dels USUARIS hi ser\u00e0 aplicable el que disposa l\u2019ep\u00edgraf sobre seguretat i protecci\u00f3 de dades de car\u00e0cter personal.<\/p>\n\n\n\n<h2 class=\"wp-block-heading\">3. Obligacions de l\u2019usuari<\/h2>\n\n\n\n<p>El simple acc\u00e9s, navegaci\u00f3 i \u00fas del lloc web comporta i suposa l\u2019acceptaci\u00f3, per part de l\u2019Usuari, de l\u2019Av\u00eds Legal vigent i publicat en cada moment.<\/p>\n\n\n\n<p>El lloc web de www.clece.es proporciona l\u2019acc\u00e9s a multitud d\u2019informacions, serveis, programes o dades (d\u2019ara endavant, \u201cels continguts\u201d) a Internet que pertanyen a CLECE SEGURIDAD, SA, o als seus llicenciadors als quals l\u2019USUARI pugui tenir acc\u00e9s.<\/p>\n\n\n\n<p>L\u2019USUARI assumeix la responsabilitat de l\u2019\u00fas del PORTAL. Aquesta responsabilitat s\u2019est\u00e9n al registre que fos necessari per accedir a certs serveis o continguts. En aquest registre, l\u2019USUARI ser\u00e0 responsable d\u2019aportar informaci\u00f3 vera\u00e7 i l\u00edcita. Com a conseq\u00fc\u00e8ncia d\u2019aquest registre, a l\u2019USUARI se li pot proporcionar una contrasenya, de la qual ser\u00e0 responsable i es compromet a fer un \u00fas diligent i confidencial.<\/p>\n\n\n\n<p>L\u2019USUARI es compromet a fer un \u00fas adequat dels continguts i dels serveis que CLECE SEGURIDAD, SA ofereix a trav\u00e9s del seu lloc web i amb car\u00e0cter enunciatiu per\u00f2 no limitatiu, a no emprar-los per (i) inc\u00f3rrer en activitats il\u00b7l\u00edcites, il\u00b7legals o contr\u00e0ries a la bona fe i a l\u2019ordre p\u00fablic; (ii) difondre continguts o propaganda de car\u00e0cter racista, xen\u00f2fob, pornogr\u00e0fic-il\u00b7legal, d\u2019apologia del terrorisme o que atempti contra els drets humans; (iii) provocar danys en els sistemes f\u00edsics i l\u00f2gics de www.cleceseguridad.com, dels seus prove\u00efdors o de terceres persones, introduir o difondre a la xarxa virus inform\u00e0tics o qualssevol altres sistemes f\u00edsics o l\u00f2gics que siguin susceptibles de provocar els danys que s\u2019han esmentat anteriorment; (iv) intentar accedir i, si escau, fer servir els comptes de correu electr\u00f2nic d\u2019altres usuaris i modificar o manipular-ne els missatges.<\/p>\n\n\n\n<p>CLECE SEGURIDAD, SA, es reserva el dret de retirar tots els comentaris i les aportacions que vulnerin el respecte a la dignitat de la persona, que siguin discriminatoris, xen\u00f2fobs, racistes, pornogr\u00e0fics, que atemptin contra el jovent o la inf\u00e0ncia, l\u2019ordre o la seguretat p\u00fablica o que, si ho considera aix\u00ed, no siguin adequats per a la seva publicaci\u00f3.<\/p>\n\n\n\n<p>En qualsevol cas, CLECE SEGURIDAD, SA no ser\u00e0 responsable de les opinions que expressin els usuaris a trav\u00e9s dels f\u00f2rums, missatges o altres eines de participaci\u00f3, si escau.<\/p>\n\n\n\n<h2 class=\"wp-block-heading\">4. Propietat intel\u00b7lectual i industrial<\/h2>\n\n\n\n<p>CLECE SEGURIDAD, SA per ella mateixa o com a cession\u00e0ria, \u00e9s titular de tots els drets de propietat intel\u00b7lectual i industrial de les seves p\u00e0gines webs, aix\u00ed com dels elements que s\u2019hi recullen (a t\u00edtol enunciatiu, imatges, so, \u00e0udio, v\u00eddeo, programari o textos; marques o logotips, combinacions de colors, estructura i disseny, selecci\u00f3 de materials usats, programes d\u2019ordinador necessaris per al seu funcionament, acc\u00e9s i \u00fas, etc.).<\/p>\n\n\n\n<p>L\u2019usuari es compromet a respectar els drets de propietat intel\u00b7lectual i industrial titularitat de CLECE SEGURIDAD, SA, L\u2019acc\u00e9s, la navegaci\u00f3, la utilitzaci\u00f3, l\u2019emmagatzematge o les desc\u00e0rregues del contingut, per part de l\u2019usuari al lloc web no li atorga cap dret de propietat sobre aquests.<\/p>\n\n\n\n<p>En conseq\u00fc\u00e8ncia, l\u2019\u00fas dels continguts del lloc web per part de l\u2019usuari ser\u00e0 per al seu \u00fas privat i, sempre que, amb aix\u00f2 no infringeixi el copyright o qualsevol altre dret de CLECE SEGURIDAD, SA. Aquesta autoritzaci\u00f3 de c\u00f2pia privada no implica la concessi\u00f3 de cap mena de llic\u00e8ncia o dret d\u2019explotaci\u00f3 a favor de l\u2019usuari.<\/p>\n\n\n\n<h2 class=\"wp-block-heading\">5. Exclusi\u00f3 de garanties i responsabilitat<\/h2>\n\n\n\n<p>CLECE SEGURIDAD, SA ha adoptat totes les mesures necess\u00e0ries, dins de les seves possibilitats i de l\u2019estat de la tecnologia, per garantir el funcionament del lloc web i evitar l\u2019exist\u00e8ncia i la transmissi\u00f3 de virus i altres components nocius als Usuaris.<\/p>\n\n\n\n<p>L\u2019Usuari ha de saber que les comunicacions a trav\u00e9s de xarxes obertes estan exposades a una pluralitat d\u2019amenaces que fa que no siguin segures. \u00c9s responsabilitat de l\u2019Usuari adoptar totes les mesures t\u00e8cniques adequades per controlar raonablement aquestes amenaces i, entre aquestes, el fet de tenir sistemes actualitzats de detecci\u00f3 de programari malici\u00f3s, com ara virus, troians, etc., aix\u00ed com tenir actualitzats els pegats de seguretat dels corresponents navegadors.<\/p>\n\n\n\n<p>CLECE SEGURIDAD, SA no es fa responsable, en cap cas, dels danys i perjudicis de qualsevol naturalesa que pogu\u00e9s ocasionar.<\/p>\n\n\n\n<p>CLECE SEGURIDAD, SA no garanteix la mancada disponibilitat, manteniment i efectiu funcionament del lloc web i\/o dels seus serveis. No obstant aix\u00f2, posar\u00e0 els seus millors esfor\u00e7os a procurar que el lloc web estigui accessible i en ple funcionament tot el temps.<\/p>\n\n\n\n<h2 class=\"wp-block-heading\">6. \u00das de galetes<\/h2>\n\n\n\n<p>El lloc web de www.cleceseguridad.com fa servir galetes (petits arxius d\u2019informaci\u00f3 que el servidor envia a l\u2019ordinador de qui accedeix a la p\u00e0gina) per al funcionament i la visualitzaci\u00f3 correctes dels llocs web per part de l\u2019usuari, aix\u00ed com la recollida d\u2019estad\u00edstiques. Per a m\u00e9s informaci\u00f3, accedeixi a la nostra&nbsp;<a href=\"https:\/\/cleceseguridad.com\/ca\/politica-galetes\/\"><strong>Pol\u00edtica de Galetes.<\/strong><\/a><\/p>\n\n\n\n<h2 class=\"wp-block-heading\">7. Enlla\u00e7os<\/h2>\n\n\n\n<p>Els enlla\u00e7os continguts en el nostre lloc web poden dirigir a continguts web de tercers. L\u2019objectiu d\u2019aquests enlla\u00e7os \u00fanicament \u00e9s facilitar-li la cerca dels recursos que li puguin interessar a trav\u00e9s d\u2019Internet.<\/p>\n\n\n\n<p>CLECE SEGURIDAD, SA no assumeix cap responsabilitat pel contingut, les informacions o els serveis que poguessin apar\u00e8ixer en aquests llocs, que tindran exclusivament car\u00e0cter informatiu i que en cap cas impliquen una relaci\u00f3 entre CLECE SEGURIDAD, SA i les persones o entitats titulars d\u2019aquests continguts o titulars dels llocs on es trobin.<\/p>\n\n\n\n<p>Los enlla\u00e7os als webs de CLECE SEGURIDAD, SAU hauran de respectar les condicions seg\u00fcents:<\/p>\n\n\n\n<ul class=\"wp-block-list\">\n<li>L\u2019establiment de l\u2019enlla\u00e7 no suposar\u00e0 cap tipus d\u2019acord, contracte, patrocini ni recomanaci\u00f3 per part de CLECE SEGURIDAD, SA de la p\u00e0gina que fa l\u2019enlla\u00e7.<\/li>\n\n\n\n<li>La p\u00e0gina web en la qual s\u2019estableixi l\u2019hiperenlla\u00e7 no contindr\u00e0 informacions amb continguts que siguin il\u00b7l\u00edcits, discriminatoris, contraris als principis \u00e8tics comunament acceptats o atemptin contra l\u2019ordre p\u00fablic, aix\u00ed com tampoc no contindr\u00e0 continguts contraris a qualssevol drets de tercers.<\/li>\n\n\n\n<li>CLECE SEGURIDAD, SA podr\u00e0 sol\u00b7licitar que es retiri un enlla\u00e7 del seu web, sense necessitat d\u2019al\u00b7legar-ne cap causa. En aquest cas, la p\u00e0gina que hagi fet l\u2019enlla\u00e7 haur\u00e0 de procedir a suprimir-lo immediatament, tan aviat com rebi la notificaci\u00f3 de CLECE SEGURIDAD, SAU.<\/li>\n\n\n\n<li>No es responsabilitza de cap manera ni garanteix la qualitat, exactitud, fiabilitat, correcci\u00f3 o moralitat de continguts o serveis que l\u2019establiment de l\u2019hiperenlla\u00e7 pugui oferir. L\u2019usuari assumeix, sota la seva exclusiva responsabilitat, les conseq\u00fc\u00e8ncies, els danys o les accions que poguessin derivar-se de l\u2019acc\u00e9s a la p\u00e0gina web de l\u2019hiperenlla\u00e7.<\/li>\n<\/ul>\n\n\n\n<p>La p\u00e0gina web en la qual s\u2019estableixi l\u2019hiperenlla\u00e7 no podr\u00e0 contenir cap marca, denominaci\u00f3, logotip, esl\u00f2gan o altres signes distintius pertanyents a CLECE SEGURIDAD, SA excepte aquells signes que formin part del mateix hiperenlla\u00e7.<\/p>\n\n\n\n<h2 class=\"wp-block-heading\">8. Dret d\u2019exclusi\u00f3<\/h2>\n\n\n\n<p>CLECE SEGURIDAD, SA es reserva el dret a denegar o retirar l\u2019acc\u00e9s als seus llocs web i\/o Als serveis oferts sense necessitat de preav\u00eds, a inst\u00e0ncia pr\u00f2pia o d\u2019un tercer, als usuaris que incompleixin aquestes condicions generals d\u2019\u00fas.<\/p>\n\n\n\n<h2 class=\"wp-block-heading\">9. Generalitats<\/h2>\n\n\n\n<p>CLECE SEGURIDAD, SA perseguir\u00e0 l\u2019incompliment d\u2019aquestes condicions aix\u00ed com de qualsevol utilitzaci\u00f3 indeguda dels seus llocs web i exercir\u00e0 totes les accions civils i penals que li puguin correspondre en dret.<\/p>\n\n\n\n<h2 class=\"wp-block-heading\">10. Modificaci\u00f3 d\u2019aquestes condicions i durada<\/h2>\n\n\n\n<p>CLECE SEGURIDAD, SA es reserva el dret de fer, en qualsevol moment i sense av\u00eds previ, qualsevol modificaci\u00f3 que consideri oportuna en el seu lloc web.<\/p>\n\n\n\n<p>CLECE SEGURIDAD, SA podr\u00e0 modificar, en qualsevol moment, les condicions que aqu\u00ed es determinin, que es publicaran degudament quan apareguin aqu\u00ed. La vig\u00e8ncia de les condicions citades coincideix amb el temps de la seva exposici\u00f3, fins que siguin modificades totalment o parcialment, moment en el qual passaran a tenir vig\u00e8ncia des del moment de la seva modificaci\u00f3 i publicaci\u00f3 en el lloc web.<\/p>\n\n\n\n<h2 class=\"wp-block-heading\">11. Legislaci\u00f3 aplicable i jurisdicci\u00f3<\/h2>\n\n\n\n<p>La relaci\u00f3 entre l\u2019Empresa i l\u2019USUARI es regir\u00e0 per la normativa espanyola vigent i qualsevol controv\u00e8rsia es recorrer\u00e0 als jutjats i tribunals que corresponguin a la compet\u00e8ncia territorial de l\u2019Empresa titular de la web, renunciant expressament l\u2019usuari a qualsevol altre fur que pogu\u00e9s ser competent.<\/p>\n","protected":false},"excerpt":{"rendered":"<p>Av\u00eds legal 1. Dades identificatives En compliment amb el deure d\u2019informaci\u00f3 recollit a l\u2019article 10 de la Llei 34\/2002, d\u201911 de juliol, de serveis de la societat de la informaci\u00f3 i del comer\u00e7 electr\u00f2nic, a continuaci\u00f3 es reflecteixen les dades seg\u00fcents:L\u2019empresa titular d\u2019aquest lloc web \u00e9s CLECE SEGURIDAD, SA, amb domicili a Avenida de la [&hellip;]<\/p>\n","protected":false},"author":2,"featured_media":0,"parent":0,"menu_order":0,"comment_status":"closed","ping_status":"closed","template":"template-pages\/politica-privacidad.php","meta":{"_acf_changed":false,"footnotes":""},"class_list":["post-1992","page","type-page","status-publish","hentry"],"acf":[],"yoast_head":"<!-- This site is optimized with the Yoast SEO plugin v27.3 - https:\/\/yoast.com\/product\/yoast-seo-wordpress\/ -->\n<title>Av\u00eds legal Clece Seguridad | Clece Seguridad<\/title>\n<meta name=\"description\" content=\"Aquest \u00e9s l&#039;Av\u00eds Legal de la web de Clece Seguretat. Coneix tota la informaci\u00f3 legal sobre l&#039;\u00fas de la web de Clece Seguretat aqu\u00ed\" \/>\n<meta name=\"robots\" content=\"index, follow, max-snippet:-1, max-image-preview:large, max-video-preview:-1\" \/>\n<link rel=\"canonical\" href=\"https:\/\/cleceseguridad.com\/ca\/avis-legal\/\" \/>\n<meta property=\"og:locale\" content=\"en_US\" \/>\n<meta property=\"og:type\" content=\"article\" \/>\n<meta property=\"og:title\" content=\"Av\u00eds legal Clece Seguridad | Clece Seguridad\" \/>\n<meta property=\"og:description\" content=\"Aquest \u00e9s l&#039;Av\u00eds Legal de la web de Clece Seguretat. Coneix tota la informaci\u00f3 legal sobre l&#039;\u00fas de la web de Clece Seguretat aqu\u00ed\" \/>\n<meta property=\"og:url\" content=\"https:\/\/cleceseguridad.com\/ca\/avis-legal\/\" \/>\n<meta property=\"og:site_name\" content=\"Clece\" \/>\n<meta property=\"article:modified_time\" content=\"2024-03-18T14:25:22+00:00\" \/>\n<meta name=\"twitter:card\" content=\"summary_large_image\" \/>\n<meta name=\"twitter:label1\" content=\"Est. reading time\" \/>\n\t<meta name=\"twitter:data1\" content=\"7 minutes\" \/>\n<script type=\"application\/ld+json\" class=\"yoast-schema-graph\">{\"@context\":\"https:\\\/\\\/schema.org\",\"@graph\":[{\"@type\":\"WebPage\",\"@id\":\"https:\\\/\\\/cleceseguridad.com\\\/ca\\\/avis-legal\\\/\",\"url\":\"https:\\\/\\\/cleceseguridad.com\\\/ca\\\/avis-legal\\\/\",\"name\":\"Av\u00eds legal Clece Seguridad | Clece Seguridad\",\"isPartOf\":{\"@id\":\"https:\\\/\\\/cleceseguridad.com\\\/#website\"},\"datePublished\":\"2023-06-19T19:04:12+00:00\",\"dateModified\":\"2024-03-18T14:25:22+00:00\",\"description\":\"Aquest \u00e9s l'Av\u00eds Legal de la web de Clece Seguretat. Coneix tota la informaci\u00f3 legal sobre l'\u00fas de la web de Clece Seguretat aqu\u00ed\",\"breadcrumb\":{\"@id\":\"https:\\\/\\\/cleceseguridad.com\\\/ca\\\/avis-legal\\\/#breadcrumb\"},\"inLanguage\":\"ca-CA\",\"potentialAction\":[{\"@type\":\"ReadAction\",\"target\":[\"https:\\\/\\\/cleceseguridad.com\\\/ca\\\/avis-legal\\\/\"]}]},{\"@type\":\"BreadcrumbList\",\"@id\":\"https:\\\/\\\/cleceseguridad.com\\\/ca\\\/avis-legal\\\/#breadcrumb\",\"itemListElement\":[{\"@type\":\"ListItem\",\"position\":1,\"name\":\"Inicio\",\"item\":\"https:\\\/\\\/cleceseguridad.com\\\/ca\\\/\"},{\"@type\":\"ListItem\",\"position\":2,\"name\":\"Av\u00eds legal\"}]},{\"@type\":\"WebSite\",\"@id\":\"https:\\\/\\\/cleceseguridad.com\\\/#website\",\"url\":\"https:\\\/\\\/cleceseguridad.com\\\/\",\"name\":\"Clece\",\"description\":\"\",\"potentialAction\":[{\"@type\":\"SearchAction\",\"target\":{\"@type\":\"EntryPoint\",\"urlTemplate\":\"https:\\\/\\\/cleceseguridad.com\\\/?s={search_term_string}\"},\"query-input\":{\"@type\":\"PropertyValueSpecification\",\"valueRequired\":true,\"valueName\":\"search_term_string\"}}],\"inLanguage\":\"ca-CA\"}]}<\/script>\n<!-- \/ Yoast SEO plugin. -->","yoast_head_json":{"title":"Av\u00eds legal Clece Seguridad | Clece Seguridad","description":"Aquest \u00e9s l'Av\u00eds Legal de la web de Clece Seguretat. Coneix tota la informaci\u00f3 legal sobre l'\u00fas de la web de Clece Seguretat aqu\u00ed","robots":{"index":"index","follow":"follow","max-snippet":"max-snippet:-1","max-image-preview":"max-image-preview:large","max-video-preview":"max-video-preview:-1"},"canonical":"https:\/\/cleceseguridad.com\/ca\/avis-legal\/","og_locale":"en_US","og_type":"article","og_title":"Av\u00eds legal Clece Seguridad | Clece Seguridad","og_description":"Aquest \u00e9s l'Av\u00eds Legal de la web de Clece Seguretat. Coneix tota la informaci\u00f3 legal sobre l'\u00fas de la web de Clece Seguretat aqu\u00ed","og_url":"https:\/\/cleceseguridad.com\/ca\/avis-legal\/","og_site_name":"Clece","article_modified_time":"2024-03-18T14:25:22+00:00","twitter_card":"summary_large_image","twitter_misc":{"Est. reading time":"7 minutes"},"schema":{"@context":"https:\/\/schema.org","@graph":[{"@type":"WebPage","@id":"https:\/\/cleceseguridad.com\/ca\/avis-legal\/","url":"https:\/\/cleceseguridad.com\/ca\/avis-legal\/","name":"Av\u00eds legal Clece Seguridad | Clece Seguridad","isPartOf":{"@id":"https:\/\/cleceseguridad.com\/#website"},"datePublished":"2023-06-19T19:04:12+00:00","dateModified":"2024-03-18T14:25:22+00:00","description":"Aquest \u00e9s l'Av\u00eds Legal de la web de Clece Seguretat. Coneix tota la informaci\u00f3 legal sobre l'\u00fas de la web de Clece Seguretat aqu\u00ed","breadcrumb":{"@id":"https:\/\/cleceseguridad.com\/ca\/avis-legal\/#breadcrumb"},"inLanguage":"ca-CA","potentialAction":[{"@type":"ReadAction","target":["https:\/\/cleceseguridad.com\/ca\/avis-legal\/"]}]},{"@type":"BreadcrumbList","@id":"https:\/\/cleceseguridad.com\/ca\/avis-legal\/#breadcrumb","itemListElement":[{"@type":"ListItem","position":1,"name":"Inicio","item":"https:\/\/cleceseguridad.com\/ca\/"},{"@type":"ListItem","position":2,"name":"Av\u00eds legal"}]},{"@type":"WebSite","@id":"https:\/\/cleceseguridad.com\/#website","url":"https:\/\/cleceseguridad.com\/","name":"Clece","description":"","potentialAction":[{"@type":"SearchAction","target":{"@type":"EntryPoint","urlTemplate":"https:\/\/cleceseguridad.com\/?s={search_term_string}"},"query-input":{"@type":"PropertyValueSpecification","valueRequired":true,"valueName":"search_term_string"}}],"inLanguage":"ca-CA"}]}},"_links":{"self":[{"href":"https:\/\/cleceseguridad.com\/ca\/wp-json\/wp\/v2\/pages\/1992","targetHints":{"allow":["GET"]}}],"collection":[{"href":"https:\/\/cleceseguridad.com\/ca\/wp-json\/wp\/v2\/pages"}],"about":[{"href":"https:\/\/cleceseguridad.com\/ca\/wp-json\/wp\/v2\/types\/page"}],"author":[{"embeddable":true,"href":"https:\/\/cleceseguridad.com\/ca\/wp-json\/wp\/v2\/users\/2"}],"replies":[{"embeddable":true,"href":"https:\/\/cleceseguridad.com\/ca\/wp-json\/wp\/v2\/comments?post=1992"}],"version-history":[{"count":9,"href":"https:\/\/cleceseguridad.com\/ca\/wp-json\/wp\/v2\/pages\/1992\/revisions"}],"predecessor-version":[{"id":5176,"href":"https:\/\/cleceseguridad.com\/ca\/wp-json\/wp\/v2\/pages\/1992\/revisions\/5176"}],"wp:attachment":[{"href":"https:\/\/cleceseguridad.com\/ca\/wp-json\/wp\/v2\/media?parent=1992"}],"curies":[{"name":"wp","href":"https:\/\/api.w.org\/{rel}","templated":true}]}}