{"id":1958,"date":"2023-06-16T08:37:31","date_gmt":"2023-06-16T08:37:31","guid":{"rendered":"https:\/\/cleceseguridad.com\/politica-de-privacidad\/"},"modified":"2025-09-02T14:58:32","modified_gmt":"2025-09-02T14:58:32","slug":"politica-privadesa","status":"publish","type":"page","link":"https:\/\/cleceseguridad.com\/ca\/politica-privadesa\/","title":{"rendered":"Pol\u00edtica de privadesa"},"content":{"rendered":"\r\n<h1 class=\"wp-block-heading\">POL\u00cdTICA DE PRIVACITAT<\/h1>\r\n\r\n\r\n\r\n<div class=\"wp-block-spacer\" style=\"height: 25px;\" aria-hidden=\"true\">\u00a0<\/div>\r\n\r\n\r\n\r\n<h2 class=\"wp-block-heading\">1. QUI \u00c9S EL RESPONSABLE DEL TRACTAMENT DE LES SEVES DADES PERSONALS?<\/h2>\r\n\r\n\r\n\r\n<ul class=\"wp-block-list\">\r\n<li>Denominaci\u00f3 Social:\u00a0CLECE SEGURIDAD S.A.<\/li>\r\n\r\n\r\n\r\n<li>CIF:\u00a0A86340098<\/li>\r\n\r\n\r\n\r\n<li>Adre\u00e7a Registrada: Av. V\u00eda L\u00e1ctea, 1, 28830, San Fernando de Henares (Madrid)<\/li>\r\n\r\n\r\n\r\n<li>Tel\u00e8fon:\u00a0+34 91 7371172<\/li>\r\n\r\n\r\n\r\n<li>Correu electr\u00f2nic del Delegat de Protecci\u00f3 de Dades (DPD):\u00a0<a href=\"mailto:rgpd-cleceseguridad@cleceseguridad.com\">rgpd-cleceseguridad@cleceseguridad.com<\/a><\/li>\r\n<\/ul>\r\n\r\n<p>&nbsp;<\/p>\r\n\r\n\r\n\r\n<div class=\"wp-block-spacer\" style=\"height: 15px;\" aria-hidden=\"true\">\u00a0<\/div>\r\n\r\n\r\n\r\n<h2 class=\"wp-block-heading\">2. AMB QUINA FINALITAT I SOBRE QUINA BASE LEGAL TRACTEM LES SEVES DADES PERSONALS?<\/h2>\r\n\r\n\r\n\r\n<p>Mitjan\u00e7ant aquest lloc web, recopilem dades personals a trav\u00e9s del formulari de contacte per a les seg\u00fcents finalitats:<\/p>\r\n\r\n\r\n\r\n<h3><strong>Gesti\u00f3 de sol\u00b7licituds d&#8217;informaci\u00f3 i contacte:<\/strong><\/h3>\r\n<ul>\r\n<li>Recopilar i gestionar consultes relatives als nostres serveis.<\/li>\r\n<li>Proporcionar informaci\u00f3 sobre els serveis segons l&#8217;\u00e0rea geogr\u00e0fica seleccionada.<\/li>\r\n<li>Atendre les sol\u00b7licituds rebudes.<\/li>\r\n<\/ul>\r\n\r\n\r\n\r\n<p>La base legal per a aquest tractament \u00e9s l&#8217;execuci\u00f3 d&#8217;un contracte o mesures precontractuals d&#8217;acord amb l&#8217;article 6.1(b) del Reglament General de Protecci\u00f3 de Dades (RGPD), i es considera concedit quan vost\u00e8 envia el formulari amb les seves dades.<\/p>\r\n\r\n\r\n\r\n<h3><strong>Gesti\u00f3 de suggeriments, reclamacions i comentaris:<\/strong><\/h3>\r\n<ul>\r\n<li>Processar queixes, suggeriments o comentaris enviats mitjan\u00e7ant la secci\u00f3 corresponent.<\/li>\r\n<li>\uf0b7Respondre a sol\u00b7licituds relacionades amb la qualitat dels serveis prestats.<\/li>\r\n<\/ul>\r\n\r\n\r\n\r\n<p>La base legal per a aquest tractament \u00e9s l&#8217;atenci\u00f3 i resoluci\u00f3 de la seva reclamaci\u00f3 i\/o petici\u00f3 d&#8217;acord amb l&#8217;article 6.1(b) del RGPD, i es considera concedit quan vost\u00e8 envia el formulari amb les seves dades.<\/p>\r\n\r\n\r\n\r\n<p>Si vost\u00e8 es posa en contacte amb nosaltres a trav\u00e9s d&#8217;altres canals (per exemple, correu electr\u00f2nic), tractarem les seves dades per tramitar la seva sol\u00b7licitud i respondre mitjan\u00e7ant el mitj\u00e0 de contacte proporcionat. La base legal per a aquest tractament \u00e9s el seu consentiment expr\u00e9s, que es considera atorgat en rebre la seva petici\u00f3 per correu electr\u00f2nic.<\/p>\r\n\r\n\r\n\r\n<div class=\"wp-block-spacer\" style=\"height: 15px;\" aria-hidden=\"true\">\u00a0<\/div>\r\n\r\n\r\n\r\n<h2 class=\"wp-block-heading\">\u00a0<\/h2>\r\n<h2 class=\"wp-block-heading\">3. QUINES CATEGORIES DE DADES PERSONALS TRACTEM?<\/h2>\r\n\r\n\r\n\r\n<p>Segons l\u2019\u00fas que faci del nostre lloc web, podem tractar les seg\u00fcents categories de dades personals:<\/p>\r\n<ul>\r\n<li><b><\/b><strong><b>Dades identificatives i de contacte:<\/b><\/strong>Nom, cognoms, adre\u00e7a de correu electr\u00f2nic i tel\u00e8fon.<\/li>\r\n<li><b><\/b><strong><b>Dades de localitzaci\u00f3:<\/b><\/strong>Selecci\u00f3 d&#8217;\u00e0rea geogr\u00e0fica.<\/li>\r\n<li><b><\/b><strong><b>Dades de navegaci\u00f3:<\/b><\/strong>Adre\u00e7a IP i patrons d&#8217;\u00fas del lloc web (Per a m\u00e9s informaci\u00f3, consulti la nostra Pol\u00edtica de Cookies).<\/li>\r\n<li><b><\/b><strong><b>Altres dades:<\/b><\/strong>Informaci\u00f3 addicional proporcionada per l\u2019usuari en el camp &#8220;Comentaris&#8221; del formulari.<\/li>\r\n<\/ul>\r\n\r\n<p>&nbsp;<\/p>\r\n\r\n<p>Li demanem que no envi\u00ef dades personals sensibles o informaci\u00f3 de tercers sense el seu consentiment expl\u00edcit a trav\u00e9s del formulari web o mitjan\u00e7ant cap correu electr\u00f2nic proporcionat en aquest lloc web.<\/p>\r\n\r\n\r\n\r\n<div class=\"wp-block-spacer\" style=\"height: 15px;\" aria-hidden=\"true\">\u00a0<\/div>\r\n\r\n\r\n\r\n<h2 class=\"wp-block-heading\">\u00a0<\/h2>\r\n<h2 class=\"wp-block-heading\">4. DURANT QUANT DE TEMPS CONSERVEM LES SEVES DADES PERSONALS?<\/h2>\r\n\r\n\r\n\r\n<p>Les dades personals es conservaran durant els per\u00edodes seg\u00fcents:<\/p>\r\n<ul>\r\n<li><b><\/b><strong><b>Gesti\u00f3 de sol\u00b7licituds i consultes:<\/b><\/strong>Fins a resoldre la consulta i per un m\u00e0xim de 12 mesos.<\/li>\r\n<li><b><\/b><strong><b>Suggeriments i reclamacions:<\/b><\/strong>Durant el temps necessari per resoldre la q\u00fcesti\u00f3 i fins a 5 anys despr\u00e9s de la seva tramitaci\u00f3 (termini de prescripci\u00f3 d&#8217;accions civils potencials).<\/li>\r\n<li><b><\/b><strong><b>Dades de navegaci\u00f3:<\/b><\/strong>Segons la configuraci\u00f3 de cookies (Per a m\u00e9s informaci\u00f3, consulti la nostra Pol\u00edtica de Cookies).<\/li>\r\n<\/ul>\r\n\r\n\r\n\r\n<div class=\"wp-block-spacer\" style=\"height: 15px;\" aria-hidden=\"true\">\u00a0<\/div>\r\n\r\n\r\n\r\n<h2 class=\"wp-block-heading\">\u00a0<\/h2>\r\n<h2 class=\"wp-block-heading\">5. A QUI COMUNIQUEM LES SEVES DADES PERSONALS?<\/h2>\r\n\r\n\r\n\r\n<p>No cedirem les seves dades personals a tercers fora del Grup CLECE, excepte si \u00e9s necessari per obligaci\u00f3 legal o per a la prestaci\u00f3 de serveis amb prove\u00efdors contractats, com ara:<\/p>\r\n<ul>\r\n<li><b><\/b><strong><b>Prove\u00efdors tecnol\u00f2gics:<\/b><\/strong>Plataformes d&#8217;allotjament i manteniment web.<\/li>\r\n<li><b><\/b><strong><b>Autoritats i organismes p\u00fablics:<\/b><\/strong>Quan la llei ho requereixi.<\/li>\r\n<\/ul>\r\n\r\n\r\n\r\n<p>En cas de serveis amb prove\u00efdors fora de l\u2019Espai Econ\u00f2mic Europeu (EEE), garantim que compleixin amb les garanties adequades per a la protecci\u00f3 de les dades personals.<\/p>\r\n\r\n\r\n\r\n<p>A m\u00e9s, la nostra companyia t\u00e9 pres\u00e8ncia a xarxes socials (Facebook, Twitter, YouTube, LinkedIn). Quan interactu\u00ef amb els nostres perfils, li recomanem que revisi les seves pol\u00edtiques de privacitat.<\/p>\r\n\r\n\r\n\r\n<div class=\"wp-block-spacer\" style=\"height: 15px;\" aria-hidden=\"true\">\u00a0<\/div>\r\n\r\n\r\n\r\n<h2 class=\"wp-block-heading\">\u00a0<\/h2>\r\n<h2 class=\"wp-block-heading\">6. COM PROTEGIM LES SEVES DADES PERSONALS?<\/h2>\r\n\r\n\r\n\r\n<p>Apliquem mesures t\u00e8cniques i organitzatives adequades per garantir la seguretat de les seves dades personals, evitant accessos no autoritzats, p\u00e8rdues o alteracions.<\/p>\r\n\r\n\r\n\r\n<div class=\"wp-block-spacer\" style=\"height: 15px;\" aria-hidden=\"true\">\u00a0<\/div>\r\n\r\n\r\n\r\n<h2 class=\"wp-block-heading\">\u00a0<\/h2>\r\n<h2 class=\"wp-block-heading\">7. QUINS S\u00d3N ELS SEUS DRETS I COM ELS POT EXERCIR?<\/h2>\r\n\r\n\r\n\r\n<p>Vost\u00e8 t\u00e9 dret a:<\/p>\r\n<ul>\r\n<li><b><\/b><strong><b>Acc\u00e9s:<\/b><\/strong>Obtenir confirmaci\u00f3 sobre si estem tractant les seves dades personals i accedir-hi.<\/li>\r\n<li><b><\/b><strong><b>Rectificaci\u00f3:<\/b><\/strong>Sol\u00b7licitar la modificaci\u00f3 de dades inexactes o incompletes.<\/li>\r\n<li><b><\/b><strong><b>Supressi\u00f3 (Dret a l\u2019oblit):<\/b><\/strong>Sol\u00b7licitar l&#8217;eliminaci\u00f3 de les seves dades personals quan ja no siguin necess\u00e0ries per als fins per als quals es van recopilar.<\/li>\r\n<li><b><\/b><strong><b>Limitaci\u00f3 del tractament:<\/b><\/strong>Restringir el tractament de les seves dades en determinades circumst\u00e0ncies.<\/li>\r\n<li><b><\/b><strong><b>Oposici\u00f3:<\/b><\/strong>Negar-se al tractament de les seves dades per a finalitats espec\u00edfiques.<\/li>\r\n<li><b><\/b><strong><b>Portabilitat:<\/b><\/strong>Rebre les seves dades en un format estructurat, d&#8217;\u00fas com\u00fa i llegible per m\u00e0quina o sol\u00b7licitar la seva transfer\u00e8ncia a un altre responsable.<\/li>\r\n<\/ul>\r\n\r\n\r\n\r\n<p>Per exercir aquests drets, envieu un correu a\u00a0<a href=\"mailto:rgpd-cleceseguridad@cleceseguridad.com\">rgpd-cleceseguridad@cleceseguridad.com<\/a> amb l&#8217;assumpte &#8220;Exercici de Drets de Protecci\u00f3 de Dades&#8221;.<\/p>\r\n\r\n\r\n\r\n<p>Si considera que els seus drets no han estat adequadament atesos, pot presentar una reclamaci\u00f3 davant l&#8217;Ag\u00e8ncia Espanyola de Protecci\u00f3 de Dades (AEPD) (C\/ Jorge Juan, 6, 28001 Madrid o\u00a0<a href=\"www.aepd.es\" target=\"_blank\" rel=\"noopener\">www.aepd.es<\/a>).<\/p>\r\n\r\n\r\n\r\n<h2>\u00a0<\/h2>\r\n<h2 class=\"wp-block-heading\">8. ACTUALITZACIONS D&#8217;AQUESTA POL\u00cdTICA DE PRIVACITAT<\/h2>\r\n\r\n\r\n\r\n<p>L\u2019empresa pot actualitzar aquesta pol\u00edtica de privacitat per reflectir canvis en la normativa o en les seves pr\u00e0ctiques de tractament de dades. Es recomana revisar-la peri\u00f2dicament.<\/p>\r\n","protected":false},"excerpt":{"rendered":"<p>POL\u00cdTICA DE PRIVACITAT 1. QUI \u00c9S EL RESPONSABLE DEL TRACTAMENT DE LES SEVES DADES PERSONALS? 2. AMB QUINA FINALITAT I SOBRE QUINA BASE LEGAL TRACTEM LES SEVES DADES PERSONALS? Mitjan\u00e7ant aquest lloc web, recopilem dades personals a trav\u00e9s del formulari de contacte per a les seg\u00fcents finalitats: Gesti\u00f3 de sol\u00b7licituds d&#8217;informaci\u00f3 i contacte: Recopilar i [&hellip;]<\/p>\n","protected":false},"author":1,"featured_media":0,"parent":0,"menu_order":0,"comment_status":"closed","ping_status":"closed","template":"template-pages\/politica-privacidad.php","meta":{"_acf_changed":false,"footnotes":""},"class_list":["post-1958","page","type-page","status-publish","hentry"],"acf":[],"yoast_head":"<!-- This site is optimized with the Yoast SEO plugin v27.6 - https:\/\/yoast.com\/product\/yoast-seo-wordpress\/ -->\n<title>Pol\u00edtica de privacitat | Clece Seguridad<\/title>\n<meta name=\"description\" content=\"Coneix la nostra pol\u00edtica de privacitat, amb estrictes mesures de seguretat i confidencialitat. Coneix com gestionem i salvaguardem la teva informaci\u00f3\" \/>\n<meta name=\"robots\" content=\"index, follow, max-snippet:-1, max-image-preview:large, max-video-preview:-1\" \/>\n<link rel=\"canonical\" href=\"https:\/\/cleceseguridad.com\/ca\/politica-privadesa\/\" \/>\n<meta property=\"og:locale\" content=\"en_US\" \/>\n<meta property=\"og:type\" content=\"article\" \/>\n<meta property=\"og:title\" content=\"Pol\u00edtica de privacitat | Clece Seguridad\" \/>\n<meta property=\"og:description\" content=\"Coneix la nostra pol\u00edtica de privacitat, amb estrictes mesures de seguretat i confidencialitat. Coneix com gestionem i salvaguardem la teva informaci\u00f3\" \/>\n<meta property=\"og:url\" content=\"https:\/\/cleceseguridad.com\/ca\/politica-privadesa\/\" \/>\n<meta property=\"og:site_name\" content=\"Clece\" \/>\n<meta property=\"article:modified_time\" content=\"2025-09-02T14:58:32+00:00\" \/>\n<meta name=\"twitter:card\" content=\"summary_large_image\" \/>\n<meta name=\"twitter:label1\" content=\"Est. reading time\" \/>\n\t<meta name=\"twitter:data1\" content=\"4 minutes\" \/>\n<script type=\"application\/ld+json\" class=\"yoast-schema-graph\">{\"@context\":\"https:\\\/\\\/schema.org\",\"@graph\":[{\"@type\":\"WebPage\",\"@id\":\"https:\\\/\\\/cleceseguridad.com\\\/ca\\\/politica-privadesa\\\/\",\"url\":\"https:\\\/\\\/cleceseguridad.com\\\/ca\\\/politica-privadesa\\\/\",\"name\":\"Pol\u00edtica de privacitat | Clece Seguridad\",\"isPartOf\":{\"@id\":\"https:\\\/\\\/cleceseguridad.com\\\/#website\"},\"datePublished\":\"2023-06-16T08:37:31+00:00\",\"dateModified\":\"2025-09-02T14:58:32+00:00\",\"description\":\"Coneix la nostra pol\u00edtica de privacitat, amb estrictes mesures de seguretat i confidencialitat. Coneix com gestionem i salvaguardem la teva informaci\u00f3\",\"breadcrumb\":{\"@id\":\"https:\\\/\\\/cleceseguridad.com\\\/ca\\\/politica-privadesa\\\/#breadcrumb\"},\"inLanguage\":\"ca-CA\",\"potentialAction\":[{\"@type\":\"ReadAction\",\"target\":[\"https:\\\/\\\/cleceseguridad.com\\\/ca\\\/politica-privadesa\\\/\"]}]},{\"@type\":\"BreadcrumbList\",\"@id\":\"https:\\\/\\\/cleceseguridad.com\\\/ca\\\/politica-privadesa\\\/#breadcrumb\",\"itemListElement\":[{\"@type\":\"ListItem\",\"position\":1,\"name\":\"Inicio\",\"item\":\"https:\\\/\\\/cleceseguridad.com\\\/ca\\\/\"},{\"@type\":\"ListItem\",\"position\":2,\"name\":\"Pol\u00edtica de privadesa\"}]},{\"@type\":\"WebSite\",\"@id\":\"https:\\\/\\\/cleceseguridad.com\\\/#website\",\"url\":\"https:\\\/\\\/cleceseguridad.com\\\/\",\"name\":\"Clece\",\"description\":\"\",\"potentialAction\":[{\"@type\":\"SearchAction\",\"target\":{\"@type\":\"EntryPoint\",\"urlTemplate\":\"https:\\\/\\\/cleceseguridad.com\\\/?s={search_term_string}\"},\"query-input\":{\"@type\":\"PropertyValueSpecification\",\"valueRequired\":true,\"valueName\":\"search_term_string\"}}],\"inLanguage\":\"ca-CA\"}]}<\/script>\n<!-- \/ Yoast SEO plugin. -->","yoast_head_json":{"title":"Pol\u00edtica de privacitat | Clece Seguridad","description":"Coneix la nostra pol\u00edtica de privacitat, amb estrictes mesures de seguretat i confidencialitat. Coneix com gestionem i salvaguardem la teva informaci\u00f3","robots":{"index":"index","follow":"follow","max-snippet":"max-snippet:-1","max-image-preview":"max-image-preview:large","max-video-preview":"max-video-preview:-1"},"canonical":"https:\/\/cleceseguridad.com\/ca\/politica-privadesa\/","og_locale":"en_US","og_type":"article","og_title":"Pol\u00edtica de privacitat | Clece Seguridad","og_description":"Coneix la nostra pol\u00edtica de privacitat, amb estrictes mesures de seguretat i confidencialitat. Coneix com gestionem i salvaguardem la teva informaci\u00f3","og_url":"https:\/\/cleceseguridad.com\/ca\/politica-privadesa\/","og_site_name":"Clece","article_modified_time":"2025-09-02T14:58:32+00:00","twitter_card":"summary_large_image","twitter_misc":{"Est. reading time":"4 minutes"},"schema":{"@context":"https:\/\/schema.org","@graph":[{"@type":"WebPage","@id":"https:\/\/cleceseguridad.com\/ca\/politica-privadesa\/","url":"https:\/\/cleceseguridad.com\/ca\/politica-privadesa\/","name":"Pol\u00edtica de privacitat | Clece Seguridad","isPartOf":{"@id":"https:\/\/cleceseguridad.com\/#website"},"datePublished":"2023-06-16T08:37:31+00:00","dateModified":"2025-09-02T14:58:32+00:00","description":"Coneix la nostra pol\u00edtica de privacitat, amb estrictes mesures de seguretat i confidencialitat. Coneix com gestionem i salvaguardem la teva informaci\u00f3","breadcrumb":{"@id":"https:\/\/cleceseguridad.com\/ca\/politica-privadesa\/#breadcrumb"},"inLanguage":"ca-CA","potentialAction":[{"@type":"ReadAction","target":["https:\/\/cleceseguridad.com\/ca\/politica-privadesa\/"]}]},{"@type":"BreadcrumbList","@id":"https:\/\/cleceseguridad.com\/ca\/politica-privadesa\/#breadcrumb","itemListElement":[{"@type":"ListItem","position":1,"name":"Inicio","item":"https:\/\/cleceseguridad.com\/ca\/"},{"@type":"ListItem","position":2,"name":"Pol\u00edtica de privadesa"}]},{"@type":"WebSite","@id":"https:\/\/cleceseguridad.com\/#website","url":"https:\/\/cleceseguridad.com\/","name":"Clece","description":"","potentialAction":[{"@type":"SearchAction","target":{"@type":"EntryPoint","urlTemplate":"https:\/\/cleceseguridad.com\/?s={search_term_string}"},"query-input":{"@type":"PropertyValueSpecification","valueRequired":true,"valueName":"search_term_string"}}],"inLanguage":"ca-CA"}]}},"_links":{"self":[{"href":"https:\/\/cleceseguridad.com\/ca\/wp-json\/wp\/v2\/pages\/1958","targetHints":{"allow":["GET"]}}],"collection":[{"href":"https:\/\/cleceseguridad.com\/ca\/wp-json\/wp\/v2\/pages"}],"about":[{"href":"https:\/\/cleceseguridad.com\/ca\/wp-json\/wp\/v2\/types\/page"}],"author":[{"embeddable":true,"href":"https:\/\/cleceseguridad.com\/ca\/wp-json\/wp\/v2\/users\/1"}],"replies":[{"embeddable":true,"href":"https:\/\/cleceseguridad.com\/ca\/wp-json\/wp\/v2\/comments?post=1958"}],"version-history":[{"count":19,"href":"https:\/\/cleceseguridad.com\/ca\/wp-json\/wp\/v2\/pages\/1958\/revisions"}],"predecessor-version":[{"id":5745,"href":"https:\/\/cleceseguridad.com\/ca\/wp-json\/wp\/v2\/pages\/1958\/revisions\/5745"}],"wp:attachment":[{"href":"https:\/\/cleceseguridad.com\/ca\/wp-json\/wp\/v2\/media?parent=1958"}],"curies":[{"name":"wp","href":"https:\/\/api.w.org\/{rel}","templated":true}]}}