{"id":1948,"date":"2023-06-19T18:38:53","date_gmt":"2023-06-19T18:38:53","guid":{"rendered":"https:\/\/cleceseguridad.com\/politica-de-privacidad-canal-etico\/"},"modified":"2025-07-31T07:44:57","modified_gmt":"2025-07-31T07:44:57","slug":"politica-privadesa-canal-etic","status":"publish","type":"page","link":"https:\/\/cleceseguridad.com\/ca\/politica-privadesa-canal-etic\/","title":{"rendered":"Pol\u00edtica de Privadesa del Canal \u00c8tic"},"content":{"rendered":"\r\n<div class=\"wp-block-spacer\" style=\"height: 25px;\" aria-hidden=\"true\">\u00a0<\/div>\r\n\r\n\r\n\r\n<h1 class=\"wp-block-heading\">Pol\u00edtica de Privadesa del Canal \u00c8tic<\/h1>\r\n\r\n\r\n\r\n<div class=\"wp-block-spacer\" style=\"height: 25px;\" aria-hidden=\"true\">\u00a0<\/div>\r\n\r\n\r\n\r\n<h2 class=\"wp-block-heading\">Qui \u00e9s el Responsable del Tractament de les seves dades?<\/h2>\r\n\r\n\r\n\r\n<figure class=\"wp-block-table\">\r\n<table>\r\n<tbody>\r\n<tr>\r\n<td>Identitat:<\/td>\r\n<td>CLECE SEGURIDAD S.A.U. (d\u2019ara endavant, la \u00abCompanyia\u00bb)<\/td>\r\n<\/tr>\r\n<tr>\r\n<td>CIF:<\/td>\r\n<td>A86340098<\/td>\r\n<\/tr>\r\n<tr>\r\n<td>Adre\u00e7a postal:<\/td>\r\n<td>Av. V\u00eda L\u00e1ctea, 1, 28830, San Fernando de Henares (Madrid)<\/td>\r\n<\/tr>\r\n<tr>\r\n<td>Delegat de Protecci\u00f3 de Dades:<\/td>\r\n<td>Vost\u00e8 pot contactar amb el Delegat de Protecci\u00f3 de Dades en el correu electr\u00f2nic <a href=\"mailto:rgpd-cleceseguridad@cleceseguridad.com\">rgpd-cleceseguridad@cleceseguridad.com<\/a><\/td>\r\n<\/tr>\r\n<\/tbody>\r\n<\/table>\r\n<\/figure>\r\n\r\n\r\n\r\n<h2 class=\"wp-block-heading\"><span lang=\"ca-ES\">Amb quina finalitat i sota quina base legitimadora tractem les seves dades personals?<\/span><\/h2>\r\n\r\n\r\n\r\n<p>Les dades seran tractades amb la finalitat de gestionar les informacions relatives al fet de cometre irregularitats o infraccions penals i administratives greus o molt greus o actes contraris a l\u2019\u00e8tica, la legalitat o les normes corporatives de la Companyia i dur a terme les actuacions necess\u00e0ries per a la investigaci\u00f3 dels fets denunciats, incloses, si escau, les mesures disciplin\u00e0ries o legals que poguessin correspondre.<br \/>\u00a0<\/p>\r\n<p>Les dades seran tractades aplicant la m\u00e9s estricta confidencialitat i no seran utilitzades per a cap altra finalitat diferent de la indicada. En particular, en el cas d\u2019identificaci\u00f3, es garantir\u00e0 la confidencialitat de la persona que hagu\u00e9s posat els fets en coneixement de la Companyia.<\/p>\r\n\r\n\r\n\r\n<p>&nbsp;<\/p>\r\n\r\n\r\n\r\n<h2 class=\"wp-block-heading\">Quin \u00e9s la legitimaci\u00f3 per al tractament de les seves dades?<\/h2>\r\n\r\n\r\n\r\n<p><span lang=\"ca-ES\">La base jur\u00eddica del tractament \u00e9s el compliment de l\u2019obligaci\u00f3 legal de la Companyia conforme a la Llei 2\/2023, de 20 de febrer, reguladora de la protecci\u00f3 de les persones que informin sobre infraccions normatives i de lluita contra la corrupci\u00f3.<br \/>\u00a0<br \/>El tractament de les seves dades personals \u00e9s estrictament necessari per gestionar el Canal \u00c8tic i donar compliment a les esmentades obligacions legals.<\/span><\/p>\r\n\r\n\r\n\r\n<h2 class=\"wp-block-heading\">Durant quant de temps conservarem les seves dades?<\/h2>\r\n\r\n\r\n\r\n<p><span lang=\"ca-ES\">Les dades que siguin objecte de tractament es conservaran en el sistema d\u2019informaci\u00f3 durant el temps imprescindible per decidir sobre si escau iniciar una recerca sobre els fets informats, aix\u00ed com per evidenciar el funcionament correcte del sistema.<\/span><\/p>\r\n<p align=\"justify\"><span lang=\"ca-ES\">No obstant aix\u00f2, s\u2019atendr\u00e0, en tot cas, als terminis disposats en la Llei 2\/2023, de 20 de febrer, reguladora de la protecci\u00f3 de les persones que informin sobre infraccions normatives i de lluita contra la corrupci\u00f3.<\/span><\/p>\r\n\r\n\r\n\r\n<p>&nbsp;<\/p>\r\n\r\n\r\n\r\n<h2 class=\"wp-block-heading\">A quins destinataris es comunicaran les seves dades?<\/h2>\r\n\r\n\r\n\r\n<p><span lang=\"ca-ES\">Les dades podrien comunicar-se a altres destinataris quan sigui necessari en el marc de la investigaci\u00f3 d\u2019uns fets concrets, com ara investigadors \/ detectius privats i assessors externs, aix\u00ed com advocats i procuradors per a la tramitaci\u00f3 dels procediments sancionadors o penals que escaiguin.<\/span><\/p>\r\n<p align=\"justify\"><span lang=\"ca-ES\">Les dades tamb\u00e9 podran ser comunicades al Ministeri Fiscal, les forces i cossos de seguretat, aix\u00ed com a autoritats judicials o administratives quan sigui pertinent o necessari.<\/span><\/p>\r\n\r\n\r\n\r\n<p>&nbsp;<\/p>\r\n\r\n\r\n\r\n<h2 class=\"wp-block-heading\">Quins s\u00f3n els seus drets?<\/h2>\r\n\r\n\r\n\r\n<p><span lang=\"ca-ES\">Pot sol\u00b7licitar a la Companyia confirmaci\u00f3 sobre si les seves dades personals estan sent tractades en el marc de la gesti\u00f3 del Canal \u00c8tic i, en cas afirmatiu, accedir-hi i sol\u00b7licitar-ne una c\u00f2pia d\u2019aquests. Aix\u00ed mateix, pot sol\u00b7licitar la rectificaci\u00f3 de les dades inexactes o, si escau, sol\u00b7licitar la seva supressi\u00f3 quan, entre altres motius, les dades ja no siguin necess\u00e0ries per a les finalitats per a les quals es van recollir.<\/span><\/p>\r\n<p align=\"justify\"><span lang=\"ca-ES\">Tingui en compte que en tot cas s\u2019exclour\u00e0 del dret d\u2019acc\u00e9s la identitat de qualsevol persona informant altres tercers implicats. Tamb\u00e9 podr\u00e0 limitar-se l\u2019exercici del dret d\u2019acc\u00e9s quan pugui posar en perill o incidir, directament o indirectament, en el curs d\u2019una investigaci\u00f3.<\/span><\/p>\r\n<p align=\"justify\"><span lang=\"ca-ES\">En el cas que la persona a la qual es refereixin els fets relatats en la comunicaci\u00f3 o a la qual es refereixi la revelaci\u00f3 p\u00fablica exerc\u00eds el dret d\u2019oposici\u00f3, es presumir\u00e0 que, excepte prova en contrari, existeixen motius leg\u00edtims imperiosos que legitimen el tractament de les seves dades personals.<\/span><\/p>\r\n<p align=\"justify\"><span lang=\"ca-ES\">Per exercir els drets citats, haur\u00e0 d\u2019adre\u00e7ar una comunicaci\u00f3 escrita o electr\u00f2nica les adreces de contacte facilitades en el primer ep\u00edgraf d\u2019aquesta pol\u00edtica.<\/span><\/p>\r\n<p align=\"justify\"><span lang=\"ca-ES\">Finalment, se l\u2019informa del seu dret a presentar una reclamaci\u00f3 davant l\u2019Ag\u00e8ncia Espanyola de Protecci\u00f3 de Dades.<\/span><\/p>\r\n","protected":false},"excerpt":{"rendered":"<p>Pol\u00edtica de Privadesa del Canal \u00c8tic Qui \u00e9s el Responsable del Tractament de les seves dades? Identitat: CLECE SEGURIDAD S.A.U. (d\u2019ara endavant, la \u00abCompanyia\u00bb) CIF: A86340098 Adre\u00e7a postal: Av. V\u00eda L\u00e1ctea, 1, 28830, San Fernando de Henares (Madrid) Delegat de Protecci\u00f3 de Dades: Vost\u00e8 pot contactar amb el Delegat de Protecci\u00f3 de Dades en el [&hellip;]<\/p>\n","protected":false},"author":2,"featured_media":0,"parent":0,"menu_order":0,"comment_status":"closed","ping_status":"closed","template":"template-pages\/politica-privacidad.php","meta":{"_acf_changed":false,"footnotes":""},"class_list":["post-1948","page","type-page","status-publish","hentry"],"acf":[],"yoast_head":"<!-- This site is optimized with the Yoast SEO plugin v27.3 - https:\/\/yoast.com\/product\/yoast-seo-wordpress\/ -->\n<title>Pol\u00edtica de privacitat del Canal \u00c8tic | Clece Seguridad<\/title>\n<meta name=\"description\" content=\"Coneix la nostra pol\u00edtica de privacitat del Canal \u00c8tic, amb estrictes mesures de seguretat i confidencialitat. Coneix com gestionem la teva informaci\u00f3\" \/>\n<meta name=\"robots\" content=\"index, follow, max-snippet:-1, max-image-preview:large, max-video-preview:-1\" \/>\n<link rel=\"canonical\" href=\"https:\/\/cleceseguridad.com\/ca\/politica-privadesa-canal-etic\/\" \/>\n<meta property=\"og:locale\" content=\"en_US\" \/>\n<meta property=\"og:type\" content=\"article\" \/>\n<meta property=\"og:title\" content=\"Pol\u00edtica de privacitat del Canal \u00c8tic | Clece Seguridad\" \/>\n<meta property=\"og:description\" content=\"Coneix la nostra pol\u00edtica de privacitat del Canal \u00c8tic, amb estrictes mesures de seguretat i confidencialitat. Coneix com gestionem la teva informaci\u00f3\" \/>\n<meta property=\"og:url\" content=\"https:\/\/cleceseguridad.com\/ca\/politica-privadesa-canal-etic\/\" \/>\n<meta property=\"og:site_name\" content=\"Clece\" \/>\n<meta property=\"article:modified_time\" content=\"2025-07-31T07:44:57+00:00\" \/>\n<meta name=\"twitter:card\" content=\"summary_large_image\" \/>\n<meta name=\"twitter:label1\" content=\"Est. reading time\" \/>\n\t<meta name=\"twitter:data1\" content=\"3 minutes\" \/>\n<script type=\"application\/ld+json\" class=\"yoast-schema-graph\">{\"@context\":\"https:\\\/\\\/schema.org\",\"@graph\":[{\"@type\":\"WebPage\",\"@id\":\"https:\\\/\\\/cleceseguridad.com\\\/ca\\\/politica-privadesa-canal-etic\\\/\",\"url\":\"https:\\\/\\\/cleceseguridad.com\\\/ca\\\/politica-privadesa-canal-etic\\\/\",\"name\":\"Pol\u00edtica de privacitat del Canal \u00c8tic | Clece Seguridad\",\"isPartOf\":{\"@id\":\"https:\\\/\\\/cleceseguridad.com\\\/#website\"},\"datePublished\":\"2023-06-19T18:38:53+00:00\",\"dateModified\":\"2025-07-31T07:44:57+00:00\",\"description\":\"Coneix la nostra pol\u00edtica de privacitat del Canal \u00c8tic, amb estrictes mesures de seguretat i confidencialitat. Coneix com gestionem la teva informaci\u00f3\",\"breadcrumb\":{\"@id\":\"https:\\\/\\\/cleceseguridad.com\\\/ca\\\/politica-privadesa-canal-etic\\\/#breadcrumb\"},\"inLanguage\":\"ca-CA\",\"potentialAction\":[{\"@type\":\"ReadAction\",\"target\":[\"https:\\\/\\\/cleceseguridad.com\\\/ca\\\/politica-privadesa-canal-etic\\\/\"]}]},{\"@type\":\"BreadcrumbList\",\"@id\":\"https:\\\/\\\/cleceseguridad.com\\\/ca\\\/politica-privadesa-canal-etic\\\/#breadcrumb\",\"itemListElement\":[{\"@type\":\"ListItem\",\"position\":1,\"name\":\"Inicio\",\"item\":\"https:\\\/\\\/cleceseguridad.com\\\/ca\\\/\"},{\"@type\":\"ListItem\",\"position\":2,\"name\":\"Pol\u00edtica de Privadesa del Canal \u00c8tic\"}]},{\"@type\":\"WebSite\",\"@id\":\"https:\\\/\\\/cleceseguridad.com\\\/#website\",\"url\":\"https:\\\/\\\/cleceseguridad.com\\\/\",\"name\":\"Clece\",\"description\":\"\",\"potentialAction\":[{\"@type\":\"SearchAction\",\"target\":{\"@type\":\"EntryPoint\",\"urlTemplate\":\"https:\\\/\\\/cleceseguridad.com\\\/?s={search_term_string}\"},\"query-input\":{\"@type\":\"PropertyValueSpecification\",\"valueRequired\":true,\"valueName\":\"search_term_string\"}}],\"inLanguage\":\"ca-CA\"}]}<\/script>\n<!-- \/ Yoast SEO plugin. -->","yoast_head_json":{"title":"Pol\u00edtica de privacitat del Canal \u00c8tic | Clece Seguridad","description":"Coneix la nostra pol\u00edtica de privacitat del Canal \u00c8tic, amb estrictes mesures de seguretat i confidencialitat. Coneix com gestionem la teva informaci\u00f3","robots":{"index":"index","follow":"follow","max-snippet":"max-snippet:-1","max-image-preview":"max-image-preview:large","max-video-preview":"max-video-preview:-1"},"canonical":"https:\/\/cleceseguridad.com\/ca\/politica-privadesa-canal-etic\/","og_locale":"en_US","og_type":"article","og_title":"Pol\u00edtica de privacitat del Canal \u00c8tic | Clece Seguridad","og_description":"Coneix la nostra pol\u00edtica de privacitat del Canal \u00c8tic, amb estrictes mesures de seguretat i confidencialitat. Coneix com gestionem la teva informaci\u00f3","og_url":"https:\/\/cleceseguridad.com\/ca\/politica-privadesa-canal-etic\/","og_site_name":"Clece","article_modified_time":"2025-07-31T07:44:57+00:00","twitter_card":"summary_large_image","twitter_misc":{"Est. reading time":"3 minutes"},"schema":{"@context":"https:\/\/schema.org","@graph":[{"@type":"WebPage","@id":"https:\/\/cleceseguridad.com\/ca\/politica-privadesa-canal-etic\/","url":"https:\/\/cleceseguridad.com\/ca\/politica-privadesa-canal-etic\/","name":"Pol\u00edtica de privacitat del Canal \u00c8tic | Clece Seguridad","isPartOf":{"@id":"https:\/\/cleceseguridad.com\/#website"},"datePublished":"2023-06-19T18:38:53+00:00","dateModified":"2025-07-31T07:44:57+00:00","description":"Coneix la nostra pol\u00edtica de privacitat del Canal \u00c8tic, amb estrictes mesures de seguretat i confidencialitat. Coneix com gestionem la teva informaci\u00f3","breadcrumb":{"@id":"https:\/\/cleceseguridad.com\/ca\/politica-privadesa-canal-etic\/#breadcrumb"},"inLanguage":"ca-CA","potentialAction":[{"@type":"ReadAction","target":["https:\/\/cleceseguridad.com\/ca\/politica-privadesa-canal-etic\/"]}]},{"@type":"BreadcrumbList","@id":"https:\/\/cleceseguridad.com\/ca\/politica-privadesa-canal-etic\/#breadcrumb","itemListElement":[{"@type":"ListItem","position":1,"name":"Inicio","item":"https:\/\/cleceseguridad.com\/ca\/"},{"@type":"ListItem","position":2,"name":"Pol\u00edtica de Privadesa del Canal \u00c8tic"}]},{"@type":"WebSite","@id":"https:\/\/cleceseguridad.com\/#website","url":"https:\/\/cleceseguridad.com\/","name":"Clece","description":"","potentialAction":[{"@type":"SearchAction","target":{"@type":"EntryPoint","urlTemplate":"https:\/\/cleceseguridad.com\/?s={search_term_string}"},"query-input":{"@type":"PropertyValueSpecification","valueRequired":true,"valueName":"search_term_string"}}],"inLanguage":"ca-CA"}]}},"_links":{"self":[{"href":"https:\/\/cleceseguridad.com\/ca\/wp-json\/wp\/v2\/pages\/1948","targetHints":{"allow":["GET"]}}],"collection":[{"href":"https:\/\/cleceseguridad.com\/ca\/wp-json\/wp\/v2\/pages"}],"about":[{"href":"https:\/\/cleceseguridad.com\/ca\/wp-json\/wp\/v2\/types\/page"}],"author":[{"embeddable":true,"href":"https:\/\/cleceseguridad.com\/ca\/wp-json\/wp\/v2\/users\/2"}],"replies":[{"embeddable":true,"href":"https:\/\/cleceseguridad.com\/ca\/wp-json\/wp\/v2\/comments?post=1948"}],"version-history":[{"count":8,"href":"https:\/\/cleceseguridad.com\/ca\/wp-json\/wp\/v2\/pages\/1948\/revisions"}],"predecessor-version":[{"id":5702,"href":"https:\/\/cleceseguridad.com\/ca\/wp-json\/wp\/v2\/pages\/1948\/revisions\/5702"}],"wp:attachment":[{"href":"https:\/\/cleceseguridad.com\/ca\/wp-json\/wp\/v2\/media?parent=1948"}],"curies":[{"name":"wp","href":"https:\/\/api.w.org\/{rel}","templated":true}]}}