{"id":1059,"date":"2023-06-08T10:45:22","date_gmt":"2023-06-08T10:45:22","guid":{"rendered":"https:\/\/cleceseguridad.com\/solvencia-certificaciones\/"},"modified":"2026-02-02T09:59:09","modified_gmt":"2026-02-02T09:59:09","slug":"solvencia-certificacions","status":"publish","type":"page","link":"https:\/\/cleceseguridad.com\/ca\/qui-som\/solvencia-certificacions\/","title":{"rendered":"Solv\u00e8ncia. Certificacions"},"content":{"rendered":"","protected":false},"excerpt":{"rendered":"","protected":false},"author":1,"featured_media":0,"parent":1051,"menu_order":0,"comment_status":"closed","ping_status":"closed","template":"template-pages\/solvencia-certificaciones.php","meta":{"_acf_changed":false,"footnotes":""},"class_list":["post-1059","page","type-page","status-publish","hentry"],"acf":[],"yoast_head":"<!-- This site is optimized with the Yoast SEO plugin v27.3 - https:\/\/yoast.com\/product\/yoast-seo-wordpress\/ -->\n<title>Solv\u00e8ncia i certificacions Clece Seguridad | Clece Seguridad<\/title>\n<meta name=\"description\" content=\"La solv\u00e8ncia i certificacions de Clece Seguretat s\u00f3n el reflex d&#039;un rigor\u00f3s compliment de la legislaci\u00f3. La nostra qualitat, la teva seguretat\" \/>\n<meta name=\"robots\" content=\"index, follow, max-snippet:-1, max-image-preview:large, max-video-preview:-1\" \/>\n<link rel=\"canonical\" href=\"https:\/\/cleceseguridad.com\/ca\/qui-som\/solvencia-certificacions\/\" \/>\n<meta property=\"og:locale\" content=\"en_US\" \/>\n<meta property=\"og:type\" content=\"article\" \/>\n<meta property=\"og:title\" content=\"Solv\u00e8ncia i certificacions Clece Seguridad | Clece Seguridad\" \/>\n<meta property=\"og:description\" content=\"La solv\u00e8ncia i certificacions de Clece Seguretat s\u00f3n el reflex d&#039;un rigor\u00f3s compliment de la legislaci\u00f3. La nostra qualitat, la teva seguretat\" \/>\n<meta property=\"og:url\" content=\"https:\/\/cleceseguridad.com\/ca\/qui-som\/solvencia-certificacions\/\" \/>\n<meta property=\"og:site_name\" content=\"Clece\" \/>\n<meta property=\"article:modified_time\" content=\"2026-02-02T09:59:09+00:00\" \/>\n<meta name=\"twitter:card\" content=\"summary_large_image\" \/>\n<script type=\"application\/ld+json\" class=\"yoast-schema-graph\">{\"@context\":\"https:\\\/\\\/schema.org\",\"@graph\":[{\"@type\":\"WebPage\",\"@id\":\"https:\\\/\\\/cleceseguridad.com\\\/ca\\\/qui-som\\\/solvencia-certificacions\\\/\",\"url\":\"https:\\\/\\\/cleceseguridad.com\\\/ca\\\/qui-som\\\/solvencia-certificacions\\\/\",\"name\":\"Solv\u00e8ncia i certificacions Clece Seguridad | Clece Seguridad\",\"isPartOf\":{\"@id\":\"https:\\\/\\\/cleceseguridad.com\\\/#website\"},\"datePublished\":\"2023-06-08T10:45:22+00:00\",\"dateModified\":\"2026-02-02T09:59:09+00:00\",\"description\":\"La solv\u00e8ncia i certificacions de Clece Seguretat s\u00f3n el reflex d'un rigor\u00f3s compliment de la legislaci\u00f3. La nostra qualitat, la teva seguretat\",\"breadcrumb\":{\"@id\":\"https:\\\/\\\/cleceseguridad.com\\\/ca\\\/qui-som\\\/solvencia-certificacions\\\/#breadcrumb\"},\"inLanguage\":\"ca-CA\",\"potentialAction\":[{\"@type\":\"ReadAction\",\"target\":[\"https:\\\/\\\/cleceseguridad.com\\\/ca\\\/qui-som\\\/solvencia-certificacions\\\/\"]}]},{\"@type\":\"BreadcrumbList\",\"@id\":\"https:\\\/\\\/cleceseguridad.com\\\/ca\\\/qui-som\\\/solvencia-certificacions\\\/#breadcrumb\",\"itemListElement\":[{\"@type\":\"ListItem\",\"position\":1,\"name\":\"Inicio\",\"item\":\"https:\\\/\\\/cleceseguridad.com\\\/ca\\\/\"},{\"@type\":\"ListItem\",\"position\":2,\"name\":\"Qui som?\",\"item\":\"https:\\\/\\\/cleceseguridad.com\\\/ca\\\/qui-som\\\/\"},{\"@type\":\"ListItem\",\"position\":3,\"name\":\"Solv\u00e8ncia. Certificacions\"}]},{\"@type\":\"WebSite\",\"@id\":\"https:\\\/\\\/cleceseguridad.com\\\/#website\",\"url\":\"https:\\\/\\\/cleceseguridad.com\\\/\",\"name\":\"Clece\",\"description\":\"\",\"potentialAction\":[{\"@type\":\"SearchAction\",\"target\":{\"@type\":\"EntryPoint\",\"urlTemplate\":\"https:\\\/\\\/cleceseguridad.com\\\/?s={search_term_string}\"},\"query-input\":{\"@type\":\"PropertyValueSpecification\",\"valueRequired\":true,\"valueName\":\"search_term_string\"}}],\"inLanguage\":\"ca-CA\"}]}<\/script>\n<!-- \/ Yoast SEO plugin. -->","yoast_head_json":{"title":"Solv\u00e8ncia i certificacions Clece Seguridad | Clece Seguridad","description":"La solv\u00e8ncia i certificacions de Clece Seguretat s\u00f3n el reflex d'un rigor\u00f3s compliment de la legislaci\u00f3. La nostra qualitat, la teva seguretat","robots":{"index":"index","follow":"follow","max-snippet":"max-snippet:-1","max-image-preview":"max-image-preview:large","max-video-preview":"max-video-preview:-1"},"canonical":"https:\/\/cleceseguridad.com\/ca\/qui-som\/solvencia-certificacions\/","og_locale":"en_US","og_type":"article","og_title":"Solv\u00e8ncia i certificacions Clece Seguridad | Clece Seguridad","og_description":"La solv\u00e8ncia i certificacions de Clece Seguretat s\u00f3n el reflex d'un rigor\u00f3s compliment de la legislaci\u00f3. La nostra qualitat, la teva seguretat","og_url":"https:\/\/cleceseguridad.com\/ca\/qui-som\/solvencia-certificacions\/","og_site_name":"Clece","article_modified_time":"2026-02-02T09:59:09+00:00","twitter_card":"summary_large_image","schema":{"@context":"https:\/\/schema.org","@graph":[{"@type":"WebPage","@id":"https:\/\/cleceseguridad.com\/ca\/qui-som\/solvencia-certificacions\/","url":"https:\/\/cleceseguridad.com\/ca\/qui-som\/solvencia-certificacions\/","name":"Solv\u00e8ncia i certificacions Clece Seguridad | Clece Seguridad","isPartOf":{"@id":"https:\/\/cleceseguridad.com\/#website"},"datePublished":"2023-06-08T10:45:22+00:00","dateModified":"2026-02-02T09:59:09+00:00","description":"La solv\u00e8ncia i certificacions de Clece Seguretat s\u00f3n el reflex d'un rigor\u00f3s compliment de la legislaci\u00f3. La nostra qualitat, la teva seguretat","breadcrumb":{"@id":"https:\/\/cleceseguridad.com\/ca\/qui-som\/solvencia-certificacions\/#breadcrumb"},"inLanguage":"ca-CA","potentialAction":[{"@type":"ReadAction","target":["https:\/\/cleceseguridad.com\/ca\/qui-som\/solvencia-certificacions\/"]}]},{"@type":"BreadcrumbList","@id":"https:\/\/cleceseguridad.com\/ca\/qui-som\/solvencia-certificacions\/#breadcrumb","itemListElement":[{"@type":"ListItem","position":1,"name":"Inicio","item":"https:\/\/cleceseguridad.com\/ca\/"},{"@type":"ListItem","position":2,"name":"Qui som?","item":"https:\/\/cleceseguridad.com\/ca\/qui-som\/"},{"@type":"ListItem","position":3,"name":"Solv\u00e8ncia. Certificacions"}]},{"@type":"WebSite","@id":"https:\/\/cleceseguridad.com\/#website","url":"https:\/\/cleceseguridad.com\/","name":"Clece","description":"","potentialAction":[{"@type":"SearchAction","target":{"@type":"EntryPoint","urlTemplate":"https:\/\/cleceseguridad.com\/?s={search_term_string}"},"query-input":{"@type":"PropertyValueSpecification","valueRequired":true,"valueName":"search_term_string"}}],"inLanguage":"ca-CA"}]}},"_links":{"self":[{"href":"https:\/\/cleceseguridad.com\/ca\/wp-json\/wp\/v2\/pages\/1059","targetHints":{"allow":["GET"]}}],"collection":[{"href":"https:\/\/cleceseguridad.com\/ca\/wp-json\/wp\/v2\/pages"}],"about":[{"href":"https:\/\/cleceseguridad.com\/ca\/wp-json\/wp\/v2\/types\/page"}],"author":[{"embeddable":true,"href":"https:\/\/cleceseguridad.com\/ca\/wp-json\/wp\/v2\/users\/1"}],"replies":[{"embeddable":true,"href":"https:\/\/cleceseguridad.com\/ca\/wp-json\/wp\/v2\/comments?post=1059"}],"version-history":[{"count":63,"href":"https:\/\/cleceseguridad.com\/ca\/wp-json\/wp\/v2\/pages\/1059\/revisions"}],"predecessor-version":[{"id":7485,"href":"https:\/\/cleceseguridad.com\/ca\/wp-json\/wp\/v2\/pages\/1059\/revisions\/7485"}],"up":[{"embeddable":true,"href":"https:\/\/cleceseguridad.com\/ca\/wp-json\/wp\/v2\/pages\/1051"}],"wp:attachment":[{"href":"https:\/\/cleceseguridad.com\/ca\/wp-json\/wp\/v2\/media?parent=1059"}],"curies":[{"name":"wp","href":"https:\/\/api.w.org\/{rel}","templated":true}]}}