{"id":1057,"date":"2023-05-23T11:47:27","date_gmt":"2023-05-23T11:47:27","guid":{"rendered":"https:\/\/cleceseguridad.com\/servicios\/videovigilancia\/"},"modified":"2025-03-14T13:30:27","modified_gmt":"2025-03-14T13:30:27","slug":"videovigilancia","status":"publish","type":"page","link":"https:\/\/cleceseguridad.com\/ca\/serveis\/sistemes-centralitzats-seguretat\/videovigilancia\/","title":{"rendered":"Videovigil\u00e0ncia"},"content":{"rendered":"","protected":false},"excerpt":{"rendered":"","protected":false},"author":2,"featured_media":0,"parent":396,"menu_order":0,"comment_status":"closed","ping_status":"closed","template":"template-pages\/servicios-detalle.php","meta":{"_acf_changed":false,"footnotes":""},"class_list":["post-1057","page","type-page","status-publish","hentry"],"acf":[],"yoast_head":"<!-- This site is optimized with the Yoast SEO plugin v27.3 - https:\/\/yoast.com\/product\/yoast-seo-wordpress\/ -->\n<title>Servei de videovigil\u00e0ncia | Clece Seguridad<\/title>\n<meta name=\"description\" content=\"Coneix el nostre servei de videovigil\u00e0ncia, amb control d&#039;accessos remot i perimetral de seguretat per v\u00eddeo, detecci\u00f3 de moviments i m\u00e9s\" \/>\n<meta name=\"robots\" content=\"index, follow, max-snippet:-1, max-image-preview:large, max-video-preview:-1\" \/>\n<link rel=\"canonical\" href=\"https:\/\/cleceseguridad.com\/ca\/serveis\/sistemes-centralitzats-seguretat\/videovigilancia\/\" \/>\n<meta property=\"og:locale\" content=\"en_US\" \/>\n<meta property=\"og:type\" content=\"article\" \/>\n<meta property=\"og:title\" content=\"Servei de videovigil\u00e0ncia | Clece Seguridad\" \/>\n<meta property=\"og:description\" content=\"Coneix el nostre servei de videovigil\u00e0ncia, amb control d&#039;accessos remot i perimetral de seguretat per v\u00eddeo, detecci\u00f3 de moviments i m\u00e9s\" \/>\n<meta property=\"og:url\" content=\"https:\/\/cleceseguridad.com\/ca\/serveis\/sistemes-centralitzats-seguretat\/videovigilancia\/\" \/>\n<meta property=\"og:site_name\" content=\"Clece\" \/>\n<meta property=\"article:modified_time\" content=\"2025-03-14T13:30:27+00:00\" \/>\n<meta name=\"twitter:card\" content=\"summary_large_image\" \/>\n<script type=\"application\/ld+json\" class=\"yoast-schema-graph\">{\"@context\":\"https:\\\/\\\/schema.org\",\"@graph\":[{\"@type\":\"WebPage\",\"@id\":\"https:\\\/\\\/cleceseguridad.com\\\/ca\\\/serveis\\\/sistemes-centralitzats-seguretat\\\/videovigilancia\\\/\",\"url\":\"https:\\\/\\\/cleceseguridad.com\\\/ca\\\/serveis\\\/sistemes-centralitzats-seguretat\\\/videovigilancia\\\/\",\"name\":\"Servei de videovigil\u00e0ncia | Clece Seguridad\",\"isPartOf\":{\"@id\":\"https:\\\/\\\/cleceseguridad.com\\\/#website\"},\"datePublished\":\"2023-05-23T11:47:27+00:00\",\"dateModified\":\"2025-03-14T13:30:27+00:00\",\"description\":\"Coneix el nostre servei de videovigil\u00e0ncia, amb control d'accessos remot i perimetral de seguretat per v\u00eddeo, detecci\u00f3 de moviments i m\u00e9s\",\"breadcrumb\":{\"@id\":\"https:\\\/\\\/cleceseguridad.com\\\/ca\\\/serveis\\\/sistemes-centralitzats-seguretat\\\/videovigilancia\\\/#breadcrumb\"},\"inLanguage\":\"ca-CA\",\"potentialAction\":[{\"@type\":\"ReadAction\",\"target\":[\"https:\\\/\\\/cleceseguridad.com\\\/ca\\\/serveis\\\/sistemes-centralitzats-seguretat\\\/videovigilancia\\\/\"]}]},{\"@type\":\"BreadcrumbList\",\"@id\":\"https:\\\/\\\/cleceseguridad.com\\\/ca\\\/serveis\\\/sistemes-centralitzats-seguretat\\\/videovigilancia\\\/#breadcrumb\",\"itemListElement\":[{\"@type\":\"ListItem\",\"position\":1,\"name\":\"Inicio\",\"item\":\"https:\\\/\\\/cleceseguridad.com\\\/ca\\\/\"},{\"@type\":\"ListItem\",\"position\":2,\"name\":\"Serveis\",\"item\":\"https:\\\/\\\/cleceseguridad.com\\\/ca\\\/serveis\\\/\"},{\"@type\":\"ListItem\",\"position\":3,\"name\":\"Sistemes Centralitzats de Seguretat\",\"item\":\"https:\\\/\\\/cleceseguridad.com\\\/ca\\\/serveis\\\/sistemes-centralitzats-seguretat\\\/\"},{\"@type\":\"ListItem\",\"position\":4,\"name\":\"Videovigil\u00e0ncia\"}]},{\"@type\":\"WebSite\",\"@id\":\"https:\\\/\\\/cleceseguridad.com\\\/#website\",\"url\":\"https:\\\/\\\/cleceseguridad.com\\\/\",\"name\":\"Clece\",\"description\":\"\",\"potentialAction\":[{\"@type\":\"SearchAction\",\"target\":{\"@type\":\"EntryPoint\",\"urlTemplate\":\"https:\\\/\\\/cleceseguridad.com\\\/?s={search_term_string}\"},\"query-input\":{\"@type\":\"PropertyValueSpecification\",\"valueRequired\":true,\"valueName\":\"search_term_string\"}}],\"inLanguage\":\"ca-CA\"}]}<\/script>\n<!-- \/ Yoast SEO plugin. -->","yoast_head_json":{"title":"Servei de videovigil\u00e0ncia | Clece Seguridad","description":"Coneix el nostre servei de videovigil\u00e0ncia, amb control d'accessos remot i perimetral de seguretat per v\u00eddeo, detecci\u00f3 de moviments i m\u00e9s","robots":{"index":"index","follow":"follow","max-snippet":"max-snippet:-1","max-image-preview":"max-image-preview:large","max-video-preview":"max-video-preview:-1"},"canonical":"https:\/\/cleceseguridad.com\/ca\/serveis\/sistemes-centralitzats-seguretat\/videovigilancia\/","og_locale":"en_US","og_type":"article","og_title":"Servei de videovigil\u00e0ncia | Clece Seguridad","og_description":"Coneix el nostre servei de videovigil\u00e0ncia, amb control d'accessos remot i perimetral de seguretat per v\u00eddeo, detecci\u00f3 de moviments i m\u00e9s","og_url":"https:\/\/cleceseguridad.com\/ca\/serveis\/sistemes-centralitzats-seguretat\/videovigilancia\/","og_site_name":"Clece","article_modified_time":"2025-03-14T13:30:27+00:00","twitter_card":"summary_large_image","schema":{"@context":"https:\/\/schema.org","@graph":[{"@type":"WebPage","@id":"https:\/\/cleceseguridad.com\/ca\/serveis\/sistemes-centralitzats-seguretat\/videovigilancia\/","url":"https:\/\/cleceseguridad.com\/ca\/serveis\/sistemes-centralitzats-seguretat\/videovigilancia\/","name":"Servei de videovigil\u00e0ncia | Clece Seguridad","isPartOf":{"@id":"https:\/\/cleceseguridad.com\/#website"},"datePublished":"2023-05-23T11:47:27+00:00","dateModified":"2025-03-14T13:30:27+00:00","description":"Coneix el nostre servei de videovigil\u00e0ncia, amb control d'accessos remot i perimetral de seguretat per v\u00eddeo, detecci\u00f3 de moviments i m\u00e9s","breadcrumb":{"@id":"https:\/\/cleceseguridad.com\/ca\/serveis\/sistemes-centralitzats-seguretat\/videovigilancia\/#breadcrumb"},"inLanguage":"ca-CA","potentialAction":[{"@type":"ReadAction","target":["https:\/\/cleceseguridad.com\/ca\/serveis\/sistemes-centralitzats-seguretat\/videovigilancia\/"]}]},{"@type":"BreadcrumbList","@id":"https:\/\/cleceseguridad.com\/ca\/serveis\/sistemes-centralitzats-seguretat\/videovigilancia\/#breadcrumb","itemListElement":[{"@type":"ListItem","position":1,"name":"Inicio","item":"https:\/\/cleceseguridad.com\/ca\/"},{"@type":"ListItem","position":2,"name":"Serveis","item":"https:\/\/cleceseguridad.com\/ca\/serveis\/"},{"@type":"ListItem","position":3,"name":"Sistemes Centralitzats de Seguretat","item":"https:\/\/cleceseguridad.com\/ca\/serveis\/sistemes-centralitzats-seguretat\/"},{"@type":"ListItem","position":4,"name":"Videovigil\u00e0ncia"}]},{"@type":"WebSite","@id":"https:\/\/cleceseguridad.com\/#website","url":"https:\/\/cleceseguridad.com\/","name":"Clece","description":"","potentialAction":[{"@type":"SearchAction","target":{"@type":"EntryPoint","urlTemplate":"https:\/\/cleceseguridad.com\/?s={search_term_string}"},"query-input":{"@type":"PropertyValueSpecification","valueRequired":true,"valueName":"search_term_string"}}],"inLanguage":"ca-CA"}]}},"_links":{"self":[{"href":"https:\/\/cleceseguridad.com\/ca\/wp-json\/wp\/v2\/pages\/1057","targetHints":{"allow":["GET"]}}],"collection":[{"href":"https:\/\/cleceseguridad.com\/ca\/wp-json\/wp\/v2\/pages"}],"about":[{"href":"https:\/\/cleceseguridad.com\/ca\/wp-json\/wp\/v2\/types\/page"}],"author":[{"embeddable":true,"href":"https:\/\/cleceseguridad.com\/ca\/wp-json\/wp\/v2\/users\/2"}],"replies":[{"embeddable":true,"href":"https:\/\/cleceseguridad.com\/ca\/wp-json\/wp\/v2\/comments?post=1057"}],"version-history":[{"count":10,"href":"https:\/\/cleceseguridad.com\/ca\/wp-json\/wp\/v2\/pages\/1057\/revisions"}],"predecessor-version":[{"id":5526,"href":"https:\/\/cleceseguridad.com\/ca\/wp-json\/wp\/v2\/pages\/1057\/revisions\/5526"}],"up":[{"embeddable":true,"href":"https:\/\/cleceseguridad.com\/ca\/wp-json\/wp\/v2\/pages\/396"}],"wp:attachment":[{"href":"https:\/\/cleceseguridad.com\/ca\/wp-json\/wp\/v2\/media?parent=1057"}],"curies":[{"name":"wp","href":"https:\/\/api.w.org\/{rel}","templated":true}]}}